{"id":100,"date":"2015-01-27T23:51:00","date_gmt":"2015-01-27T23:51:00","guid":{"rendered":"http:\/\/aizu.barakaldo.eus\/?page_id=100"},"modified":"2018-03-02T08:34:15","modified_gmt":"2018-03-02T07:34:15","slug":"priva-alcohol","status":"publish","type":"page","link":"https:\/\/aizu.barakaldo.eus\/es\/drogas\/priva-alcohol\/","title":{"rendered":"Alcohol"},"content":{"rendered":"<p><strong>\u00bfQU\u00c9 ES?<\/strong><\/p>\n<p>Es una sustancia depresora cuyo principal componente es el etanol.<br \/>\nEs la droga m\u00e1s consumida y aceptada socialmente.<\/p>\n<p><strong>FASES<\/strong> (pinchar en la imagen para ver fases)<\/p>\n<p><a href=\"http:\/\/aizu.barakaldo.eus\/wp-content\/uploads\/2015\/01\/efectos_linea1.gif\"><img loading=\"lazy\" decoding=\"async\" class=\"alignnone size-medium wp-image-71\" src=\"http:\/\/aizu.barakaldo.eus\/wp-content\/uploads\/2015\/01\/efectos_linea1-300x106.gif\" alt=\"efectos_linea\" width=\"300\" height=\"106\" srcset=\"https:\/\/aizu.barakaldo.eus\/wp-content\/uploads\/2015\/01\/efectos_linea1-300x106.gif 300w, https:\/\/aizu.barakaldo.eus\/wp-content\/uploads\/2015\/01\/efectos_linea1-1024x361.gif 1024w\" sizes=\"(max-width: 300px) 100vw, 300px\" \/><\/a><\/p>\n<p>PUNTILLO: euforia, risa f\u00e1cil, exaltaci\u00f3n de la amistad, sensaci\u00f3n de seguridad, lentitud de reflejos y en la capacidad de reacci\u00f3n&#8230;<br \/>\nPEDO: habla pastosa, visi\u00f3n doble, somnolencia, caminar torpe&#8230; Puede darse agresividad, mareos, n\u00e1useas y vomitos.<br \/>\nCOMA ET\u00cdLICO: p\u00e9rdida de consciencia y de reflejos y en ocasiones coma o parada cardiorrespiratoria.<\/p>\n<p><strong>RIESGOS<\/strong><\/p>\n<p>En las primeras fases se aumentan las peleas, agresiones o los accidentes por falta de coordinaci\u00f3n o de reflejos. El consumo excesivo y continuado de alcohol perjudica al h\u00edgado, al p\u00e1ncreas y<br \/>\nal est\u00f3mago.<\/p>\n<p><strong>RIESGO DE MEZCLAR ALCOHOL CON CANNABIS<\/strong><strong><a href=\"http:\/\/aizu.barakaldo.eus\/wp-content\/uploads\/2015\/01\/mareo.jpeg\"><img loading=\"lazy\" decoding=\"async\" class=\" size-full wp-image-480 alignright\" src=\"http:\/\/aizu.barakaldo.eus\/wp-content\/uploads\/2015\/01\/mareo.jpeg\" alt=\"mareo\" width=\"263\" height=\"192\" srcset=\"https:\/\/aizu.barakaldo.eus\/wp-content\/uploads\/2015\/01\/mareo.jpeg 263w, https:\/\/aizu.barakaldo.eus\/wp-content\/uploads\/2015\/01\/mareo-100x73.jpeg 100w, https:\/\/aizu.barakaldo.eus\/wp-content\/uploads\/2015\/01\/mareo-53x39.jpeg 53w\" sizes=\"(max-width: 263px) 100vw, 263px\" \/><\/a><\/strong><\/p>\n<p>V\u00f3mitos<br \/>\nBajada de tensi\u00f3n<br \/>\nBlanc\u00f3n<br \/>\nP\u00e9rdida de fuerzas<\/p>\n<p><strong>SI BEBES&#8230;<\/strong><\/p>\n<p>Come algo antes de empezar a beber.<br \/>\nBebe tragos peque\u00f1os, no de golpe.<br \/>\nNo mezcles bebidas de diferente graduaci\u00f3n.<br \/>\nAntes de salir de casa, piensa como vas a volver.<br \/>\nDespu\u00e9s de una parranda, no sigas bebiendo. Dale tregua a tu h\u00edgado. Antes de irte a la cama, bebe agua, para que est\u00e9s mejor al d\u00eda siguiente.<br \/>\nHazlo porque quieres; no para ser mejor, m\u00e1s enrollado, mas rebelde&#8230;<br \/>\nDe vez en cuando haz un descanso.<br \/>\nRespeta a los amigos que no beben.<br \/>\nNo te subas a un coche si el conductor ha bebido.<br \/>\nEl alcohol no se elimina antes por tomar caf\u00e9, ducharse con agua fr\u00eda, vomitar o hacer ejercicio; as\u00ed que ten paciencia.<br \/>\nAnte una borrachera con p\u00e9rdida de conocimiento llama al 112.<\/p>\n<p><strong>SI UN AMIGO SE EMBORRACHA&#8230;<\/strong><\/p>\n<p>Aunque le dejes en casa, no le dejes solo, d\u00edselo a alguien.<br \/>\nNo le obligues a vomitar, se puede ahogar.<strong><a href=\"http:\/\/aizu.barakaldo.eus\/wp-content\/uploads\/2015\/01\/ambulancia-112.jpg\"><img loading=\"lazy\" decoding=\"async\" class=\" size-full wp-image-482 alignright\" src=\"http:\/\/aizu.barakaldo.eus\/wp-content\/uploads\/2015\/01\/ambulancia-112.jpg\" alt=\"ambulancia 112\" width=\"240\" height=\"164\" srcset=\"https:\/\/aizu.barakaldo.eus\/wp-content\/uploads\/2015\/01\/ambulancia-112.jpg 240w, https:\/\/aizu.barakaldo.eus\/wp-content\/uploads\/2015\/01\/ambulancia-112-100x68.jpg 100w, https:\/\/aizu.barakaldo.eus\/wp-content\/uploads\/2015\/01\/ambulancia-112-53x36.jpg 53w\" sizes=\"(max-width: 240px) 100vw, 240px\" \/><\/a><\/strong><br \/>\nNo discutas en el momento, no vale de nada. Al d\u00eda siguiente dile que te ha estropeado la noche.<br \/>\nSi est\u00e1 muy borracho ay\u00fadales a que no se quede dormido.<br \/>\nCalienta a tu amigo, intenta que no pase fr\u00edo.<br \/>\nSi ha perdido el conocimiento, llama a emergencias.<\/p>\n<!-- AddThis Advanced Settings generic via filter on the_content --><!-- AddThis Share Buttons generic via filter on the_content -->","protected":false},"excerpt":{"rendered":"<p>\u00bfQU\u00c9 ES? Es una sustancia depresora cuyo principal componente es el etanol. Es la droga m\u00e1s consumida y aceptada socialmente. FASES (pinchar en la imagen para ver fases) PUNTILLO: euforia, risa f\u00e1cil, exaltaci\u00f3n de la amistad, sensaci\u00f3n de seguridad, lentitud de reflejos y en la capacidad de reacci\u00f3n&#8230; PEDO: habla pastosa, visi\u00f3n doble, somnolencia, caminar [&hellip;]<!-- AddThis Advanced Settings generic via filter on get_the_excerpt --><!-- AddThis Share Buttons generic via filter on get_the_excerpt --><\/p>\n","protected":false},"author":5,"featured_media":4534,"parent":204,"menu_order":1,"comment_status":"closed","ping_status":"closed","template":"","meta":{"_mc_calendar":[],"footnotes":""},"categories":[],"tags":[],"_links":{"self":[{"href":"https:\/\/aizu.barakaldo.eus\/es\/wp-json\/wp\/v2\/pages\/100"}],"collection":[{"href":"https:\/\/aizu.barakaldo.eus\/es\/wp-json\/wp\/v2\/pages"}],"about":[{"href":"https:\/\/aizu.barakaldo.eus\/es\/wp-json\/wp\/v2\/types\/page"}],"author":[{"embeddable":true,"href":"https:\/\/aizu.barakaldo.eus\/es\/wp-json\/wp\/v2\/users\/5"}],"replies":[{"embeddable":true,"href":"https:\/\/aizu.barakaldo.eus\/es\/wp-json\/wp\/v2\/comments?post=100"}],"version-history":[{"count":28,"href":"https:\/\/aizu.barakaldo.eus\/es\/wp-json\/wp\/v2\/pages\/100\/revisions"}],"predecessor-version":[{"id":3922,"href":"https:\/\/aizu.barakaldo.eus\/es\/wp-json\/wp\/v2\/pages\/100\/revisions\/3922"}],"up":[{"embeddable":true,"href":"https:\/\/aizu.barakaldo.eus\/es\/wp-json\/wp\/v2\/pages\/204"}],"wp:featuredmedia":[{"embeddable":true,"href":"https:\/\/aizu.barakaldo.eus\/es\/wp-json\/wp\/v2\/media\/4534"}],"wp:attachment":[{"href":"https:\/\/aizu.barakaldo.eus\/es\/wp-json\/wp\/v2\/media?parent=100"}],"wp:term":[{"taxonomy":"category","embeddable":true,"href":"https:\/\/aizu.barakaldo.eus\/es\/wp-json\/wp\/v2\/categories?post=100"},{"taxonomy":"post_tag","embeddable":true,"href":"https:\/\/aizu.barakaldo.eus\/es\/wp-json\/wp\/v2\/tags?post=100"}],"curies":[{"name":"wp","href":"https:\/\/api.w.org\/{rel}","templated":true}]}}