{"id":1141,"date":"2015-03-30T09:07:03","date_gmt":"2015-03-30T09:07:03","guid":{"rendered":"http:\/\/aizu.barakaldo.eus\/?page_id=1141"},"modified":"2018-01-03T13:25:45","modified_gmt":"2018-01-03T12:25:45","slug":"tipos-de-riesgos","status":"publish","type":"page","link":"https:\/\/aizu.barakaldo.eus\/es\/adicciones-sin-sustancias\/redes-sociales\/tipos-de-riesgos\/","title":{"rendered":"Tipos de riesgos"},"content":{"rendered":"<p>&nbsp;<\/p>\n<ul>\n<li><strong>Ciberbullying<\/strong><a href=\"http:\/\/aizu.barakaldo.eus\/wp-content\/uploads\/2015\/02\/whatsapp.bmp\"><img loading=\"lazy\" decoding=\"async\" class=\"  wp-image-602 alignright\" src=\"http:\/\/aizu.barakaldo.eus\/wp-content\/uploads\/2015\/02\/whatsapp.bmp\" alt=\"whatsapp\" width=\"116\" height=\"204\" \/><\/a><\/li>\n<\/ul>\n<p>\u00bfHas ofendido o insultado a algui\u00e9n a trav\u00e9s de las redes sociales?<\/p>\n<p>Aunque pienses que es un tema sin importancia, puede tratarse<\/p>\n<p>de un delito penal as\u00ed que TEN CUIDADO con los mensajes que<\/p>\n<p>env\u00edas a trav\u00e9s de las redes sociales.<\/p>\n<p>&nbsp;<\/p>\n<p>&nbsp;<\/p>\n<p>&nbsp;<\/p>\n<ul>\n<li><strong>Grooming<\/strong><\/li>\n<\/ul>\n<p>\u00bfAlguna vez has aceptado a un desconocido y te has dado cuenta de que ment\u00eda sobre su edad? \u00bfTe ha pedido tu direcci\u00f3n o que le env\u00edes alguna foto?<br \/>\n<a href=\"http:\/\/aizu.barakaldo.eus\/wp-content\/uploads\/2015\/02\/grooming.jpeg\"><img loading=\"lazy\" decoding=\"async\" class=\"alignnone size-full wp-image-597\" src=\"http:\/\/aizu.barakaldo.eus\/wp-content\/uploads\/2015\/02\/grooming.jpeg\" alt=\"grooming\" width=\"266\" height=\"189\" srcset=\"https:\/\/aizu.barakaldo.eus\/wp-content\/uploads\/2015\/02\/grooming.jpeg 266w, https:\/\/aizu.barakaldo.eus\/wp-content\/uploads\/2015\/02\/grooming-100x71.jpeg 100w, https:\/\/aizu.barakaldo.eus\/wp-content\/uploads\/2015\/02\/grooming-53x38.jpeg 53w\" sizes=\"(max-width: 266px) 100vw, 266px\" \/><\/a><\/p>\n<p>El grooming ocurre cuando una persona mayor de edad se hace pasar por otra para ganarse tu confianza con fines sexuales.<\/p>\n<p>&nbsp;<\/p>\n<p>&nbsp;<\/p>\n<p>&nbsp;<\/p>\n<ul>\n<li><strong>Sexting<\/strong><\/li>\n<\/ul>\n<p>\u00bfHas enviado fotos subiditas de tono a alg\u00fan amig@ o a tu pareja alguna vez? \u00bfY en bikini?<\/p>\n<p><a href=\"http:\/\/muhimu.es\/comunidad\/subir-fotos-internet\/\"> Pincha aqu\u00ed y ver\u00e1s lo que puede ocurrirte.<\/a><\/p>\n<p><a href=\"http:\/\/aizu.barakaldo.eus\/wp-content\/uploads\/2015\/02\/sexting.jpeg\"><img loading=\"lazy\" decoding=\"async\" class=\"alignnone size-medium wp-image-599\" src=\"http:\/\/aizu.barakaldo.eus\/wp-content\/uploads\/2015\/02\/sexting-300x150.jpeg\" alt=\"sexting\" width=\"300\" height=\"150\" srcset=\"https:\/\/aizu.barakaldo.eus\/wp-content\/uploads\/2015\/02\/sexting-300x150.jpeg 300w, https:\/\/aizu.barakaldo.eus\/wp-content\/uploads\/2015\/02\/sexting-100x50.jpeg 100w, https:\/\/aizu.barakaldo.eus\/wp-content\/uploads\/2015\/02\/sexting-53x27.jpeg 53w, https:\/\/aizu.barakaldo.eus\/wp-content\/uploads\/2015\/02\/sexting.jpeg 317w\" sizes=\"(max-width: 300px) 100vw, 300px\" \/><\/a><\/p>\n<p>Que sepas que es ilegal poseerlas ya que se considera producci\u00f3n de pornograf\u00eda infantil. Si la tienes en tu m\u00f3vil puede que no pase nada pero en el momento en que la env\u00edas o te la roban, si la persona que la recibe es mayor de edad estar\u00eda cometiendo un delito.<\/p>\n<p>&nbsp;<\/p>\n<p>&nbsp;<\/p>\n<p>&nbsp;<\/p>\n<p>&nbsp;<\/p>\n<ul>\n<li><strong>Uso Abusivo<\/strong><\/li>\n<\/ul>\n<p>\u00bfEstas pendiente del m\u00f3vil a todas horas? \u00bfDejas de hacer otras cosas por estar conectad@? \u00bfTienes m\u00e1s suspensos que antes?<\/p>\n<p>Tal vez te parezca lo normal pero sin darte cuenta, te est\u00e1s perdiendo un mont\u00f3n de cosas&#8230; Est\u00e1 muy bien que est\u00e9s al d\u00eda pero \u00e1ndate al loro porque esto tambi\u00e9n engancha.<\/p>\n<!-- AddThis Advanced Settings generic via filter on the_content --><!-- AddThis Share Buttons generic via filter on the_content -->","protected":false},"excerpt":{"rendered":"<p>&nbsp; Ciberbullying \u00bfHas ofendido o insultado a algui\u00e9n a trav\u00e9s de las redes sociales? Aunque pienses que es un tema sin importancia, puede tratarse de un delito penal as\u00ed que TEN CUIDADO con los mensajes que env\u00edas a trav\u00e9s de las redes sociales. &nbsp; &nbsp; &nbsp; Grooming \u00bfAlguna vez has aceptado a un desconocido y [&hellip;]<!-- AddThis Advanced Settings generic via filter on get_the_excerpt --><!-- AddThis Share Buttons generic via filter on get_the_excerpt --><\/p>\n","protected":false},"author":5,"featured_media":597,"parent":541,"menu_order":0,"comment_status":"closed","ping_status":"closed","template":"","meta":{"_mc_calendar":[],"footnotes":""},"categories":[],"tags":[],"_links":{"self":[{"href":"https:\/\/aizu.barakaldo.eus\/es\/wp-json\/wp\/v2\/pages\/1141"}],"collection":[{"href":"https:\/\/aizu.barakaldo.eus\/es\/wp-json\/wp\/v2\/pages"}],"about":[{"href":"https:\/\/aizu.barakaldo.eus\/es\/wp-json\/wp\/v2\/types\/page"}],"author":[{"embeddable":true,"href":"https:\/\/aizu.barakaldo.eus\/es\/wp-json\/wp\/v2\/users\/5"}],"replies":[{"embeddable":true,"href":"https:\/\/aizu.barakaldo.eus\/es\/wp-json\/wp\/v2\/comments?post=1141"}],"version-history":[{"count":8,"href":"https:\/\/aizu.barakaldo.eus\/es\/wp-json\/wp\/v2\/pages\/1141\/revisions"}],"predecessor-version":[{"id":3912,"href":"https:\/\/aizu.barakaldo.eus\/es\/wp-json\/wp\/v2\/pages\/1141\/revisions\/3912"}],"up":[{"embeddable":true,"href":"https:\/\/aizu.barakaldo.eus\/es\/wp-json\/wp\/v2\/pages\/541"}],"wp:featuredmedia":[{"embeddable":true,"href":"https:\/\/aizu.barakaldo.eus\/es\/wp-json\/wp\/v2\/media\/597"}],"wp:attachment":[{"href":"https:\/\/aizu.barakaldo.eus\/es\/wp-json\/wp\/v2\/media?parent=1141"}],"wp:term":[{"taxonomy":"category","embeddable":true,"href":"https:\/\/aizu.barakaldo.eus\/es\/wp-json\/wp\/v2\/categories?post=1141"},{"taxonomy":"post_tag","embeddable":true,"href":"https:\/\/aizu.barakaldo.eus\/es\/wp-json\/wp\/v2\/tags?post=1141"}],"curies":[{"name":"wp","href":"https:\/\/api.w.org\/{rel}","templated":true}]}}