{"id":1146,"date":"2015-03-30T09:10:44","date_gmt":"2015-03-30T09:10:44","guid":{"rendered":"http:\/\/aizu.barakaldo.eus\/?page_id=1146"},"modified":"2018-01-03T13:26:23","modified_gmt":"2018-01-03T12:26:23","slug":"recomendaciones","status":"publish","type":"page","link":"https:\/\/aizu.barakaldo.eus\/es\/adicciones-sin-sustancias\/redes-sociales\/recomendaciones\/","title":{"rendered":"Recomendaciones"},"content":{"rendered":"<p><\/p>\n<ul>\n<li><strong>Contrase\u00f1a o Patr\u00f3n para el m\u00f3vil<\/strong><a href=\"http:\/\/aizu.barakaldo.eus\/wp-content\/uploads\/2015\/02\/patron-movil.jpg\"><img loading=\"lazy\" decoding=\"async\" class=\"  wp-image-635 alignright\" src=\"http:\/\/aizu.barakaldo.eus\/wp-content\/uploads\/2015\/02\/patron-movil-180x300.jpg\" alt=\"patron movil\" width=\"149\" height=\"248\" srcset=\"https:\/\/aizu.barakaldo.eus\/wp-content\/uploads\/2015\/02\/patron-movil-180x300.jpg 180w, https:\/\/aizu.barakaldo.eus\/wp-content\/uploads\/2015\/02\/patron-movil-60x100.jpg 60w, https:\/\/aizu.barakaldo.eus\/wp-content\/uploads\/2015\/02\/patron-movil-32x53.jpg 32w, https:\/\/aizu.barakaldo.eus\/wp-content\/uploads\/2015\/02\/patron-movil.jpg 481w\" sizes=\"(max-width: 149px) 100vw, 149px\" \/><\/a><\/li>\n<\/ul>\n<p>&#8211; No se la des a nadie. Es algo privado<br \/>\n&#8211; Procura mezclar letras y n\u00fameros<br \/>\n&#8211; C\u00e1mbiala de vez en cuando<br \/>\n&#8211; Nunca dejes tu sesi\u00f3n abierta. Ci\u00e9rrala con seguridad<\/p>\n<p>&nbsp;<\/p>\n<p>&nbsp;<\/p>\n<ul>\n<li><strong>Webcam<\/strong><\/li>\n<\/ul>\n<p>&#8211; Tapa el visor SIEMPRE con una pegatina.<\/p>\n<p>&nbsp;<\/p>\n<p>&nbsp;<\/p>\n<ul>\n<li><strong>Privacidad<\/strong><\/li>\n<\/ul>\n<p>&#8211; Intenta no subir a la red datos sobre ti y tu vida privada o sobre otras personas (direcci\u00f3n, n\u00famero de tel\u00e9fono, rutinas, centro de estudios, lugar de vacaciones&#8230;). Hay personas que se aprovechan de esa informaci\u00f3n con malas intenciones.<br \/>\n&#8211; Configura tu perfil de manera responsable.<br \/>\n&#8211; Aseg\u00farate de que tienes permiso de los dem\u00e1s para subir fotos en las que apareces con otras personas.<br \/>\n&#8211; No subas fotos en actitud comprometida (con tu pareja, en mal estado, semidesnud@&#8230;) La huella digital puede hacer que te arrepientas para toda la vida.<\/p>\n<div data-carousel-extra='{\"blog_id\":1,\"permalink\":\"https:\\\/\\\/aizu.barakaldo.eus\\\/es\\\/adicciones-sin-sustancias\\\/redes-sociales\\\/recomendaciones\\\/\"}' class=\"tiled-gallery type-rectangular\" data-original-width=\"1032\"><div class=\"gallery-row\" style=\"width: 1027px; height: 476px;\"><div class=\"gallery-group images-1\" style=\"width: 353px; height: 480px;\"><div class=\"tiled-gallery-item tiled-gallery-item-large\"><a href=\"https:\/\/aizu.barakaldo.eus\/es\/privac2\/\"><img loading=\"lazy\" decoding=\"async\" data-attachment-id=\"736\" data-orig-file=\"https:\/\/aizu.barakaldo.eus\/wp-content\/uploads\/2015\/02\/privac2.png\" data-orig-size=\"496,676\" data-comments-opened=\"1\" data-image-meta=\"{&quot;aperture&quot;:&quot;0&quot;,&quot;credit&quot;:&quot;&quot;,&quot;camera&quot;:&quot;&quot;,&quot;caption&quot;:&quot;&quot;,&quot;created_timestamp&quot;:&quot;0&quot;,&quot;copyright&quot;:&quot;&quot;,&quot;focal_length&quot;:&quot;0&quot;,&quot;iso&quot;:&quot;0&quot;,&quot;shutter_speed&quot;:&quot;0&quot;,&quot;title&quot;:&quot;&quot;,&quot;orientation&quot;:&quot;0&quot;}\" data-image-title=\"Info. de cuenta\" data-image-description=\"\" data-medium-file=\"https:\/\/aizu.barakaldo.eus\/wp-content\/uploads\/2015\/02\/privac2-220x300.png\" data-large-file=\"https:\/\/aizu.barakaldo.eus\/wp-content\/uploads\/2015\/02\/privac2.png\" src=\"https:\/\/aizu.barakaldo.eus\/wp-content\/uploads\/2015\/02\/privac2-349x476.png\" width=\"349\" height=\"476\" align=\"left\" title=\"Info. de cuenta\" \/><\/a><\/div><\/div><div class=\"gallery-group images-1\" style=\"width: 329px; height: 480px;\"><div class=\"tiled-gallery-item tiled-gallery-item-large\"><a href=\"https:\/\/aizu.barakaldo.eus\/es\/privacid3\/\"><img loading=\"lazy\" decoding=\"async\" data-attachment-id=\"734\" data-orig-file=\"https:\/\/aizu.barakaldo.eus\/wp-content\/uploads\/2015\/02\/privacid3.png\" data-orig-size=\"550,807\" data-comments-opened=\"1\" data-image-meta=\"{&quot;aperture&quot;:&quot;0&quot;,&quot;credit&quot;:&quot;&quot;,&quot;camera&quot;:&quot;&quot;,&quot;caption&quot;:&quot;&quot;,&quot;created_timestamp&quot;:&quot;0&quot;,&quot;copyright&quot;:&quot;&quot;,&quot;focal_length&quot;:&quot;0&quot;,&quot;iso&quot;:&quot;0&quot;,&quot;shutter_speed&quot;:&quot;0&quot;,&quot;title&quot;:&quot;&quot;,&quot;orientation&quot;:&quot;0&quot;}\" data-image-title=\"Privacidad\" data-image-description=\"\" data-medium-file=\"https:\/\/aizu.barakaldo.eus\/wp-content\/uploads\/2015\/02\/privacid3-204x300.png\" data-large-file=\"https:\/\/aizu.barakaldo.eus\/wp-content\/uploads\/2015\/02\/privacid3.png\" src=\"https:\/\/aizu.barakaldo.eus\/wp-content\/uploads\/2015\/02\/privacid3-325x476.png\" width=\"325\" height=\"476\" align=\"left\" title=\"Privacidad\" \/><\/a><\/div><\/div><div class=\"gallery-group images-1\" style=\"width: 345px; height: 480px;\"><div class=\"tiled-gallery-item tiled-gallery-item-large\"><a href=\"https:\/\/aizu.barakaldo.eus\/es\/priv-1-2\/\"><img loading=\"lazy\" decoding=\"async\" data-attachment-id=\"737\" data-orig-file=\"https:\/\/aizu.barakaldo.eus\/wp-content\/uploads\/2015\/02\/priv.11.png\" data-orig-size=\"461,643\" data-comments-opened=\"1\" data-image-meta=\"{&quot;aperture&quot;:&quot;0&quot;,&quot;credit&quot;:&quot;&quot;,&quot;camera&quot;:&quot;&quot;,&quot;caption&quot;:&quot;&quot;,&quot;created_timestamp&quot;:&quot;0&quot;,&quot;copyright&quot;:&quot;&quot;,&quot;focal_length&quot;:&quot;0&quot;,&quot;iso&quot;:&quot;0&quot;,&quot;shutter_speed&quot;:&quot;0&quot;,&quot;title&quot;:&quot;&quot;,&quot;orientation&quot;:&quot;0&quot;}\" data-image-title=\"Ajustes\" data-image-description=\"\" data-medium-file=\"https:\/\/aizu.barakaldo.eus\/wp-content\/uploads\/2015\/02\/priv.11-215x300.png\" data-large-file=\"https:\/\/aizu.barakaldo.eus\/wp-content\/uploads\/2015\/02\/priv.11.png\" src=\"https:\/\/aizu.barakaldo.eus\/wp-content\/uploads\/2015\/02\/priv.11-341x476.png\" width=\"341\" height=\"476\" align=\"left\" title=\"Ajustes\" \/><\/a><\/div><\/div><\/div><\/div>\n<p>&nbsp;<\/p>\n<ul>\n<li><strong>Bloqueos<\/strong><\/li>\n<\/ul>\n<p>&#8211; Ya sabes que si alguien te molesta puedes bloquearlo.<br \/>\n&#8211; Si esnecesario, desetiqu\u00e9tate y bloquea la foto.<\/p>\n<p>&nbsp;<\/p>\n<p>&nbsp;<\/p>\n<ul>\n<li><strong>Fraudes<\/strong><\/li>\n<\/ul>\n<p>&#8211; No hagas caso si te llegan mensajes desde n\u00fameros extra\u00f1os. Bloqu\u00e9alos.<br \/>\n&#8211; <strong>No introduzcas tu n\u00famero de tel\u00e9fono<\/strong> para descargarte pelis, v\u00eddeos&#8230;Al introducir tu n\u00famero de movil, te dan de alta en un servicio de \u201cSMS PREMIUM\u201d y eres t\u00fa el que paga los mensajes que este servicio te envia. Algunos \u201cSMS PREMIUM\u201d valen hasta 7 \u20ac!!<br \/>\nTEN MUCHO CUIDADO!<br \/>\nPara cuando te das cuenta pagas 300 \u20ac de factura!!<br \/>\n&#8211; Instala un ANTIVIRUS y p\u00e1salo a menudo.<\/p>\n<!-- AddThis Advanced Settings generic via filter on the_content --><!-- AddThis Share Buttons generic via filter on the_content -->","protected":false},"excerpt":{"rendered":"<p>Contrase\u00f1a o Patr\u00f3n para el m\u00f3vil &#8211; No se la des a nadie. Es algo privado &#8211; Procura mezclar letras y n\u00fameros &#8211; C\u00e1mbiala de vez en cuando &#8211; Nunca dejes tu sesi\u00f3n abierta. Ci\u00e9rrala con seguridad &nbsp; &nbsp; Webcam &#8211; Tapa el visor SIEMPRE con una pegatina. &nbsp; &nbsp; Privacidad &#8211; Intenta no subir [&hellip;]<!-- AddThis Advanced Settings generic via filter on get_the_excerpt --><!-- AddThis Share Buttons generic via filter on get_the_excerpt --><\/p>\n","protected":false},"author":5,"featured_media":635,"parent":541,"menu_order":1,"comment_status":"closed","ping_status":"closed","template":"","meta":{"_mc_calendar":[],"footnotes":""},"categories":[],"tags":[],"_links":{"self":[{"href":"https:\/\/aizu.barakaldo.eus\/es\/wp-json\/wp\/v2\/pages\/1146"}],"collection":[{"href":"https:\/\/aizu.barakaldo.eus\/es\/wp-json\/wp\/v2\/pages"}],"about":[{"href":"https:\/\/aizu.barakaldo.eus\/es\/wp-json\/wp\/v2\/types\/page"}],"author":[{"embeddable":true,"href":"https:\/\/aizu.barakaldo.eus\/es\/wp-json\/wp\/v2\/users\/5"}],"replies":[{"embeddable":true,"href":"https:\/\/aizu.barakaldo.eus\/es\/wp-json\/wp\/v2\/comments?post=1146"}],"version-history":[{"count":8,"href":"https:\/\/aizu.barakaldo.eus\/es\/wp-json\/wp\/v2\/pages\/1146\/revisions"}],"predecessor-version":[{"id":3913,"href":"https:\/\/aizu.barakaldo.eus\/es\/wp-json\/wp\/v2\/pages\/1146\/revisions\/3913"}],"up":[{"embeddable":true,"href":"https:\/\/aizu.barakaldo.eus\/es\/wp-json\/wp\/v2\/pages\/541"}],"wp:featuredmedia":[{"embeddable":true,"href":"https:\/\/aizu.barakaldo.eus\/es\/wp-json\/wp\/v2\/media\/635"}],"wp:attachment":[{"href":"https:\/\/aizu.barakaldo.eus\/es\/wp-json\/wp\/v2\/media?parent=1146"}],"wp:term":[{"taxonomy":"category","embeddable":true,"href":"https:\/\/aizu.barakaldo.eus\/es\/wp-json\/wp\/v2\/categories?post=1146"},{"taxonomy":"post_tag","embeddable":true,"href":"https:\/\/aizu.barakaldo.eus\/es\/wp-json\/wp\/v2\/tags?post=1146"}],"curies":[{"name":"wp","href":"https:\/\/api.w.org\/{rel}","templated":true}]}}