{"id":1171,"date":"2015-03-30T11:35:37","date_gmt":"2015-03-30T11:35:37","guid":{"rendered":"http:\/\/aizu.barakaldo.eus\/?page_id=1171"},"modified":"2018-01-03T13:27:49","modified_gmt":"2018-01-03T12:27:49","slug":"como-superar-la-adiccion-a-las-compras","status":"publish","type":"page","link":"https:\/\/aizu.barakaldo.eus\/es\/adicciones-sin-sustancias\/compras-compulsivas\/como-superar-la-adiccion-a-las-compras\/","title":{"rendered":"C\u00f3mo superar la adicci\u00f3n a las compras"},"content":{"rendered":"<p>1. Reconocer la adicci\u00f3n. El primer paso para superar la adicci\u00f3n a las compras, es reconocer que algo est\u00e1 mal y tenemos que cambiarlo. Es por ello, que recomendamos consultar con un psic\u00f3logo para poder comenzar un tratamiento adecuado para enfrentar la adicci\u00f3n. Muchas veces detr\u00e1s de la adicci\u00f3n se encuentran estados depresivos y de ansiedad.<\/p>\n<p>&nbsp;<\/p>\n<p>&nbsp;<\/p>\n<p>2. Compartir nuestros sentimientos. Habla con tu entorno del tema, cu\u00e9ntales que es lo que te sucede y la necesidad de contar con su apoyo para poder superarlo. Es importante que las personas que te rodean sean conscientes de lo que te sucede.<\/p>\n<p><a href=\"http:\/\/aizu.barakaldo.eus\/wp-content\/uploads\/2015\/03\/apoyo.jpg\"><img loading=\"lazy\" decoding=\"async\" class=\"alignnone  wp-image-1175\" src=\"http:\/\/aizu.barakaldo.eus\/wp-content\/uploads\/2015\/03\/apoyo-300x145.jpg\" alt=\"apoyo\" width=\"389\" height=\"188\" srcset=\"https:\/\/aizu.barakaldo.eus\/wp-content\/uploads\/2015\/03\/apoyo-300x145.jpg 300w, https:\/\/aizu.barakaldo.eus\/wp-content\/uploads\/2015\/03\/apoyo-100x48.jpg 100w, https:\/\/aizu.barakaldo.eus\/wp-content\/uploads\/2015\/03\/apoyo-53x26.jpg 53w, https:\/\/aizu.barakaldo.eus\/wp-content\/uploads\/2015\/03\/apoyo.jpg 323w\" sizes=\"(max-width: 389px) 100vw, 389px\" \/><\/a><\/p>\n<p>&nbsp;<\/p>\n<p>&nbsp;<\/p>\n<p>&nbsp;<\/p>\n<p><a href=\"http:\/\/aizu.barakaldo.eus\/wp-content\/uploads\/2015\/03\/ropa.jpg\"><img loading=\"lazy\" decoding=\"async\" class=\" size-medium wp-image-1173 alignright\" src=\"http:\/\/aizu.barakaldo.eus\/wp-content\/uploads\/2015\/03\/ropa.jpg\" alt=\"ropa\" width=\"236\" height=\"213\" srcset=\"https:\/\/aizu.barakaldo.eus\/wp-content\/uploads\/2015\/03\/ropa.jpg 236w, https:\/\/aizu.barakaldo.eus\/wp-content\/uploads\/2015\/03\/ropa-100x90.jpg 100w, https:\/\/aizu.barakaldo.eus\/wp-content\/uploads\/2015\/03\/ropa-53x48.jpg 53w\" sizes=\"(max-width: 236px) 100vw, 236px\" \/><\/a><\/p>\n<p>3. Registro de los art\u00edculos comprados. Lleva una lista de todos los objetos que compraste para poder materializar tu adicci\u00f3n. La lista te permitir\u00e1 ser consciente de la cantidad de art\u00edculos innecesarios a los cuales accediste y la importancia de tratar de evitar o disminuir los efectos de esta situaci\u00f3n.<\/p>\n<p>&nbsp;<\/p>\n<p>&nbsp;<\/p>\n<p>&nbsp;<\/p>\n<p>&nbsp;<\/p>\n<p>4. Elimina todas las tarjetas de cr\u00e9dito. De esta manera, tendr\u00e1s un menor acceso a las compras. Trata de manejarte \u00fanicamente con efectivo.<\/p>\n<p><a href=\"http:\/\/aizu.barakaldo.eus\/wp-content\/uploads\/2015\/03\/no-tarjeta.jpg\"><img loading=\"lazy\" decoding=\"async\" class=\" size-full wp-image-1172 aligncenter\" src=\"http:\/\/aizu.barakaldo.eus\/wp-content\/uploads\/2015\/03\/no-tarjeta.jpg\" alt=\"no tarjeta\" width=\"240\" height=\"180\" srcset=\"https:\/\/aizu.barakaldo.eus\/wp-content\/uploads\/2015\/03\/no-tarjeta.jpg 240w, https:\/\/aizu.barakaldo.eus\/wp-content\/uploads\/2015\/03\/no-tarjeta-100x75.jpg 100w, https:\/\/aizu.barakaldo.eus\/wp-content\/uploads\/2015\/03\/no-tarjeta-53x40.jpg 53w\" sizes=\"(max-width: 240px) 100vw, 240px\" \/><\/a><\/p>\n<p>&nbsp;<\/p>\n<p>5. Controla tu econom\u00eda. Haz una lista de los art\u00edculos que realmente necesitas, incluye todos los gastos mensuales, y luego utiliza el restante para tus compras. Paulatinamente, con fuerza de voluntad, podr\u00e1s evitar las compras innecesarias.<\/p>\n<p>&nbsp;<\/p>\n<p><a href=\"http:\/\/aizu.barakaldo.eus\/wp-content\/uploads\/2015\/03\/lista-gastos.jpg\"><img loading=\"lazy\" decoding=\"async\" class=\"  wp-image-1176 aligncenter\" src=\"http:\/\/aizu.barakaldo.eus\/wp-content\/uploads\/2015\/03\/lista-gastos-300x199.jpg\" alt=\"lista gastos\" width=\"270\" height=\"179\" srcset=\"https:\/\/aizu.barakaldo.eus\/wp-content\/uploads\/2015\/03\/lista-gastos-300x199.jpg 300w, https:\/\/aizu.barakaldo.eus\/wp-content\/uploads\/2015\/03\/lista-gastos-100x66.jpg 100w, https:\/\/aizu.barakaldo.eus\/wp-content\/uploads\/2015\/03\/lista-gastos-53x35.jpg 53w, https:\/\/aizu.barakaldo.eus\/wp-content\/uploads\/2015\/03\/lista-gastos.jpg 301w\" sizes=\"(max-width: 270px) 100vw, 270px\" \/><\/a><\/p>\n<p>&nbsp;<\/p>\n<p>6. Planifica. Selecciona aquellos d\u00edas que saldr\u00e1s de compras y fija un dinero a gastar. Trata de que sea como m\u00e1ximo dos veces a la semana. Planea previamente las tiendas que visitaras y evita ir al centro comercial, trata de ir a tiendas que se encuentren lejos del mismo.<\/p>\n<p>&nbsp;<\/p>\n<p>&nbsp;<\/p>\n<p>7. Actividades recreativas. Trata de sustituir las compras por actividades recreativas como hacer deporte, salir a divertirse con amigos, o cualquier otra actividad que te genere placer.<\/p>\n<p>&nbsp;<\/p>\n<p>&nbsp;<\/p>\n<div data-carousel-extra='{\"blog_id\":1,\"permalink\":\"https:\\\/\\\/aizu.barakaldo.eus\\\/es\\\/adicciones-sin-sustancias\\\/compras-compulsivas\\\/como-superar-la-adiccion-a-las-compras\\\/\"}' class=\"tiled-gallery type-rectangular\" data-original-width=\"1032\"><div class=\"gallery-row\" style=\"width: 1027px; height: 278px;\"><div class=\"gallery-group images-1\" style=\"width: 575px; height: 282px;\"><div class=\"tiled-gallery-item tiled-gallery-item-large\"><a href=\"https:\/\/aizu.barakaldo.eus\/es\/adicciones-sin-sustancias\/compras-compulsivas\/como-superar-la-adiccion-a-las-compras\/bici\/\"><img loading=\"lazy\" decoding=\"async\" data-attachment-id=\"1178\" data-orig-file=\"https:\/\/aizu.barakaldo.eus\/wp-content\/uploads\/2015\/03\/bici.jpg\" data-orig-size=\"322,157\" data-comments-opened=\"1\" data-image-meta=\"{&quot;aperture&quot;:&quot;0&quot;,&quot;credit&quot;:&quot;&quot;,&quot;camera&quot;:&quot;&quot;,&quot;caption&quot;:&quot;&quot;,&quot;created_timestamp&quot;:&quot;0&quot;,&quot;copyright&quot;:&quot;&quot;,&quot;focal_length&quot;:&quot;0&quot;,&quot;iso&quot;:&quot;0&quot;,&quot;shutter_speed&quot;:&quot;0&quot;,&quot;title&quot;:&quot;&quot;,&quot;orientation&quot;:&quot;0&quot;}\" data-image-title=\"bici\" data-image-description=\"\" data-medium-file=\"https:\/\/aizu.barakaldo.eus\/wp-content\/uploads\/2015\/03\/bici-300x146.jpg\" data-large-file=\"https:\/\/aizu.barakaldo.eus\/wp-content\/uploads\/2015\/03\/bici.jpg\" src=\"https:\/\/aizu.barakaldo.eus\/wp-content\/uploads\/2015\/03\/bici.jpg\" width=\"571\" height=\"278\" align=\"left\" title=\"bici\" \/><\/a><\/div><\/div><div class=\"gallery-group images-1\" style=\"width: 452px; height: 282px;\"><div class=\"tiled-gallery-item tiled-gallery-item-large\"><a href=\"https:\/\/aizu.barakaldo.eus\/es\/adicciones-sin-sustancias\/compras-compulsivas\/como-superar-la-adiccion-a-las-compras\/canoa\/\"><img loading=\"lazy\" decoding=\"async\" data-attachment-id=\"1177\" data-orig-file=\"https:\/\/aizu.barakaldo.eus\/wp-content\/uploads\/2015\/03\/canoa.jpg\" data-orig-size=\"285,177\" data-comments-opened=\"1\" data-image-meta=\"{&quot;aperture&quot;:&quot;0&quot;,&quot;credit&quot;:&quot;&quot;,&quot;camera&quot;:&quot;&quot;,&quot;caption&quot;:&quot;&quot;,&quot;created_timestamp&quot;:&quot;0&quot;,&quot;copyright&quot;:&quot;&quot;,&quot;focal_length&quot;:&quot;0&quot;,&quot;iso&quot;:&quot;0&quot;,&quot;shutter_speed&quot;:&quot;0&quot;,&quot;title&quot;:&quot;&quot;,&quot;orientation&quot;:&quot;0&quot;}\" data-image-title=\"canoa\" data-image-description=\"\" data-medium-file=\"https:\/\/aizu.barakaldo.eus\/wp-content\/uploads\/2015\/03\/canoa.jpg\" data-large-file=\"https:\/\/aizu.barakaldo.eus\/wp-content\/uploads\/2015\/03\/canoa.jpg\" src=\"https:\/\/aizu.barakaldo.eus\/wp-content\/uploads\/2015\/03\/canoa.jpg\" width=\"448\" height=\"278\" align=\"left\" title=\"canoa\" \/><\/a><\/div><\/div><\/div><\/div>\n<p>&nbsp;<\/p>\n<p>&nbsp;<\/p>\n<p>8. Trata de reconocer tus momentos de debilidad. Aprende a distinguir aquellos momentos donde sientes una necesidad irresistible de comprar, de los momentos que solo lo haces por inercia. Es importante poder diferenciar estas situaciones para poder controlarlas.<\/p>\n<p><a href=\"http:\/\/aizu.barakaldo.eus\/wp-content\/uploads\/2015\/03\/cuerda.jpg\"><img loading=\"lazy\" decoding=\"async\" class=\"  wp-image-1179 aligncenter\" src=\"http:\/\/aizu.barakaldo.eus\/wp-content\/uploads\/2015\/03\/cuerda-300x115.jpg\" alt=\"cuerda\" width=\"459\" height=\"176\" srcset=\"https:\/\/aizu.barakaldo.eus\/wp-content\/uploads\/2015\/03\/cuerda-300x115.jpg 300w, https:\/\/aizu.barakaldo.eus\/wp-content\/uploads\/2015\/03\/cuerda-100x38.jpg 100w, https:\/\/aizu.barakaldo.eus\/wp-content\/uploads\/2015\/03\/cuerda-53x20.jpg 53w, https:\/\/aizu.barakaldo.eus\/wp-content\/uploads\/2015\/03\/cuerda.jpg 362w\" sizes=\"(max-width: 459px) 100vw, 459px\" \/><\/a><\/p>\n<p>&nbsp;<\/p>\n<p>Fuente: <a href=\"http:\/\/salud.uncomo.com\/articulo\/como-superar-la-adiccion-a-las-compras-3011.html\">Salud<\/a><\/p>\n<!-- AddThis Advanced Settings generic via filter on the_content --><!-- AddThis Share Buttons generic via filter on the_content -->","protected":false},"excerpt":{"rendered":"<p>1. Reconocer la adicci\u00f3n. El primer paso para superar la adicci\u00f3n a las compras, es reconocer que algo est\u00e1 mal y tenemos que cambiarlo. Es por ello, que recomendamos consultar con un psic\u00f3logo para poder comenzar un tratamiento adecuado para enfrentar la adicci\u00f3n. Muchas veces detr\u00e1s de la adicci\u00f3n se encuentran estados depresivos y de [&hellip;]<!-- AddThis Advanced Settings generic via filter on get_the_excerpt --><!-- AddThis Share Buttons generic via filter on get_the_excerpt --><\/p>\n","protected":false},"author":5,"featured_media":1176,"parent":766,"menu_order":0,"comment_status":"closed","ping_status":"closed","template":"","meta":{"_mc_calendar":[],"footnotes":""},"categories":[],"tags":[],"_links":{"self":[{"href":"https:\/\/aizu.barakaldo.eus\/es\/wp-json\/wp\/v2\/pages\/1171"}],"collection":[{"href":"https:\/\/aizu.barakaldo.eus\/es\/wp-json\/wp\/v2\/pages"}],"about":[{"href":"https:\/\/aizu.barakaldo.eus\/es\/wp-json\/wp\/v2\/types\/page"}],"author":[{"embeddable":true,"href":"https:\/\/aizu.barakaldo.eus\/es\/wp-json\/wp\/v2\/users\/5"}],"replies":[{"embeddable":true,"href":"https:\/\/aizu.barakaldo.eus\/es\/wp-json\/wp\/v2\/comments?post=1171"}],"version-history":[{"count":13,"href":"https:\/\/aizu.barakaldo.eus\/es\/wp-json\/wp\/v2\/pages\/1171\/revisions"}],"predecessor-version":[{"id":3915,"href":"https:\/\/aizu.barakaldo.eus\/es\/wp-json\/wp\/v2\/pages\/1171\/revisions\/3915"}],"up":[{"embeddable":true,"href":"https:\/\/aizu.barakaldo.eus\/es\/wp-json\/wp\/v2\/pages\/766"}],"wp:featuredmedia":[{"embeddable":true,"href":"https:\/\/aizu.barakaldo.eus\/es\/wp-json\/wp\/v2\/media\/1176"}],"wp:attachment":[{"href":"https:\/\/aizu.barakaldo.eus\/es\/wp-json\/wp\/v2\/media?parent=1171"}],"wp:term":[{"taxonomy":"category","embeddable":true,"href":"https:\/\/aizu.barakaldo.eus\/es\/wp-json\/wp\/v2\/categories?post=1171"},{"taxonomy":"post_tag","embeddable":true,"href":"https:\/\/aizu.barakaldo.eus\/es\/wp-json\/wp\/v2\/tags?post=1171"}],"curies":[{"name":"wp","href":"https:\/\/api.w.org\/{rel}","templated":true}]}}