{"id":1193,"date":"2015-03-30T12:33:49","date_gmt":"2015-03-30T12:33:49","guid":{"rendered":"http:\/\/aizu.barakaldo.eus\/?page_id=1193"},"modified":"2018-01-03T13:14:56","modified_gmt":"2018-01-03T12:14:56","slug":"que-es-el-vih-y-el-sida","status":"publish","type":"page","link":"https:\/\/aizu.barakaldo.eus\/es\/sexo\/que-es-el-vih-y-el-sida\/","title":{"rendered":"\u00bfQu\u00e9 es el VIH? \u00bfY el sida?"},"content":{"rendered":"<p>El VIH es el virus de la inmunodeficiencia humana, que se transmite de diferentes maneras, y que, en su fase m\u00e1s avanzada, puede llegar a provocar el sida. No es lo mismo ser portador del VIH que tener sida.<\/p>\n<p>&nbsp;<\/p>\n<ul>\n<li>Cuando una persona se infecta, el VIH se introduce en las c\u00e9lulas de su sistema inmunol\u00f3gico, especialmente en los linfocitos T4, y los va destruyendo lentamente.<\/li>\n<\/ul>\n<ul>\n<li>En esta primera fase, normalmente no se presenta ning\u00fan s\u00edntoma. Todas las personas infectadas por el VIH, tengan o no s\u00edntomas, pueden transmitir el virus a otras personas.<\/li>\n<\/ul>\n<ul>\n<li>Transcurrido un tiempo, a veces a\u00f1os, pueden empezar a aparecer algunos s\u00edntomas, ya que el virus est\u00e1 debilitando el sistema inmunitario.<\/li>\n<\/ul>\n<ul>\n<li>El sida es la forma m\u00e1s avanzada de la infecci\u00f3n por el VIH y consiste en la aparici\u00f3n de infecciones oportunistas o determinados c\u00e1nceres, como consecuencia de la destrucci\u00f3n progresiva del sistema inmunitario.<\/li>\n<\/ul>\n<p>&nbsp;<\/p>\n<p><strong>\u00bfC\u00f3mo se transmite el VIH?<\/strong><\/p>\n<p>A trav\u00e9s de la sangre, el semen, las secreciones vaginales y la leche materna de las personas infectadas.<\/p>\n<p><strong>V\u00eda sexual:<\/strong> en las relaciones sexuales con penetraci\u00f3n (vaginal, anal u oral) sin<br \/>\npreservativo. La penetraci\u00f3n anal es la de mayor riesgo, seguida de la vaginal. Las relaciones buco genitales tienen menor riesgo para el VIH pero s\u00ed que tienen riesgo para la transmisi\u00f3n de infecciones de transmisi\u00f3n sexual.<\/p>\n<p><strong>V\u00eda sangu\u00ednea:<\/strong> al compartir jeringas, agujas o cualquier instrumento cortante que haya<br \/>\nestado en contacto con sangre infectadas.<\/p>\n<p><strong>V\u00eda madre-hijo\/a:<\/strong> cuando la mujer es seropositiva (tiene el VIH) puede transmitir el<br \/>\nvirus a su bebe durante el embarazo, parto o lactancia, aunque hoy en d\u00eda con un adecuado control m\u00e9dico ese riesgo est\u00e1 pr\u00e1cticamente eliminado.<\/p>\n<p>&nbsp;<\/p>\n<p>&nbsp;<\/p>\n<p>EN LA ACTUALIDAD LA MAYOR\u00cdA DE LOS CASOS DE VIH SE TRANSMITEN A TRAV\u00c9S DE RELACIONES SEXUALES SIN PROTECCI\u00d3N<\/p>\n<p><strong>Riesgo muy alto<\/strong><br \/>\n\u2219 Penetraci\u00f3n vaginal sin preservativo.<br \/>\n\u2219 Penetraci\u00f3n anal sin preservativo.<\/p>\n<p><strong>Riesgo posible. Pr\u00e1cticas buco genitales:<\/strong><br \/>\n\u2219 Felaci\u00f3n (sexo oral a un hombre).<br \/>\n\u2219 Cunnilingus (sexo oral a una mujer).<br \/>\n\u2219 El riesgo es s\u00f3lo para la persona que hace la felaci\u00f3n o cunnilingus (por el contacto de semen o<br \/>\nfluido vaginal con su boca).<br \/>\n\u2219 La persona a quien se le realiza no tiene riesgo (la saliva no transmite el VIH).<\/p>\n<p><strong>Ausencia de riesgo<\/strong><br \/>\n\u2219 Caricias.<br \/>\n\u2219 Besos boca a boca.<br \/>\n\u2219 Masturbaci\u00f3n rec\u00edproca.<\/p>\n<p>&nbsp;<\/p>\n<p>&nbsp;<\/p>\n<p><strong>\u00bfC\u00f3mo NO se transmite el VIH?<\/strong><\/p>\n<p>&nbsp;<\/p>\n<p>\u2219 Por vivir, trabajar o salir con una persona con VIH.<br \/>\n\u2219 Por ir al mismo colegio o guarder\u00eda que un ni\u00f1o o ni\u00f1a con VIH.<br \/>\n\u2219 Por darse la mano, abrazarse o darse un beso.<br \/>\n\u2219 Por compartir cubiertos, utilizar el mismo plato o vaso.<br \/>\n\u2219 Utilizando aseos p\u00fablicos, piscinas o duchas.<br \/>\n\u2219 Por la picadura de un mosquito ni por los animales dom\u00e9sticos.<br \/>\n\u2219 Por recibir o donar sangre.<\/p>\n<p>&nbsp;<\/p>\n<p>&nbsp;<\/p>\n<p><strong>\u00bfC\u00f3mo puedo saber si soy portador\/a del VIH?<\/strong><\/p>\n<p>&nbsp;<\/p>\n<p>\u2219 S\u00f3lo mediante un an\u00e1lisis de sangre espec\u00edfico que detecta si una persona tiene o no anticuerpos frente al VIH. Por la \u201cpinta\u201d es imposible saber si una persona est\u00e1 o no infectada.<br \/>\nSi se detectan los anticuerpos, el resultado de la prueba es positivo, y decimos que esa persona<br \/>\nes seropositiva o portadora del VIH. Si no se detectan anticuerpos frente al VIH, la prueba es<br \/>\nnegativa y decimos que esa persona es seronegativa.<\/p>\n<p>Una persona, tras infectarse, tarda aproximadamente 3 meses en desarrollar los anticuerpos.<br \/>\nPor lo tanto, para saber si uno se ha infectado por una pr\u00e1ctica de riesgo, hay que esperar 3<br \/>\nmeses antes de realizar este an\u00e1lisis. Si se realizara antes, la prueba podr\u00eda resultar negativa, a<br \/>\npesar de que esa persona estuviera infectada por el VIH.<\/p>\n<p>&nbsp;<\/p>\n<p>&nbsp;<\/p>\n<p><strong>\u00bfQu\u00e9 significa un resultado positivo en el test del VIH?<\/strong><\/p>\n<p>&nbsp;<\/p>\n<p>\u2219 Que esa persona es seropositiva, es decir, portadora del VIH.<br \/>\n\u2219 La infecci\u00f3n es para toda la vida, aunque en la actualidad existen tratamientos antirretrovirales que permiten tenerla controlada y vivir con una calidad de vida relativamente buena.<br \/>\n\u2219 Esa persona puede transmitir el virus a otras personas, a trav\u00e9s de pr\u00e1cticas sexuales de riesgo.<\/p>\n<p>&nbsp;<\/p>\n<p>&nbsp;<\/p>\n<p><strong>\u00bfSe puede curar el VIH?<\/strong><\/p>\n<p>&nbsp;<\/p>\n<p>EL VIH NO SE CURA. UNA VEZ QUE ENTRA EN EL ORGANISMO NO ES POSIBLE DESTRUIRLO<\/p>\n<p>\u2219 En los \u00faltimos a\u00f1os, los avances logrados en los tratamientos antirretrovirales han conseguido<br \/>\nfrenar la acci\u00f3n del virus, retrasando de forma importante la progresi\u00f3n de la infecci\u00f3n. Las personas con VIH, cada vez viven m\u00e1s a\u00f1os en un estado asintom\u00e1tico o con s\u00edntomas menores. A pesar de estos avances, tenemos que tener en cuenta que el VIH sigue siendo una infecci\u00f3n grave por lo que no podemos relajarnos en las medidas de prevenci\u00f3n.<br \/>\nAunque el sida ya no es una enfermedad mortal, contin\u00faa siendo una enfermedad muy grave, por lo que es fundamental la prevenci\u00f3n: utiliza preservativo.<\/p>\n<p>&nbsp;<\/p>\n<p>MANTENER RELACIONES SEXUALES SEGURAS ES LA MEJOR BARRERA FRENTE AL VIH<\/p>\n<p>\u2219 Recordad que por el aspecto no podemos saber si una persona es portadora del VIH o si tiene alguna otra infecci\u00f3n de transmisi\u00f3n sexual.<br \/>\nEs imprescindible utilizar preservativo cuando se mantengan relaciones sexuales con penetraci\u00f3n, con personas de las que no tenemos la total certeza de que no son portadoras del VIH.<\/p>\n<p>&nbsp;<\/p>\n<p>\u00a1HAY QUE TENERLOS A MANO!<br \/>\nUTILIZA EL PRESERVATIVO<\/p>\n<p>&nbsp;<\/p>\n<p>&nbsp;<\/p>\n<p>&nbsp;<\/p>\n<p>Fuente: Gobierno Vasco<\/p>\n<!-- AddThis Advanced Settings generic via filter on the_content --><!-- AddThis Share Buttons generic via filter on the_content -->","protected":false},"excerpt":{"rendered":"<p>El VIH es el virus de la inmunodeficiencia humana, que se transmite de diferentes maneras, y que, en su fase m\u00e1s avanzada, puede llegar a provocar el sida. No es lo mismo ser portador del VIH que tener sida. &nbsp; Cuando una persona se infecta, el VIH se introduce en las c\u00e9lulas de su sistema [&hellip;]<!-- AddThis Advanced Settings generic via filter on get_the_excerpt --><!-- AddThis Share Buttons generic via filter on get_the_excerpt --><\/p>\n","protected":false},"author":5,"featured_media":1286,"parent":44,"menu_order":5,"comment_status":"closed","ping_status":"closed","template":"","meta":{"_mc_calendar":[],"footnotes":""},"categories":[],"tags":[],"_links":{"self":[{"href":"https:\/\/aizu.barakaldo.eus\/es\/wp-json\/wp\/v2\/pages\/1193"}],"collection":[{"href":"https:\/\/aizu.barakaldo.eus\/es\/wp-json\/wp\/v2\/pages"}],"about":[{"href":"https:\/\/aizu.barakaldo.eus\/es\/wp-json\/wp\/v2\/types\/page"}],"author":[{"embeddable":true,"href":"https:\/\/aizu.barakaldo.eus\/es\/wp-json\/wp\/v2\/users\/5"}],"replies":[{"embeddable":true,"href":"https:\/\/aizu.barakaldo.eus\/es\/wp-json\/wp\/v2\/comments?post=1193"}],"version-history":[{"count":8,"href":"https:\/\/aizu.barakaldo.eus\/es\/wp-json\/wp\/v2\/pages\/1193\/revisions"}],"predecessor-version":[{"id":3899,"href":"https:\/\/aizu.barakaldo.eus\/es\/wp-json\/wp\/v2\/pages\/1193\/revisions\/3899"}],"up":[{"embeddable":true,"href":"https:\/\/aizu.barakaldo.eus\/es\/wp-json\/wp\/v2\/pages\/44"}],"wp:featuredmedia":[{"embeddable":true,"href":"https:\/\/aizu.barakaldo.eus\/es\/wp-json\/wp\/v2\/media\/1286"}],"wp:attachment":[{"href":"https:\/\/aizu.barakaldo.eus\/es\/wp-json\/wp\/v2\/media?parent=1193"}],"wp:term":[{"taxonomy":"category","embeddable":true,"href":"https:\/\/aizu.barakaldo.eus\/es\/wp-json\/wp\/v2\/categories?post=1193"},{"taxonomy":"post_tag","embeddable":true,"href":"https:\/\/aizu.barakaldo.eus\/es\/wp-json\/wp\/v2\/tags?post=1193"}],"curies":[{"name":"wp","href":"https:\/\/api.w.org\/{rel}","templated":true}]}}