{"id":204,"date":"2015-02-16T17:19:07","date_gmt":"2015-02-16T17:19:07","guid":{"rendered":"http:\/\/aizu.barakaldo.eus\/?page_id=204"},"modified":"2018-06-13T13:47:56","modified_gmt":"2018-06-13T11:47:56","slug":"drogas","status":"publish","type":"page","link":"https:\/\/aizu.barakaldo.eus\/es\/drogas\/","title":{"rendered":"Drogas"},"content":{"rendered":"<p>En esta p\u00e1gina te mostramos informaci\u00f3n sobre diferentes sustancias psicoactivas.<\/p>\n<p><a href=\"http:\/\/aizu.barakaldo.eus\/drogas\/bebidas-energeticas\/\">Bebidas energ\u00e9ticas<\/a><\/p>\n<p><a href=\"http:\/\/aizu.barakaldo.eus\/drogas\/priva-alcohol\/\">Alcohol<\/a><\/p>\n<p><a href=\"http:\/\/aizu.barakaldo.eus\/drogas\/tabaco\/\">Tabaco<\/a><\/p>\n<p><a href=\"http:\/\/aizu.barakaldo.eus\/drogas\/cannabis\/\">Cannabis<\/a><\/p>\n<p><a href=\"http:\/\/aizu.barakaldo.eus\/drogas\/cocaina\/\">Coca\u00edna<\/a><\/p>\n<p><a href=\"http:\/\/aizu.barakaldo.eus\/drogas\/speed-2\/\">Speed<\/a><\/p>\n<p><a href=\"http:\/\/aizu.barakaldo.eus\/drogas\/extasis\/\">\u00c9xtasis<\/a><\/p>\n<p><a href=\"http:\/\/aizu.barakaldo.eus\/drogas\/ketamina\/\">Ketamina<\/a><\/p>\n<p><a href=\"http:\/\/aizu.barakaldo.eus\/drogas\/lsd\/\">LSD<\/a><\/p>\n<p><a href=\"http:\/\/aizu.barakaldo.eus\/drogas\/monguis-2\/\">Monguis<\/a><\/p>\n<p>&nbsp;<\/p>\n<p>Adem\u00e1s de la informaci\u00f3n relativa a los efectos encontrar\u00e1s algunas pautas para reducir los riesgos.<\/p>\n<p>En caso de que te quede alguna duda d\u00e9janos tu pregunta en el apartado <strong>&#8220;Mis ralladas&#8221;<\/strong> o entra en el chat.<\/p>\n<!-- AddThis Advanced Settings generic via filter on the_content --><!-- AddThis Share Buttons generic via filter on the_content -->","protected":false},"excerpt":{"rendered":"<p>En esta p\u00e1gina te mostramos informaci\u00f3n sobre diferentes sustancias psicoactivas. Bebidas energ\u00e9ticas Alcohol Tabaco Cannabis Coca\u00edna Speed \u00c9xtasis Ketamina LSD Monguis &nbsp; Adem\u00e1s de la informaci\u00f3n relativa a los efectos encontrar\u00e1s algunas pautas para reducir los riesgos. En caso de que te quede alguna duda d\u00e9janos tu pregunta en el apartado &#8220;Mis ralladas&#8221; o entra [&hellip;]<!-- AddThis Advanced Settings generic via filter on get_the_excerpt --><!-- AddThis Share Buttons generic via filter on get_the_excerpt --><\/p>\n","protected":false},"author":5,"featured_media":5109,"parent":0,"menu_order":3,"comment_status":"closed","ping_status":"closed","template":"","meta":{"_mc_calendar":[],"footnotes":""},"categories":[2],"tags":[],"_links":{"self":[{"href":"https:\/\/aizu.barakaldo.eus\/es\/wp-json\/wp\/v2\/pages\/204"}],"collection":[{"href":"https:\/\/aizu.barakaldo.eus\/es\/wp-json\/wp\/v2\/pages"}],"about":[{"href":"https:\/\/aizu.barakaldo.eus\/es\/wp-json\/wp\/v2\/types\/page"}],"author":[{"embeddable":true,"href":"https:\/\/aizu.barakaldo.eus\/es\/wp-json\/wp\/v2\/users\/5"}],"replies":[{"embeddable":true,"href":"https:\/\/aizu.barakaldo.eus\/es\/wp-json\/wp\/v2\/comments?post=204"}],"version-history":[{"count":27,"href":"https:\/\/aizu.barakaldo.eus\/es\/wp-json\/wp\/v2\/pages\/204\/revisions"}],"predecessor-version":[{"id":2690,"href":"https:\/\/aizu.barakaldo.eus\/es\/wp-json\/wp\/v2\/pages\/204\/revisions\/2690"}],"wp:featuredmedia":[{"embeddable":true,"href":"https:\/\/aizu.barakaldo.eus\/es\/wp-json\/wp\/v2\/media\/5109"}],"wp:attachment":[{"href":"https:\/\/aizu.barakaldo.eus\/es\/wp-json\/wp\/v2\/media?parent=204"}],"wp:term":[{"taxonomy":"category","embeddable":true,"href":"https:\/\/aizu.barakaldo.eus\/es\/wp-json\/wp\/v2\/categories?post=204"},{"taxonomy":"post_tag","embeddable":true,"href":"https:\/\/aizu.barakaldo.eus\/es\/wp-json\/wp\/v2\/tags?post=204"}],"curies":[{"name":"wp","href":"https:\/\/api.w.org\/{rel}","templated":true}]}}