{"id":223,"date":"2015-01-29T21:42:08","date_gmt":"2015-01-29T21:42:08","guid":{"rendered":"http:\/\/aizu.barakaldo.eus\/?page_id=223"},"modified":"2018-03-02T13:38:47","modified_gmt":"2018-03-02T12:38:47","slug":"preguntanos","status":"publish","type":"page","link":"https:\/\/aizu.barakaldo.eus\/es\/preguntanos\/","title":{"rendered":"Mis ralladas&#8230;"},"content":{"rendered":"<p><\/p>\n<p>&nbsp;<\/p>\n<p>Que movida!! \u00bfSer\u00e1 verdad?&#8230; Si me lo dice mi colega ser\u00e1 que si, no? \u00bf\u00bfY a qui\u00e9n pregunto?? Bua\u2026 si se enteran mis padres!!&#8230;MENUDA RALLADA!!!<\/p>\n<p>Si en alg\u00fan momento te has encontrado en una situaci\u00f3n as\u00ed, aqu\u00ed te dejamos un espacio donde puedes plantearnos tus \u00abralladas\u00bb y aclarar las dudas que te asaltan y no sabes a qui\u00e9n preguntar. RECORDAD QUE TODO LO QUE SE ESCRIBA EN ESTE ESPACIO QUEDAR\u00c1 <strong>P\u00daBLICO Y VISIBLE<\/strong>. EN CASO DE QUERER <strong>COMPARTIR<\/strong> ALGUNA PREOCUPACI\u00d3N DE FORMA <strong>PRIVADA<\/strong>, <strong>pincha<\/strong> en la pesta\u00f1a naranja que tienes abajo a la derecha donde pone <strong>&#8220;\u00bfAlguna pregunta&#8221;<\/strong> <\/p>\n<p>Nosotras intentaremos responder a todo lo que nos plantees para que cuentes con informaci\u00f3n real y no lo que comenta la gente\u2026<\/p>\n<p>Aun as\u00ed no olvides que puedes <a href=\"http:\/\/aizu.barakaldo.eus\/donde-estamos\/\">venir a nuestro local<\/a> si prefieres hablar con nosotras directamente y plantearnos tus dudas!<\/p>\n<p><strong>Categor\u00eda de cada pregunta:<\/strong><\/p>\n<p>Drogas: <img decoding=\"async\" width=\"25px\" src=\"http:\/\/aizu.barakaldo.eus\/wp-content\/uploads\/2015\/04\/DROGAS-RETOCADA.jpg\" data-pagespeed-url-hash=\"2094926257\" onload=\"pagespeed.CriticalImages.checkImageForCriticality(this);\"><br \/>\nOtras:  <img decoding=\"async\" width=\"25px\" src=\"http:\/\/aizu.barakaldo.eus\/wp-content\/uploads\/2015\/04\/interrogaci\u251c\u2502n-roja-de-to.jpg\"><br \/>\nSexo: <img decoding=\"async\" width=\"25px\" src=\"http:\/\/aizu.barakaldo.eus\/wp-content\/uploads\/2015\/04\/ICONO-RELACIONES.jpg\" data-pagespeed-url-hash=\"4004828545\" onload=\"pagespeed.CriticalImages.checkImageForCriticality(this);\"><\/p>\n<div id=\"askme\">\n        <form id=\"newask\" name=\"newask\" method=\"post\" action=\"\">\n\n            <label for=\"question\" id=\"questionLabel\">Env\u00edanos tu pregunta<\/label><br \/>\n            <input type=\"text\" id=\"question\" value=\"\" tabindex=\"1\" size=\"20\" name=\"question\" \/>\n\n            \n            <div class=\"centrar\"><input type=\"submit\" value=Preguntar tabindex=\"6\" id=\"submit\" name=\"submit\" \/><\/div>\n\n            <input type=\"hidden\" name=\"post_type\" id=\"post_type\" value=\"askme\" \/>\n            <input type=\"hidden\" name=\"action\" value=\"post\" \/>\n            <input type=\"hidden\" id=\"_wpnonce\" name=\"_wpnonce\" value=\"7edf8df4a3\" \/><input type=\"hidden\" name=\"_wp_http_referer\" value=\"\/es\/wp-json\/wp\/v2\/pages\/223\" \/>                    <\/form>\n\n    \n            <div class=\"entry\">\n                <div class=\"question_icon\">\n                                <\/div>              \n                <div class=\"question\">\n                    <h4>Sou un joven de 17 a\u00f1os que hoy me a parado la polic\u00eda 6 me a registrado y me an encontrado con 10 gs y tambi\u00e9n piensan que vendo o algo porque al chico que Le Compre me lo vendi\u00f3 as\u00ed y piensan que vendo pero es para consumo propio y no se que hacer<\/h4>\n                    \n                <\/div>\n\n                <div class=\"answer\">\n                    <div class=\"at-above-post-homepage addthis_tool\" data-url=\"https:\/\/aizu.barakaldo.eus\/es\/askme\/sou-un-joven-de-17-anos-que-hoy-me-a-parado-la-policia-6-me-a-registrado-y-me-an-encontrado-con-10-gs-y-tambien-piensan-que-vendo-o-algo-porque-al-chico-que-le-compre-me-lo-vendio-asi-y-piensan-que-ve\/\"><\/div><!-- AddThis Advanced Settings above via filter on the_content --><!-- AddThis Advanced Settings below via filter on the_content --><!-- AddThis Advanced Settings generic via filter on the_content --><!-- AddThis Share Buttons above via filter on the_content --><!-- AddThis Share Buttons below via filter on the_content --><div class=\"at-below-post-homepage addthis_tool\" data-url=\"https:\/\/aizu.barakaldo.eus\/es\/askme\/sou-un-joven-de-17-anos-que-hoy-me-a-parado-la-policia-6-me-a-registrado-y-me-an-encontrado-con-10-gs-y-tambien-piensan-que-vendo-o-algo-porque-al-chico-que-le-compre-me-lo-vendio-asi-y-piensan-que-ve\/\"><\/div><!-- AddThis Share Buttons generic via filter on the_content --><\/p>\n                <\/div>\n            <\/div>\n\n<!-- si meto la pata el contenido va ac\u00e1 -->\n\n          <div class=\"clear\"><\/div>\n\n        \n            <div class=\"entry\">\n                <div class=\"question_icon\">\n                                        <img decoding=\"async\" width=\"25px\" src=\"https:\/\/aizu.barakaldo.eus\/wp-content\/uploads\/2015\/04\/DROGAS-RETOCADA.jpg\"\/>\n                                        <\/div>              \n                <div class=\"question\">\n                    <h4>Soy una joven de barakaldo que lleva consumiendo cannabis aproximadamente un a\u00f1o, la verdad es que creo que tengo un serio problema con esta sustancia ya que he tenido que dejarlo de golpe y esto me esta causando mucho estr\u00e9s. Hay noches en las que sue\u00f1o con ello lo que hace que me despierte con sudores y muy agobiada, mucha gente de confianza me han dicho que tengo que hablar con algun especialista pero me da mucha verg\u00fcenza porque aun que lo este pasando mal me da miedo lo que puedan pensar de mi.<\/h4>\n                    \n                <\/div>\n\n                <div class=\"answer\">\n                    <div class=\"at-above-post-homepage addthis_tool\" data-url=\"https:\/\/aizu.barakaldo.eus\/es\/askme\/soy-una-joven-de-barakaldo-que-lleva-consumiendo-cannabis-aproximadamente-un-ano-la-verdad-es-que-creo-que-tengo-un-serio-problema-con-esta-sustancia-ya-que-he-tenido-que-dejarlo-de-golpe-y-esto-me-e\/\"><\/div><p>Ac\u00e9rcate a nuestro local (calle Etxatxu n\u00ba10, Barakaldo) o ll\u00e1manos al 944789272.<\/p>\n<p>Para atender este tipo de consultas es mejor que nos envieis un email al correo electr\u00f3nico: aizubarakaldo@gmail.com<\/p>\n<!-- AddThis Advanced Settings above via filter on the_content --><!-- AddThis Advanced Settings below via filter on the_content --><!-- AddThis Advanced Settings generic via filter on the_content --><!-- AddThis Share Buttons above via filter on the_content --><!-- AddThis Share Buttons below via filter on the_content --><div class=\"at-below-post-homepage addthis_tool\" data-url=\"https:\/\/aizu.barakaldo.eus\/es\/askme\/soy-una-joven-de-barakaldo-que-lleva-consumiendo-cannabis-aproximadamente-un-ano-la-verdad-es-que-creo-que-tengo-un-serio-problema-con-esta-sustancia-ya-que-he-tenido-que-dejarlo-de-golpe-y-esto-me-e\/\"><\/div><!-- AddThis Share Buttons generic via filter on the_content --><\/p>\n                <\/div>\n            <\/div>\n\n<!-- si meto la pata el contenido va ac\u00e1 -->\n\n          <div class=\"clear\"><\/div>\n\n        \n            <div class=\"entry\">\n                <div class=\"question_icon\">\n                                        <img decoding=\"async\" width=\"25px\" src=\"https:\/\/aizu.barakaldo.eus\/wp-content\/uploads\/2015\/04\/DROGAS-RETOCADA.jpg\"\/>\n                                        <\/div>              \n                <div class=\"question\">\n                    <h4>Muy buenas. Soy un joven de Barakaldo que ayer mismo me quitaron 6 puntos del carnet junto con una multa de 1000E. (500 pronto pago). Por un control de drogas que me realizo la guardia civil. Me gustar\u00eda saber de que manera puedo pagar esa multa mas o menos c\u00f3modamente o a plazos. ya que ahora mismo estoy en paro. Tengo 21 a\u00f1os. No se si me podr\u00eda pasar por el local para dar alg\u00fan detalle mas. Gracias de todas formas.<\/h4>\n                    \n                <\/div>\n\n                <div class=\"answer\">\n                    <div class=\"at-above-post-homepage addthis_tool\" data-url=\"https:\/\/aizu.barakaldo.eus\/es\/askme\/muy-buenas-soy-un-joven-de-barakaldo-que-ayer-mismo-me-quitaron-6-puntos-del-carnet-junto-con-una-multa-de-1000e-500-pronto-pago-por-un-control-de-drogas-que-me-realizo-la-guardia-civil-me-gusta\/\"><\/div><p>Hola, en principio deber\u00edas llamar a la delegaci\u00f3n desde donde te han enviado la multa para consultar si podr\u00edas hacerlo a plazos, y en caso de que lo acepten seguramente deber\u00edas presentar la documentaci\u00f3n necesaria (ej: certificado de Lanbide de que est\u00e1s en paro). De todas formas, tu propuesta es hacerlo a plazos y entonces ya no entrar\u00eda dentro del l\u00edmite que marcan como pronto pago as\u00ed que no te podemos decir como quedar\u00eda. Para mirarlo con m\u00e1s calma\u00a0p\u00e1sate por el local con la multa. Estamos en Etxatxu n\u00ba10 bajo, (junto al front\u00f3n de Rontegi) de lunes a jueves de 15:30 a 18:30. Tambi\u00e9n puedes ponerte en contacto con nosotras llamando al 944789272<\/p>\n<!-- AddThis Advanced Settings above via filter on the_content --><!-- AddThis Advanced Settings below via filter on the_content --><!-- AddThis Advanced Settings generic via filter on the_content --><!-- AddThis Share Buttons above via filter on the_content --><!-- AddThis Share Buttons below via filter on the_content --><div class=\"at-below-post-homepage addthis_tool\" data-url=\"https:\/\/aizu.barakaldo.eus\/es\/askme\/muy-buenas-soy-un-joven-de-barakaldo-que-ayer-mismo-me-quitaron-6-puntos-del-carnet-junto-con-una-multa-de-1000e-500-pronto-pago-por-un-control-de-drogas-que-me-realizo-la-guardia-civil-me-gusta\/\"><\/div><!-- AddThis Share Buttons generic via filter on the_content --><\/p>\n                <\/div>\n            <\/div>\n\n<!-- si meto la pata el contenido va ac\u00e1 -->\n\n          <div class=\"clear\"><\/div>\n\n        \n            <div class=\"entry\">\n                <div class=\"question_icon\">\n                                        <img decoding=\"async\" width=\"25px\" src=\"https:\/\/aizu.barakaldo.eus\/wp-content\/uploads\/2015\/04\/interrogaci\u251c\u2502n-roja-de-to.jpg\"\/>\n                                        <\/div>              \n                <div class=\"question\">\n                    <h4>\u00bfcu\u00e1l es vuestro horario de atenci\u00f3n?<\/h4>\n                    \n                <\/div>\n\n                <div class=\"answer\">\n                    <div class=\"at-above-post-homepage addthis_tool\" data-url=\"https:\/\/aizu.barakaldo.eus\/es\/askme\/cual-es-vuestro-horario-de-atencion\/\"><\/div><p>Nuestro horario de atenci\u00f3n es de 15:30 a 18:30 lunes, martes y mi\u00e9rcoles. Ya sabes que puedes acercarte sin compromiso e intentaremos resolver tus dudas. <\/p>\n<p>Un saludo<br \/>\nEquipo Aizu!<\/p>\n<!-- AddThis Advanced Settings above via filter on the_content --><!-- AddThis Advanced Settings below via filter on the_content --><!-- AddThis Advanced Settings generic via filter on the_content --><!-- AddThis Share Buttons above via filter on the_content --><!-- AddThis Share Buttons below via filter on the_content --><div class=\"at-below-post-homepage addthis_tool\" data-url=\"https:\/\/aizu.barakaldo.eus\/es\/askme\/cual-es-vuestro-horario-de-atencion\/\"><\/div><!-- AddThis Share Buttons generic via filter on the_content --><\/p>\n                <\/div>\n            <\/div>\n\n<!-- si meto la pata el contenido va ac\u00e1 -->\n\n          <div class=\"clear\"><\/div>\n\n        \n            <div class=\"entry\">\n                <div class=\"question_icon\">\n                                        <img decoding=\"async\" width=\"25px\" src=\"https:\/\/aizu.barakaldo.eus\/wp-content\/uploads\/2015\/04\/interrogaci\u251c\u2502n-roja-de-to.jpg\"\/>\n                                        <\/div>              \n                <div class=\"question\">\n                    <h4>RECORDAD QUE TODO LO QUE SE ESCRIBA EN ESTE ESPACIO QUEDAR\u00c1 P\u00daBLICO Y VISIBLE. EN CASO DE QUERER COMPARTIR ALGUNA PREOCUPACI\u00d3N DE FORMA PRIVADA, acude a nuestro local (C\/ Etxatxu n\u00ba10, bajo-junto al front\u00f3n de Rontegi), ll\u00e1manos al 944789272 o escr\u00edbenos  a la direcci\u00f3n aizubarakaldo@gmail.com<\/h4>\n                    \n                <\/div>\n\n                <div class=\"answer\">\n                    <div class=\"at-above-post-homepage addthis_tool\" data-url=\"https:\/\/aizu.barakaldo.eus\/es\/askme\/recordatorio\/\"><\/div><!-- AddThis Advanced Settings above via filter on the_content --><!-- AddThis Advanced Settings below via filter on the_content --><!-- AddThis Advanced Settings generic via filter on the_content --><!-- AddThis Share Buttons above via filter on the_content --><!-- AddThis Share Buttons below via filter on the_content --><div class=\"at-below-post-homepage addthis_tool\" data-url=\"https:\/\/aizu.barakaldo.eus\/es\/askme\/recordatorio\/\"><\/div><!-- AddThis Share Buttons generic via filter on the_content --><\/p>\n                <\/div>\n            <\/div>\n\n<!-- si meto la pata el contenido va ac\u00e1 -->\n\n          <div class=\"clear\"><\/div>\n\n                                                        <div class=\"askme_pagination\"><span>P\u00e1gina 1 de 3<\/span>\n                                                    <span class=\"current\">1<\/span>\n                                            <a href=\"https:\/\/aizu.barakaldo.eus\/es\/wp-json\/wp\/v2\/pages\/223\/page\/2\/\" class=\"inactive\">2<\/a>\n                                            <a href=\"https:\/\/aizu.barakaldo.eus\/es\/wp-json\/wp\/v2\/pages\/223\/page\/3\/\" class=\"inactive\">3<\/a>\n                                    <a href=\"https:\/\/aizu.barakaldo.eus\/es\/wp-json\/wp\/v2\/pages\/223\/page\/2\/\">&rsaquo;<\/a>\n                    <\/div>\n            <\/div> <!-- Ende Askme Div -->\n    <\/p>","protected":false},"excerpt":{"rendered":"<p>&nbsp; Que movida!! \u00bfSer\u00e1 verdad?&#8230; Si me lo dice mi colega ser\u00e1 que si, no? \u00bf\u00bfY a qui\u00e9n pregunto?? Bua\u2026 si se enteran mis padres!!&#8230;MENUDA RALLADA!!! Si en alg\u00fan momento te has encontrado en una situaci\u00f3n as\u00ed, aqu\u00ed te dejamos un espacio donde puedes plantearnos tus \u00abralladas\u00bb y aclarar las dudas que te asaltan y [&hellip;]<!-- AddThis Advanced Settings generic via filter on get_the_excerpt --><!-- AddThis Share Buttons generic via filter on get_the_excerpt --><\/p>\n","protected":false},"author":5,"featured_media":4611,"parent":0,"menu_order":2,"comment_status":"closed","ping_status":"closed","template":"","meta":{"_mc_calendar":[],"footnotes":""},"categories":[],"tags":[],"_links":{"self":[{"href":"https:\/\/aizu.barakaldo.eus\/es\/wp-json\/wp\/v2\/pages\/223"}],"collection":[{"href":"https:\/\/aizu.barakaldo.eus\/es\/wp-json\/wp\/v2\/pages"}],"about":[{"href":"https:\/\/aizu.barakaldo.eus\/es\/wp-json\/wp\/v2\/types\/page"}],"author":[{"embeddable":true,"href":"https:\/\/aizu.barakaldo.eus\/es\/wp-json\/wp\/v2\/users\/5"}],"replies":[{"embeddable":true,"href":"https:\/\/aizu.barakaldo.eus\/es\/wp-json\/wp\/v2\/comments?post=223"}],"version-history":[{"count":27,"href":"https:\/\/aizu.barakaldo.eus\/es\/wp-json\/wp\/v2\/pages\/223\/revisions"}],"predecessor-version":[{"id":4502,"href":"https:\/\/aizu.barakaldo.eus\/es\/wp-json\/wp\/v2\/pages\/223\/revisions\/4502"}],"wp:featuredmedia":[{"embeddable":true,"href":"https:\/\/aizu.barakaldo.eus\/es\/wp-json\/wp\/v2\/media\/4611"}],"wp:attachment":[{"href":"https:\/\/aizu.barakaldo.eus\/es\/wp-json\/wp\/v2\/media?parent=223"}],"wp:term":[{"taxonomy":"category","embeddable":true,"href":"https:\/\/aizu.barakaldo.eus\/es\/wp-json\/wp\/v2\/categories?post=223"},{"taxonomy":"post_tag","embeddable":true,"href":"https:\/\/aizu.barakaldo.eus\/es\/wp-json\/wp\/v2\/tags?post=223"}],"curies":[{"name":"wp","href":"https:\/\/api.w.org\/{rel}","templated":true}]}}