{"id":230,"date":"2015-01-29T23:38:08","date_gmt":"2015-01-29T23:38:08","guid":{"rendered":"http:\/\/aizu.barakaldo.eus\/?page_id=230"},"modified":"2018-06-11T11:23:54","modified_gmt":"2018-06-11T09:23:54","slug":"cannabis","status":"publish","type":"page","link":"https:\/\/aizu.barakaldo.eus\/es\/drogas\/cannabis\/","title":{"rendered":"Cannabis"},"content":{"rendered":"<p>[vc_row][vc_column][vc_column_text]<\/p>\n<h1>\u00bfQu\u00e9 es?<\/h1>\n<p>El principal compuesto del cannabis es el THC (lo que coloca). De la planta del cannabis se extraen el hach\u00eds y la marihuana.<\/p>\n<p><strong>Marihuana<\/strong>: Flores de la planta femenina, los cogollos.<br \/>\n<strong>Hachis<\/strong>: La resina extraida de la planta.<br \/>\n<strong>THC<\/strong>: Es la sustancia que produce el efecto principal de los porros.El hach\u00eds que se encuentra en la calle suele llevar adulterantes.<\/p>\n<p>Se fuma sola o mezclada con tabaco. El humo se suele inhalar m\u00e1s profundamente y se retiene durante m\u00e1s tiempo que en un cigarro normal. Existen otros m\u00e9todos en los que no es necesario utilizar tabaco: galletas, bizcochos o pasteles. El cannabis tomado por la boca es m\u00e1s fuerte e intenso, no permite controlar la dosis ni sus efectos. No tengas prisa, sus efectos tardan en aparecer y duran m\u00e1s.<\/p>\n<p>\u00a1Cuidado que los efectos son m\u00e1s potentes!<\/p>\n<h2><a href=\"http:\/\/aizu.barakaldo.eus\/wp-content\/uploads\/2015\/01\/galletitas-cannabis.jpeg\"><img loading=\"lazy\" decoding=\"async\" class=\" wp-image-488 alignright\" src=\"http:\/\/aizu.barakaldo.eus\/wp-content\/uploads\/2015\/01\/galletitas-cannabis-300x132.jpeg\" alt=\"galletitas cannabis\" width=\"293\" height=\"128\" srcset=\"https:\/\/aizu.barakaldo.eus\/wp-content\/uploads\/2015\/01\/galletitas-cannabis-300x132.jpeg 300w, https:\/\/aizu.barakaldo.eus\/wp-content\/uploads\/2015\/01\/galletitas-cannabis-100x44.jpeg 100w, https:\/\/aizu.barakaldo.eus\/wp-content\/uploads\/2015\/01\/galletitas-cannabis-53x23.jpeg 53w, https:\/\/aizu.barakaldo.eus\/wp-content\/uploads\/2015\/01\/galletitas-cannabis.jpeg 339w\" sizes=\"(max-width: 293px) 100vw, 293px\" \/><\/a>Efectos<\/h2>\n<p>A menudo se modifican o intensifican las sensaciones y es f\u00e1cil ver lo c\u00f3mico de las cosas. Tambi\u00e9n se pueden dar colocones, apalanque, con indiferencia y pasividad aunque tampoco es raro sentirse ansioso, p\u00e9rdida de concentraci\u00f3n, desinter\u00e9s, idas de olla, perdida de memoria&#8230;<\/p>\n<p>Los efectos se notan a los pocos minutos, llegan a su m\u00e1ximo hacia la media hora y van desapareciendo una o dos horas despu\u00e9s, pero variar\u00e1n seg\u00fan las personas, y la concentraci\u00f3n de THC.<\/p>\n<h2><a href=\"http:\/\/aizu.barakaldo.eus\/wp-content\/uploads\/2015\/01\/light.jpg\"><img loading=\"lazy\" decoding=\"async\" class=\"  wp-image-237 aligncenter\" src=\"http:\/\/aizu.barakaldo.eus\/wp-content\/uploads\/2015\/01\/light-300x64.jpg\" alt=\"light\" width=\"591\" height=\"126\" srcset=\"https:\/\/aizu.barakaldo.eus\/wp-content\/uploads\/2015\/01\/light-300x64.jpg 300w, https:\/\/aizu.barakaldo.eus\/wp-content\/uploads\/2015\/01\/light.jpg 833w\" sizes=\"(max-width: 591px) 100vw, 591px\" \/><\/a><\/h2>\n<h2><strong>Riesgos<\/strong><\/h2>\n<p>En grandes cantidades, puede darse lentitud de pensamiento y disminuci\u00f3n de la concentraci\u00f3n y de la memoria. Personas con predisposici\u00f3n, podr\u00edan tener problemas psicol\u00f3gicos.<br \/>\nEl consumo a largo plazo produce problemas respiratorios y m\u00e1s cuando est\u00e9 mezclado con tabaco.<br \/>\nLa tolerancia se alcanza al poco tiempo, y desaparece despu\u00e9s de unos d\u00edas sin consumir. Los porros producen dependencia psicol\u00f3gica y les puede resultar muy dif\u00edcil abandonar el consumo.<\/p>\n<h2>Efectos de las mezclas con alcohol y otros estimulantes<\/h2>\n<p>Se potencian los efectos depresores, por lo que es m\u00e1s probable que te de un blanc\u00f3n.<br \/>\nEl cannabis frena los efectos estimulantes, lo que te lleva a consumir m\u00e1s.<br \/>\nCausa deshidrataci\u00f3n severa.<\/p>\n<h2>\u00bfQu\u00e9 hacer en caso de Blanc\u00f3n?<\/h2>\n<h2><a href=\"http:\/\/aizu.barakaldo.eus\/wp-content\/uploads\/2015\/01\/dulce.jpeg\"><img loading=\"lazy\" decoding=\"async\" class=\"  wp-image-489 alignright\" src=\"http:\/\/aizu.barakaldo.eus\/wp-content\/uploads\/2015\/01\/dulce-300x168.jpeg\" alt=\"dulce\" width=\"246\" height=\"138\" srcset=\"https:\/\/aizu.barakaldo.eus\/wp-content\/uploads\/2015\/01\/dulce.jpeg 300w, https:\/\/aizu.barakaldo.eus\/wp-content\/uploads\/2015\/01\/dulce-100x56.jpeg 100w, https:\/\/aizu.barakaldo.eus\/wp-content\/uploads\/2015\/01\/dulce-53x30.jpeg 53w\" sizes=\"(max-width: 246px) 100vw, 246px\" \/><\/a><\/h2>\n<p>Es importante comer y beber cosas que contengan azucar para evitar que te de un blanc\u00f3n (bajada de tensi\u00f3n).<br \/>\nToma aire, refrescate la cara, toma azucar y bebe agua o zumos.<\/p>\n<h2>\u00bfQu\u00e9 dice la Ley?<\/h2>\n<h2><\/h2>\n<p>La Ley de Seguridad Ciudadana dice que tener porros de Mar\u00eda o Hachis, o consumirlos en la calle, est\u00e1 <strong>sancionado<\/strong> con una multa de 300,52 a 3050 euros.<\/p>\n<p>Y todo lo que no sea consumo propio est\u00e1 penalizado como delito (elaborar, cultivar, producir o traficar)<\/p>\n<h2>\u00bfCuando es delito y no infracci\u00f3n?<a href=\"http:\/\/aizu.barakaldo.eus\/wp-content\/uploads\/2015\/01\/ley.jpeg\"><img loading=\"lazy\" decoding=\"async\" class=\" size-full wp-image-490 alignright\" src=\"http:\/\/aizu.barakaldo.eus\/wp-content\/uploads\/2015\/01\/ley.jpeg\" alt=\"ley\" width=\"259\" height=\"194\" srcset=\"https:\/\/aizu.barakaldo.eus\/wp-content\/uploads\/2015\/01\/ley.jpeg 259w, https:\/\/aizu.barakaldo.eus\/wp-content\/uploads\/2015\/01\/ley-100x75.jpeg 100w, https:\/\/aizu.barakaldo.eus\/wp-content\/uploads\/2015\/01\/ley-53x40.jpeg 53w\" sizes=\"(max-width: 259px) 100vw, 259px\" \/><\/a><\/h2>\n<p><strong>Depende de:<\/strong><\/p>\n<ul>\n<li>La cantidad.<\/li>\n<li>El dinero con el que te pillen<\/li>\n<li>Utensilios de medida (peso de precisi\u00f3n,\u2026)<\/li>\n<li>Repartici\u00f3n de las sustancias en dosis (bolsas,\u2026)<\/li>\n<\/ul>\n<p>[\/vc_column_text][\/vc_column][\/vc_row]<\/p>\n<!-- AddThis Advanced Settings generic via filter on the_content --><!-- AddThis Share Buttons generic via filter on the_content -->","protected":false},"excerpt":{"rendered":"<p>[vc_row][vc_column][vc_column_text] \u00bfQu\u00e9 es? El principal compuesto del cannabis es el THC (lo que coloca). De la planta del cannabis se extraen el hach\u00eds y la marihuana. Marihuana: Flores de la planta femenina, los cogollos. Hachis: La resina extraida de la planta. THC: Es la sustancia que produce el efecto principal de los porros.El hach\u00eds que [&hellip;]<!-- AddThis Advanced Settings generic via filter on get_the_excerpt --><!-- AddThis Share Buttons generic via filter on get_the_excerpt --><\/p>\n","protected":false},"author":5,"featured_media":4536,"parent":204,"menu_order":3,"comment_status":"closed","ping_status":"closed","template":"","meta":{"_mc_calendar":[],"footnotes":""},"categories":[],"tags":[],"_links":{"self":[{"href":"https:\/\/aizu.barakaldo.eus\/es\/wp-json\/wp\/v2\/pages\/230"}],"collection":[{"href":"https:\/\/aizu.barakaldo.eus\/es\/wp-json\/wp\/v2\/pages"}],"about":[{"href":"https:\/\/aizu.barakaldo.eus\/es\/wp-json\/wp\/v2\/types\/page"}],"author":[{"embeddable":true,"href":"https:\/\/aizu.barakaldo.eus\/es\/wp-json\/wp\/v2\/users\/5"}],"replies":[{"embeddable":true,"href":"https:\/\/aizu.barakaldo.eus\/es\/wp-json\/wp\/v2\/comments?post=230"}],"version-history":[{"count":21,"href":"https:\/\/aizu.barakaldo.eus\/es\/wp-json\/wp\/v2\/pages\/230\/revisions"}],"predecessor-version":[{"id":5040,"href":"https:\/\/aizu.barakaldo.eus\/es\/wp-json\/wp\/v2\/pages\/230\/revisions\/5040"}],"up":[{"embeddable":true,"href":"https:\/\/aizu.barakaldo.eus\/es\/wp-json\/wp\/v2\/pages\/204"}],"wp:featuredmedia":[{"embeddable":true,"href":"https:\/\/aizu.barakaldo.eus\/es\/wp-json\/wp\/v2\/media\/4536"}],"wp:attachment":[{"href":"https:\/\/aizu.barakaldo.eus\/es\/wp-json\/wp\/v2\/media?parent=230"}],"wp:term":[{"taxonomy":"category","embeddable":true,"href":"https:\/\/aizu.barakaldo.eus\/es\/wp-json\/wp\/v2\/categories?post=230"},{"taxonomy":"post_tag","embeddable":true,"href":"https:\/\/aizu.barakaldo.eus\/es\/wp-json\/wp\/v2\/tags?post=230"}],"curies":[{"name":"wp","href":"https:\/\/api.w.org\/{rel}","templated":true}]}}