{"id":493,"date":"2015-02-17T16:00:06","date_gmt":"2015-02-17T16:00:06","guid":{"rendered":"http:\/\/aizu.barakaldo.eus\/?page_id=493"},"modified":"2018-06-11T09:52:43","modified_gmt":"2018-06-11T07:52:43","slug":"tabaco","status":"publish","type":"page","link":"https:\/\/aizu.barakaldo.eus\/es\/drogas\/tabaco\/","title":{"rendered":"Tabaco"},"content":{"rendered":"<p>[vc_row][vc_column][vc_column_text]<\/p>\n<p><strong>\u00bfQu\u00e9 es?<\/strong><\/p>\n<p>El tabaco es uno de los estimulantes m\u00e1s potentes. Su principio activo es la nicotina (lo que engancha). Se trata de una droga legal muy com\u00fan en nuestra sociedad, por eso mucha gente no considera que lo sea a pesar de su potente efecto adictivo.<\/p>\n<p><strong>Efectos<\/strong><\/p>\n<p>[\/vc_column_text][\/vc_column][\/vc_row][vc_row][vc_column width=&#8221;1\/2&#8243;][vc_column_text]<strong><ins datetime=\"2015-02-17T15:07:56+00:00\">En tu f\u00edsico:<\/ins><\/strong><br \/>\n&#8211; Dedos y dientes amarillos<br \/>\n&#8211; Mal aliento<br \/>\n&#8211; M\u00e1s espinillas<br \/>\n&#8211; Piel seca<br \/>\n&#8211; M\u00e1s celulitis<\/p>\n<p>[\/vc_column_text][vc_column_text]<strong><ins datetime=\"2015-02-17T15:07:56+00:00\">Al respirar:<\/ins><\/strong><br \/>\n&#8211; Fatiga<br \/>\n&#8211; Tos<br \/>\n&#8211; Flemas<br \/>\n&#8211; M\u00e1s catarros<\/p>\n<p>[\/vc_column_text][\/vc_column][vc_column width=&#8221;1\/2&#8243;][vc_raw_html]JTNDcCUzRSUzQ3N0cm9uZyUzRSUzQ2lucyUyMGRhdGV0aW1lJTNEJTIyMjAxNS0wMi0xN1QxNSUzQTA3JTNBNTYlMkIwMCUzQTAwJTIyJTNFRW4lMjB0dXMlMjBzZW50aWRvcyUzQSUzQyUyRmlucyUzRSUzQyUyRnN0cm9uZyUzRSUzQ2JyJTJGJTNFJTBBLSUyME5hZGElMjBzYWJlJTIwbmklMjBodWVsZSUyMGlndWFsJTNDJTJGcCUzRSUwQSUzQ3AlMjBzdHlsZSUzRCUyMnRleHQtYWxpZ24lM0ElMjBsZWZ0JTNCJTIyJTNFJTNDc3Ryb25nJTNFJTNDaW5zJTIwZGF0ZXRpbWUlM0QlMjIyMDE1LTAyLTE3VDE1JTNBMDclM0E1NiUyQjAwJTNBMDAlMjIlM0VBbCUyMHByYWN0aWNhciUyMGRlcG9ydGUlM0ElM0MlMkZpbnMlM0UlM0MlMkZzdHJvbmclM0UlM0NiciUyRiUzRSUwQS0lMjBNZW5vcyUyMGFndWFudGUlM0NiciUyMCUyRiUzRSUwQS0lMjBEZXN0cm96YSUyMGxvcyUyMHB1bG1vbmVzJTNDYnIlMjAlMkYlM0UlMEEtJTIwQ2Fuc2FuY2lvJTNDYnIlMkYlM0UlMEEtJTIwRmFsdGElMjBkZSUyMGFpcmUlM0MlMkZwJTNFJTBB[\/vc_raw_html][vc_raw_html]JTNDcCUyMHN0eWxlJTNEJTIydGV4dC1hbGlnbiUzQSUyMGxlZnQlM0IlMjIlM0UlM0NzdHJvbmclM0UlM0NpbnMlMjBkYXRldGltZSUzRCUyMjIwMTUtMDItMTdUMTUlM0EwNyUzQTU2JTJCMDAlM0EwMCUyMiUzRUVuJTIwdHUlMjBlc3RhZG8lM0MlMkZpbnMlM0UlM0MlMkZzdHJvbmclM0UlM0ElM0NiciUyRiUzRSUwQS0lMjBBZ2l0YWNpJUMzJUIzbiUzQ2JyJTJGJTNFJTBBLSUyMElucXVpZXR1ZCUzQ2JyJTJGJTNFJTBBLSUyME5lcnZpb3MlM0NiciUyRiUzRSUwQS0lMjBDb3JheiVDMyVCM24lMjBhY2VsZXJhZG8lM0NiciUyRiUzRSUwQS0lMjBBcnRlcmlhcyUyMGNvbXByaW1pZGFzJTNDJTJGcCUzRSUwQQ==[\/vc_raw_html][\/vc_column][\/vc_row][vc_row][vc_column][vc_raw_html]JTBBJTNDcCUzRSUzQ3N0cm9uZyUzRSVDMiVBMSVDMiVBMSVDMiVBMUN1aWRhZG8lMjBxdWUlMjBlbmNnYW5jaGElMjElMjElMjElM0MlMkZzdHJvbmclM0UlM0MlMkZwJTNFJTBBJTNDcCUzRUNvbWllbnphcyUyMGZ1bWFuZG8lMjBlbCUyMHByaW1lciUyMGNpZ2Fycm8lMjBwYXJhJTIwbm8lMjBzZXIlMjBtZW5vcy4uLiUzQyUyRnAlM0UlMEElM0NwJTNFQWwlMjBwb2NvJTIwdGllbXBvJTIwZGVzY3VicmVzJTIwcXVlJTIwdGUlMjBmYWx0YSUyMGFsZ28lMjBzaSUyMG5vJTIwZnVtYXMuLi4lM0MlMkZwJTNFJTBBJTNDcCUzRVByb250byUyMG5vJTIwcHVlZGVzJTIwc29zcG9ydGFyJTIwZXN0YXIlMjBzaW4lMjB0YWJhY28uLi4lM0MlMkZwJTNF[\/vc_raw_html][\/vc_column][\/vc_row]<\/p>\n<!-- AddThis Advanced Settings generic via filter on the_content --><!-- AddThis Share Buttons generic via filter on the_content -->","protected":false},"excerpt":{"rendered":"<p>[vc_row][vc_column][vc_column_text] \u00bfQu\u00e9 es? El tabaco es uno de los estimulantes m\u00e1s potentes. Su principio activo es la nicotina (lo que engancha). Se trata de una droga legal muy com\u00fan en nuestra sociedad, por eso mucha gente no considera que lo sea a pesar de su potente efecto adictivo. Efectos [\/vc_column_text][\/vc_column][\/vc_row][vc_row][vc_column width=&#8221;1\/2&#8243;][vc_column_text]En tu f\u00edsico: &#8211; Dedos [&hellip;]<!-- AddThis Advanced Settings generic via filter on get_the_excerpt --><!-- AddThis Share Buttons generic via filter on get_the_excerpt --><\/p>\n","protected":false},"author":5,"featured_media":4535,"parent":204,"menu_order":2,"comment_status":"closed","ping_status":"closed","template":"","meta":{"_mc_calendar":[],"footnotes":""},"categories":[],"tags":[],"_links":{"self":[{"href":"https:\/\/aizu.barakaldo.eus\/es\/wp-json\/wp\/v2\/pages\/493"}],"collection":[{"href":"https:\/\/aizu.barakaldo.eus\/es\/wp-json\/wp\/v2\/pages"}],"about":[{"href":"https:\/\/aizu.barakaldo.eus\/es\/wp-json\/wp\/v2\/types\/page"}],"author":[{"embeddable":true,"href":"https:\/\/aizu.barakaldo.eus\/es\/wp-json\/wp\/v2\/users\/5"}],"replies":[{"embeddable":true,"href":"https:\/\/aizu.barakaldo.eus\/es\/wp-json\/wp\/v2\/comments?post=493"}],"version-history":[{"count":22,"href":"https:\/\/aizu.barakaldo.eus\/es\/wp-json\/wp\/v2\/pages\/493\/revisions"}],"predecessor-version":[{"id":5036,"href":"https:\/\/aizu.barakaldo.eus\/es\/wp-json\/wp\/v2\/pages\/493\/revisions\/5036"}],"up":[{"embeddable":true,"href":"https:\/\/aizu.barakaldo.eus\/es\/wp-json\/wp\/v2\/pages\/204"}],"wp:featuredmedia":[{"embeddable":true,"href":"https:\/\/aizu.barakaldo.eus\/es\/wp-json\/wp\/v2\/media\/4535"}],"wp:attachment":[{"href":"https:\/\/aizu.barakaldo.eus\/es\/wp-json\/wp\/v2\/media?parent=493"}],"wp:term":[{"taxonomy":"category","embeddable":true,"href":"https:\/\/aizu.barakaldo.eus\/es\/wp-json\/wp\/v2\/categories?post=493"},{"taxonomy":"post_tag","embeddable":true,"href":"https:\/\/aizu.barakaldo.eus\/es\/wp-json\/wp\/v2\/tags?post=493"}],"curies":[{"name":"wp","href":"https:\/\/api.w.org\/{rel}","templated":true}]}}