{"id":510,"date":"2015-02-17T17:22:39","date_gmt":"2015-02-17T17:22:39","guid":{"rendered":"http:\/\/aizu.barakaldo.eus\/?page_id=510"},"modified":"2018-01-22T15:40:21","modified_gmt":"2018-01-22T14:40:21","slug":"bebidas-energeticas","status":"publish","type":"page","link":"https:\/\/aizu.barakaldo.eus\/es\/drogas\/bebidas-energeticas\/","title":{"rendered":"Bebidas&#8230; \u00bfenerg\u00e9ticas?"},"content":{"rendered":"<p><strong>QU\u00c9 SON&#8230;<br \/>\n<\/strong><\/p>\n<p>Desde hace algunos a\u00f1os, las bebidas energ\u00e9ticas se han puesto de moda y su consumo no ha dejado de crecer. Al contrario de lo que se piensa, estas bebidas no aportan una dosis de energ\u00eda extra sino una gran cantidad de cafe\u00edna.<br \/>\nSon refrescos que contienen una mezcla de sustancias entre las que destacan la <strong>cafe\u00edna<\/strong>, los <strong>amino\u00e1cidos<\/strong> (como la taurina), <strong>carbohidratos<\/strong> (como glucoronolactona, un derivado de la glucosa), <strong>vitaminas<\/strong> y, a veces, <strong>extractos de plantas medicinales<\/strong>, como el ginseng o el guaran\u00e1.<\/p>\n<p>&nbsp;<\/p>\n<p><strong>QU\u00c9 NO SON&#8230;<\/strong><\/p>\n<p>&nbsp;<\/p>\n<p>De acuerdo a sus productores, son bebidas que fueron creadas para &#8220;incrementar la <strong>resistencia f\u00edsica<\/strong>; proveer reacciones <strong>m\u00e1s veloces<\/strong> y <strong>mayor concentraci\u00f3n<\/strong>; aumentar el <strong>estado de alerta<\/strong> mental (evitar el sue\u00f1o); proporcionar sensaci\u00f3n de <strong>bienestar<\/strong>; estimular el metabolismo y ayudar a <strong>eliminar sustancias nocivas<\/strong> para el cuerpo&#8221;. Tambi\u00e9n son usadas con motivos deportivos. Actualmente se emplean para resistir noches y d\u00edas enteros bailando en los llamados &#8220;after party&#8221; (despu\u00e9s de la fiesta).<\/p>\n<p>&nbsp;<\/p>\n<p><a href=\"http:\/\/aizu.barakaldo.eus\/wp-content\/uploads\/2015\/01\/alcohol-fuego.jpeg\"><img loading=\"lazy\" decoding=\"async\" class=\"  wp-image-454 aligncenter\" src=\"http:\/\/aizu.barakaldo.eus\/wp-content\/uploads\/2015\/01\/alcohol-fuego.jpeg\" alt=\"alcohol fuego\" width=\"340\" height=\"192\" srcset=\"https:\/\/aizu.barakaldo.eus\/wp-content\/uploads\/2015\/01\/alcohol-fuego.jpeg 299w, https:\/\/aizu.barakaldo.eus\/wp-content\/uploads\/2015\/01\/alcohol-fuego-100x57.jpeg 100w, https:\/\/aizu.barakaldo.eus\/wp-content\/uploads\/2015\/01\/alcohol-fuego-53x30.jpeg 53w\" sizes=\"(max-width: 340px) 100vw, 340px\" \/><\/a><\/p>\n<p>&nbsp;<\/p>\n<p>Sin embargo, hasta ahora <strong>no existe evidencia real<\/strong> de que el consumo de estas bebidas mejore la ejecuci\u00f3n f\u00edsica y mental, ni la habilidad para manejar cuando se est\u00e1 cansado o bien que disminuya la fatiga mental durante periodos prolongados de concentraci\u00f3n, ya que no se cuenta con informaci\u00f3n suficiente para afirmarlo.<\/p>\n<p>&nbsp;<\/p>\n<p><strong>CUIDADO&#8230;<\/strong><\/p>\n<p>&nbsp;<\/p>\n<p>Su consumo debe limitarse en <strong>grupos de riesgo<\/strong> como mujeres en edad reproductiva y ni\u00f1os, ya que el consumo de cafe\u00edna puede llegar a provocar:<\/p>\n<p>\u2022 Nerviosismo<br \/>\n\u2022 Irritabilidad<br \/>\n\u2022 Insomnio<br \/>\n\u2022 Incremento de orina<br \/>\n\u2022 Ritmos cardiacos anormales (arritmias)<br \/>\n\u2022 Malestar estomacal<\/p>\n<p style=\"text-align: center;\"><a href=\"http:\/\/aizu.barakaldo.eus\/wp-content\/uploads\/2015\/02\/bebidas-energeticas2-1024x768.jpg\"><img loading=\"lazy\" decoding=\"async\" class=\"alignnone  wp-image-521\" src=\"http:\/\/aizu.barakaldo.eus\/wp-content\/uploads\/2015\/02\/bebidas-energeticas2-1024x768-300x225.jpg\" alt=\"bebidas-energeticas2-1024x768\" width=\"309\" height=\"232\" srcset=\"https:\/\/aizu.barakaldo.eus\/wp-content\/uploads\/2015\/02\/bebidas-energeticas2-1024x768-300x225.jpg 300w, https:\/\/aizu.barakaldo.eus\/wp-content\/uploads\/2015\/02\/bebidas-energeticas2-1024x768.jpg 1024w, https:\/\/aizu.barakaldo.eus\/wp-content\/uploads\/2015\/02\/bebidas-energeticas2-1024x768-100x75.jpg 100w, https:\/\/aizu.barakaldo.eus\/wp-content\/uploads\/2015\/02\/bebidas-energeticas2-1024x768-53x40.jpg 53w\" sizes=\"(max-width: 309px) 100vw, 309px\" \/><\/a><\/p>\n<p><ins datetime=\"2015-02-17T16:14:39+00:00\">Es importante diferenciarlas de las bebidas para deportistas<\/ins>, dise\u00f1adas para la recuperaci\u00f3n de sales minerales despu\u00e9s de una actividad f\u00edsica intensa.<br \/>\nUna lata de bebida energ\u00e9tica contiene una dosis de cafe\u00edna muy alta que equivaldr\u00eda, aproximadamente, a la de cuatro tazas de caf\u00e9 filtrado, o lo que es lo mismo, a la de casi cuatro latas de Cocacola.<\/p>\n<p>&nbsp;<\/p>\n<p>&nbsp;<\/p>\n<p><strong>ALCOHOL Y BEBIDAS ENERG\u00c9TICAS<\/strong><\/p>\n<p>La combinaci\u00f3n de bebidas energ\u00e9ticas y alcohol puede provocar efectos como alteraciones cardiovasculares (taquicardia, palpitaciones o aumento de la presi\u00f3n arterial), insomnio, nerviosismo y falta de coordinaci\u00f3n motora.<\/p>\n<p>&nbsp;<\/p>\n<p><a href=\"http:\/\/aizu.barakaldo.eus\/wp-content\/uploads\/2015\/02\/alcohol-redbull.jpeg\"><img loading=\"lazy\" decoding=\"async\" class=\"  wp-image-522 alignleft\" src=\"http:\/\/aizu.barakaldo.eus\/wp-content\/uploads\/2015\/02\/alcohol-redbull.jpeg\" alt=\"alcohol+redbull\" width=\"292\" height=\"219\" srcset=\"https:\/\/aizu.barakaldo.eus\/wp-content\/uploads\/2015\/02\/alcohol-redbull.jpeg 259w, https:\/\/aizu.barakaldo.eus\/wp-content\/uploads\/2015\/02\/alcohol-redbull-100x75.jpeg 100w, https:\/\/aizu.barakaldo.eus\/wp-content\/uploads\/2015\/02\/alcohol-redbull-53x40.jpeg 53w\" sizes=\"(max-width: 292px) 100vw, 292px\" \/><\/a><\/p>\n<p style=\"text-align: right;\">\u00a0Adem\u00e1s, existe la falsa idea de que &#8216;repara&#8217; los efectos del alcohol cuando, en realidad, s\u00f3lo oculta la embriaguez. Esta ilusoria sensaci\u00f3n de control puede provocar que quienes hayan bebido, opten por conducir creyendo que est\u00e1n en condiciones de hacerlo, con el peligro que supone.<\/p>\n<p>&nbsp;<\/p>\n<p>&nbsp;<\/p>\n<p>&nbsp;<\/p>\n<p>&nbsp;<\/p>\n<p><strong>ALGUNAS RECOMENDACIONES&#8230;<\/strong><\/p>\n<p style=\"text-align: left;\">Seg\u00fan un informe elaborado por el Comit\u00e9 Cient\u00edfico Asesor de Seguridad Alimentaria, la Agencia de Salud P\u00fablica de Catalu\u00f1a recomienda de la Agencia Catalana de Seguridad Alimentaria (ASPCAT):<\/p>\n<p style=\"text-align: left;\">\u2022 No mezclar estas bebidas con alcohol.<br \/>\n\u2022 Embarazadas y mujeres lactantes, ni\u00f1os, personas sensibles a la cafe\u00edna, con trastornos cardiovasculares o neurol\u00f3gicos deber\u00edan abstenerse de consumirlas.<br \/>\n\u2022 No utilizarlas para reponer los l\u00edquidos perdidos en la actividad f\u00edsica intensa: la cafe\u00edna tienen efectos diur\u00e9ticos y aumenta el riesgo de deshidrataci\u00f3n. En estos casos hay que beber agua o bebidas dise\u00f1adas para ello.<\/p>\n<p style=\"text-align: left;\">Fuente: <a href=\"http:\/\/www.consumer.es\/web\/es\/salud\/prevencion\/2014\/10\/24\/220804.php\">Consumer<\/a><\/p>\n<p><\/p>\n<!-- AddThis Advanced Settings generic via filter on the_content --><!-- AddThis Share Buttons generic via filter on the_content -->","protected":false},"excerpt":{"rendered":"<p>QU\u00c9 SON&#8230; Desde hace algunos a\u00f1os, las bebidas energ\u00e9ticas se han puesto de moda y su consumo no ha dejado de crecer. Al contrario de lo que se piensa, estas bebidas no aportan una dosis de energ\u00eda extra sino una gran cantidad de cafe\u00edna. Son refrescos que contienen una mezcla de sustancias entre las que [&hellip;]<!-- AddThis Advanced Settings generic via filter on get_the_excerpt --><!-- AddThis Share Buttons generic via filter on get_the_excerpt --><\/p>\n","protected":false},"author":5,"featured_media":514,"parent":204,"menu_order":0,"comment_status":"closed","ping_status":"closed","template":"","meta":{"_mc_calendar":[],"footnotes":""},"categories":[],"tags":[],"_links":{"self":[{"href":"https:\/\/aizu.barakaldo.eus\/es\/wp-json\/wp\/v2\/pages\/510"}],"collection":[{"href":"https:\/\/aizu.barakaldo.eus\/es\/wp-json\/wp\/v2\/pages"}],"about":[{"href":"https:\/\/aizu.barakaldo.eus\/es\/wp-json\/wp\/v2\/types\/page"}],"author":[{"embeddable":true,"href":"https:\/\/aizu.barakaldo.eus\/es\/wp-json\/wp\/v2\/users\/5"}],"replies":[{"embeddable":true,"href":"https:\/\/aizu.barakaldo.eus\/es\/wp-json\/wp\/v2\/comments?post=510"}],"version-history":[{"count":20,"href":"https:\/\/aizu.barakaldo.eus\/es\/wp-json\/wp\/v2\/pages\/510\/revisions"}],"predecessor-version":[{"id":4251,"href":"https:\/\/aizu.barakaldo.eus\/es\/wp-json\/wp\/v2\/pages\/510\/revisions\/4251"}],"up":[{"embeddable":true,"href":"https:\/\/aizu.barakaldo.eus\/es\/wp-json\/wp\/v2\/pages\/204"}],"wp:featuredmedia":[{"embeddable":true,"href":"https:\/\/aizu.barakaldo.eus\/es\/wp-json\/wp\/v2\/media\/514"}],"wp:attachment":[{"href":"https:\/\/aizu.barakaldo.eus\/es\/wp-json\/wp\/v2\/media?parent=510"}],"wp:term":[{"taxonomy":"category","embeddable":true,"href":"https:\/\/aizu.barakaldo.eus\/es\/wp-json\/wp\/v2\/categories?post=510"},{"taxonomy":"post_tag","embeddable":true,"href":"https:\/\/aizu.barakaldo.eus\/es\/wp-json\/wp\/v2\/tags?post=510"}],"curies":[{"name":"wp","href":"https:\/\/api.w.org\/{rel}","templated":true}]}}