{"id":541,"date":"2015-02-19T13:20:34","date_gmt":"2015-02-19T13:20:34","guid":{"rendered":"http:\/\/aizu.barakaldo.eus\/?page_id=541"},"modified":"2018-01-29T10:29:48","modified_gmt":"2018-01-29T09:29:48","slug":"redes-sociales","status":"publish","type":"page","link":"https:\/\/aizu.barakaldo.eus\/es\/adicciones-sin-sustancias\/redes-sociales\/","title":{"rendered":"Redes Sociales"},"content":{"rendered":"<p><br \/>\n\u00bfTe suena esta escena? Para bien o para mal, en los \u00faltimos a\u00f1os las nuevas tecnolog\u00edas se han hecho un hueco entre nosotr@s y han venido para quedarse.<\/p>\n<p>&nbsp;<\/p>\n<p><ins datetime=\"2015-02-19T10:57:27+00:00\"><strong>Lo bueno<a href=\"http:\/\/aizu.barakaldo.eus\/wp-content\/uploads\/2015\/01\/mu\u00f1ecos2.png\"><img loading=\"lazy\" decoding=\"async\" class=\"  wp-image-719 alignright\" src=\"http:\/\/aizu.barakaldo.eus\/wp-content\/uploads\/2015\/01\/mu\u00f1ecos2-214x300.png\" alt=\"mu\u00f1ecos2\" width=\"121\" height=\"170\" srcset=\"https:\/\/aizu.barakaldo.eus\/wp-content\/uploads\/2015\/01\/mu\u00f1ecos2-214x300.png 214w, https:\/\/aizu.barakaldo.eus\/wp-content\/uploads\/2015\/01\/mu\u00f1ecos2-731x1024.png 731w, https:\/\/aizu.barakaldo.eus\/wp-content\/uploads\/2015\/01\/mu\u00f1ecos2-71x100.png 71w, https:\/\/aizu.barakaldo.eus\/wp-content\/uploads\/2015\/01\/mu\u00f1ecos2-38x53.png 38w, https:\/\/aizu.barakaldo.eus\/wp-content\/uploads\/2015\/01\/mu\u00f1ecos2.png 1500w\" sizes=\"(max-width: 121px) 100vw, 121px\" \/><\/a><\/strong><\/ins><\/p>\n<ul>\n<li>Comunicaci\u00f3n inmediata y barata<\/li>\n<li>Compartir y buscar informaci\u00f3n (fotos, v\u00eddeos&#8230;)<\/li>\n<li>Jugar &#8220;on-line&#8221;<\/li>\n<li>Crear contenidos (fotos, m\u00fasica, v\u00eddeos, textos&#8230;)<\/li>\n<li>Mantener el contacto<\/li>\n<li>Hacer planes<\/li>\n<\/ul>\n<p>&nbsp;<\/p>\n<p><ins datetime=\"2015-02-19T10:57:27+00:00\"><strong>Lo malo<a href=\"http:\/\/aizu.barakaldo.eus\/wp-content\/uploads\/2015\/02\/mu\u00f1ecos.png\"><img loading=\"lazy\" decoding=\"async\" class=\"  wp-image-1136 alignright\" src=\"http:\/\/aizu.barakaldo.eus\/wp-content\/uploads\/2015\/02\/mu\u00f1ecos-200x300.png\" alt=\"mu\u00f1ecos\" width=\"116\" height=\"174\" srcset=\"https:\/\/aizu.barakaldo.eus\/wp-content\/uploads\/2015\/02\/mu\u00f1ecos-200x300.png 200w, https:\/\/aizu.barakaldo.eus\/wp-content\/uploads\/2015\/02\/mu\u00f1ecos-683x1024.png 683w, https:\/\/aizu.barakaldo.eus\/wp-content\/uploads\/2015\/02\/mu\u00f1ecos-67x100.png 67w, https:\/\/aizu.barakaldo.eus\/wp-content\/uploads\/2015\/02\/mu\u00f1ecos-35x53.png 35w, https:\/\/aizu.barakaldo.eus\/wp-content\/uploads\/2015\/02\/mu\u00f1ecos.png 1200w\" sizes=\"(max-width: 116px) 100vw, 116px\" \/><\/a><\/strong><\/ins><\/p>\n<ul>\n<li>Fotos p\u00fablicas<\/li>\n<li>Fotos trucadas, burlas&#8230;<\/li>\n<li>Fotos sin nuestro permiso<\/li>\n<li>Dejar de hacer otras actividades<\/li>\n<li>Huella digital<\/li>\n<li>Uso de la informaci\u00f3n con malas intenciones (Hackers)<\/li>\n<\/ul>\n<p>&nbsp;<\/p>\n<p><ins datetime=\"2015-02-19T10:57:27+00:00\"><strong>Huella Digital<a href=\"http:\/\/aizu.barakaldo.eus\/wp-content\/uploads\/2015\/02\/huella-digital.png\"><img loading=\"lazy\" decoding=\"async\" class=\"  wp-image-651 alignright\" src=\"http:\/\/aizu.barakaldo.eus\/wp-content\/uploads\/2015\/02\/huella-digital.png\" alt=\"huella digital\" width=\"125\" height=\"163\" srcset=\"https:\/\/aizu.barakaldo.eus\/wp-content\/uploads\/2015\/02\/huella-digital.png 153w, https:\/\/aizu.barakaldo.eus\/wp-content\/uploads\/2015\/02\/huella-digital-77x100.png 77w, https:\/\/aizu.barakaldo.eus\/wp-content\/uploads\/2015\/02\/huella-digital-41x53.png 41w\" sizes=\"(max-width: 125px) 100vw, 125px\" \/><\/a><\/strong><\/ins><\/p>\n<p>\u00bfQu\u00e9 datos aparecen sobre t\u00ed en Internet? Aunque pienses que son pocos es mejor que lo compruebes&#8230; igual te sorprendes!!!<\/p>\n<p>Pon tu nombre y apellidos entre comillas y m\u00e9telo en Google&#8230; \u00bfqu\u00e9 te parece?<br \/>\nSi no es lo que esperabas, puedes crear una alerta que te avise cada vez que tu nombre salga publicado en Internet.<\/p>\n<p>La huella digital es eso, que tus datos personales pueden pulular por la red sin que puedas controlarlos; SON IMBORRABLES.<\/p>\n<!-- AddThis Advanced Settings generic via filter on the_content --><!-- AddThis Share Buttons generic via filter on the_content -->","protected":false},"excerpt":{"rendered":"<p>\u00bfTe suena esta escena? Para bien o para mal, en los \u00faltimos a\u00f1os las nuevas tecnolog\u00edas se han hecho un hueco entre nosotr@s y han venido para quedarse. &nbsp; Lo bueno Comunicaci\u00f3n inmediata y barata Compartir y buscar informaci\u00f3n (fotos, v\u00eddeos&#8230;) Jugar &#8220;on-line&#8221; Crear contenidos (fotos, m\u00fasica, v\u00eddeos, textos&#8230;) Mantener el contacto Hacer planes &nbsp; [&hellip;]<!-- AddThis Advanced Settings generic via filter on get_the_excerpt --><!-- AddThis Share Buttons generic via filter on get_the_excerpt --><\/p>\n","protected":false},"author":5,"featured_media":598,"parent":46,"menu_order":0,"comment_status":"closed","ping_status":"closed","template":"","meta":{"_mc_calendar":[],"footnotes":""},"categories":[],"tags":[],"_links":{"self":[{"href":"https:\/\/aizu.barakaldo.eus\/es\/wp-json\/wp\/v2\/pages\/541"}],"collection":[{"href":"https:\/\/aizu.barakaldo.eus\/es\/wp-json\/wp\/v2\/pages"}],"about":[{"href":"https:\/\/aizu.barakaldo.eus\/es\/wp-json\/wp\/v2\/types\/page"}],"author":[{"embeddable":true,"href":"https:\/\/aizu.barakaldo.eus\/es\/wp-json\/wp\/v2\/users\/5"}],"replies":[{"embeddable":true,"href":"https:\/\/aizu.barakaldo.eus\/es\/wp-json\/wp\/v2\/comments?post=541"}],"version-history":[{"count":47,"href":"https:\/\/aizu.barakaldo.eus\/es\/wp-json\/wp\/v2\/pages\/541\/revisions"}],"predecessor-version":[{"id":4242,"href":"https:\/\/aizu.barakaldo.eus\/es\/wp-json\/wp\/v2\/pages\/541\/revisions\/4242"}],"up":[{"embeddable":true,"href":"https:\/\/aizu.barakaldo.eus\/es\/wp-json\/wp\/v2\/pages\/46"}],"wp:featuredmedia":[{"embeddable":true,"href":"https:\/\/aizu.barakaldo.eus\/es\/wp-json\/wp\/v2\/media\/598"}],"wp:attachment":[{"href":"https:\/\/aizu.barakaldo.eus\/es\/wp-json\/wp\/v2\/media?parent=541"}],"wp:term":[{"taxonomy":"category","embeddable":true,"href":"https:\/\/aizu.barakaldo.eus\/es\/wp-json\/wp\/v2\/categories?post=541"},{"taxonomy":"post_tag","embeddable":true,"href":"https:\/\/aizu.barakaldo.eus\/es\/wp-json\/wp\/v2\/tags?post=541"}],"curies":[{"name":"wp","href":"https:\/\/api.w.org\/{rel}","templated":true}]}}