{"id":666,"date":"2015-02-23T12:20:10","date_gmt":"2015-02-23T12:20:10","guid":{"rendered":"http:\/\/aizu.barakaldo.eus\/?page_id=666"},"modified":"2018-06-11T11:39:11","modified_gmt":"2018-06-11T09:39:11","slug":"cocaina","status":"publish","type":"page","link":"https:\/\/aizu.barakaldo.eus\/es\/drogas\/cocaina\/","title":{"rendered":"Coca\u00edna"},"content":{"rendered":"<p><strong>\u00bfQu\u00e9 es?<\/strong><\/p>\n<p><a href=\"http:\/\/aizu.barakaldo.eus\/wp-content\/uploads\/2015\/02\/cocaina.jpg\"><img loading=\"lazy\" decoding=\"async\" class=\" size-medium wp-image-1233 alignright\" src=\"http:\/\/aizu.barakaldo.eus\/wp-content\/uploads\/2015\/02\/cocaina-196x300.jpg\" alt=\"cocaina\" width=\"196\" height=\"300\" srcset=\"https:\/\/aizu.barakaldo.eus\/wp-content\/uploads\/2015\/02\/cocaina-196x300.jpg 196w, https:\/\/aizu.barakaldo.eus\/wp-content\/uploads\/2015\/02\/cocaina-65x100.jpg 65w, https:\/\/aizu.barakaldo.eus\/wp-content\/uploads\/2015\/02\/cocaina-35x53.jpg 35w, https:\/\/aizu.barakaldo.eus\/wp-content\/uploads\/2015\/02\/cocaina.jpg 200w\" sizes=\"(max-width: 196px) 100vw, 196px\" \/><\/a>Es una sustancia estimulante obtenida de la planta de la coca. Su forma de presentaci\u00f3n m\u00e1s com\u00fan es en polvo blanco y cristalino. Se suele esnifar.<\/p>\n<p><strong>Fases<\/strong><\/p>\n<ul>\n<li>Subida:<\/li>\n<\/ul>\n<p>Se dilatan las pupilas, aumenta el ritmo del coraz\u00f3n, la respiraci\u00f3n y la temperatura del cuerpo. Sensaci\u00f3n de fuerza y euforia.<\/p>\n<ul>\n<li>Bajada:<\/li>\n<\/ul>\n<p>Van disminuyendo los efectos anteriores y aparecen otros de sentido contrario: apat\u00eda, cansancio, s\u00edntomas de ansiedad o depresi\u00f3n.<\/p>\n<p><strong>Riesgos<\/strong><\/p>\n<p>Si se esnifa, se puede da\u00f1ar el tabique nasal y al compartir el rulo, aumentan las posibilidades de contraer enfermedades infecciosas.<\/p>\n<p>A dosis altas, algunas personas presentan una intensa ansiedad, insomnio, paranoias, alucinaciones y comportamientos violentos.<\/p>\n<p>Provoca una alta dependencia psicol\u00f3gica y una r\u00e1pida tolerancia.<\/p>\n<p><strong><a href=\"http:\/\/aizu.barakaldo.eus\/wp-content\/uploads\/2015\/02\/alcohol-4mezcla.jpg\"><img loading=\"lazy\" decoding=\"async\" class=\" size-medium wp-image-1240 alignright\" src=\"http:\/\/aizu.barakaldo.eus\/wp-content\/uploads\/2015\/02\/alcohol-4mezcla-300x200.jpg\" alt=\"alcohol-4mezcla\" width=\"300\" height=\"200\" srcset=\"https:\/\/aizu.barakaldo.eus\/wp-content\/uploads\/2015\/02\/alcohol-4mezcla-300x200.jpg 300w, https:\/\/aizu.barakaldo.eus\/wp-content\/uploads\/2015\/02\/alcohol-4mezcla-1024x683.jpg 1024w, https:\/\/aizu.barakaldo.eus\/wp-content\/uploads\/2015\/02\/alcohol-4mezcla-100x67.jpg 100w, https:\/\/aizu.barakaldo.eus\/wp-content\/uploads\/2015\/02\/alcohol-4mezcla-53x35.jpg 53w, https:\/\/aizu.barakaldo.eus\/wp-content\/uploads\/2015\/02\/alcohol-4mezcla.jpg 1280w\" sizes=\"(max-width: 300px) 100vw, 300px\" \/><\/a>Mezclas<\/strong><\/p>\n<p>Si se mezcla con <strong>alcohol<\/strong> puede que&#8230; Se acelere el coraz\u00f3n, se sufra un baj\u00f3n&#8230;<\/p>\n<p>Si se mezcla con <strong>cannabis<\/strong> puede que&#8230; Se consuman m\u00e1s estimulantes&#8230;<\/p>\n<!-- AddThis Advanced Settings generic via filter on the_content --><!-- AddThis Share Buttons generic via filter on the_content -->","protected":false},"excerpt":{"rendered":"<p>\u00bfQu\u00e9 es? Es una sustancia estimulante obtenida de la planta de la coca. Su forma de presentaci\u00f3n m\u00e1s com\u00fan es en polvo blanco y cristalino. Se suele esnifar. Fases Subida: Se dilatan las pupilas, aumenta el ritmo del coraz\u00f3n, la respiraci\u00f3n y la temperatura del cuerpo. Sensaci\u00f3n de fuerza y euforia. Bajada: Van disminuyendo los [&hellip;]<!-- AddThis Advanced Settings generic via filter on get_the_excerpt --><!-- AddThis Share Buttons generic via filter on get_the_excerpt --><\/p>\n","protected":false},"author":5,"featured_media":1235,"parent":204,"menu_order":4,"comment_status":"closed","ping_status":"closed","template":"","meta":{"_mc_calendar":[],"footnotes":""},"categories":[],"tags":[],"_links":{"self":[{"href":"https:\/\/aizu.barakaldo.eus\/es\/wp-json\/wp\/v2\/pages\/666"}],"collection":[{"href":"https:\/\/aizu.barakaldo.eus\/es\/wp-json\/wp\/v2\/pages"}],"about":[{"href":"https:\/\/aizu.barakaldo.eus\/es\/wp-json\/wp\/v2\/types\/page"}],"author":[{"embeddable":true,"href":"https:\/\/aizu.barakaldo.eus\/es\/wp-json\/wp\/v2\/users\/5"}],"replies":[{"embeddable":true,"href":"https:\/\/aizu.barakaldo.eus\/es\/wp-json\/wp\/v2\/comments?post=666"}],"version-history":[{"count":17,"href":"https:\/\/aizu.barakaldo.eus\/es\/wp-json\/wp\/v2\/pages\/666\/revisions"}],"predecessor-version":[{"id":5043,"href":"https:\/\/aizu.barakaldo.eus\/es\/wp-json\/wp\/v2\/pages\/666\/revisions\/5043"}],"up":[{"embeddable":true,"href":"https:\/\/aizu.barakaldo.eus\/es\/wp-json\/wp\/v2\/pages\/204"}],"wp:featuredmedia":[{"embeddable":true,"href":"https:\/\/aizu.barakaldo.eus\/es\/wp-json\/wp\/v2\/media\/1235"}],"wp:attachment":[{"href":"https:\/\/aizu.barakaldo.eus\/es\/wp-json\/wp\/v2\/media?parent=666"}],"wp:term":[{"taxonomy":"category","embeddable":true,"href":"https:\/\/aizu.barakaldo.eus\/es\/wp-json\/wp\/v2\/categories?post=666"},{"taxonomy":"post_tag","embeddable":true,"href":"https:\/\/aizu.barakaldo.eus\/es\/wp-json\/wp\/v2\/tags?post=666"}],"curies":[{"name":"wp","href":"https:\/\/api.w.org\/{rel}","templated":true}]}}