{"id":669,"date":"2015-02-23T12:47:52","date_gmt":"2015-02-23T12:47:52","guid":{"rendered":"http:\/\/aizu.barakaldo.eus\/?page_id=669"},"modified":"2018-06-11T12:10:59","modified_gmt":"2018-06-11T10:10:59","slug":"speed-2","status":"publish","type":"page","link":"https:\/\/aizu.barakaldo.eus\/es\/drogas\/speed-2\/","title":{"rendered":"Speed"},"content":{"rendered":"<p>[vc_row][vc_column][vc_column_text]<\/p>\n<p><strong>\u00bfQu\u00e9 es?<\/strong><\/p>\n<p>Es una sustancia estimulante. Se suele encontrar como polvo cristalino blanco o bien en forma de tabletas o c\u00e1psulas. En la calle suele estar cortada, as\u00ed que se consume de todo menos anfetamina.<\/p>\n<p><strong>Fases<\/strong><\/p>\n<ul>\n<li>Subida:<\/li>\n<\/ul>\n<p>Se da una fuerte excitaci\u00f3n y euforia. Disminuye la sensaci\u00f3n de cansancio, sue\u00f1o y hambre, y aumenta la capacidad de trabajo y concentraci\u00f3n.<\/p>\n<ul>\n<li>Bajada:<\/li>\n<\/ul>\n<p>Pasados los efectos estimulantes, se empieza a notar un cansancio acumulado. En algunos casos el consumidor puede notarse ap\u00e1tico o deprimido.<\/p>\n<p><strong><a href=\"http:\/\/aizu.barakaldo.eus\/wp-content\/uploads\/2015\/02\/Alucinacion-casa.jpg\"><img loading=\"lazy\" decoding=\"async\" class=\" size-medium wp-image-1247 alignleft\" src=\"http:\/\/aizu.barakaldo.eus\/wp-content\/uploads\/2015\/02\/Alucinacion-casa-300x200.jpg\" alt=\"Alucinacion casa\" width=\"300\" height=\"200\" srcset=\"https:\/\/aizu.barakaldo.eus\/wp-content\/uploads\/2015\/02\/Alucinacion-casa-300x200.jpg 300w, https:\/\/aizu.barakaldo.eus\/wp-content\/uploads\/2015\/02\/Alucinacion-casa-100x67.jpg 100w, https:\/\/aizu.barakaldo.eus\/wp-content\/uploads\/2015\/02\/Alucinacion-casa-53x35.jpg 53w, https:\/\/aizu.barakaldo.eus\/wp-content\/uploads\/2015\/02\/Alucinacion-casa.jpg 570w\" sizes=\"(max-width: 300px) 100vw, 300px\" \/><\/a>Riesgos<\/strong><\/p>\n<p>A dosis elevadas puede producir agitaci\u00f3n, ideas de persecuci\u00f3n, alucinaciones y conductas agresivas.<\/p>\n<p>En algunas personas, y tras un consumo frecuente, aparecen paranoias.<\/p>\n<p>El speed produce una r\u00e1pida tolerancia y dependencia ps\u00edquica.<\/p>\n<p>[\/vc_column_text][\/vc_column][\/vc_row][vc_row][vc_column][vc_raw_html]JTBBJTNDcCUzRVNpJTIwbWV6Y2xhcyUyMGNvbiUyMCUzQ3N0cm9uZyUzRWFsY29ob2wlM0MlMkZzdHJvbmclM0UlMjBwdWVkZSUyMHF1ZS4uLiUyMHBpZXJkYXMlMjBsYSUyMHZlcmd1ZW56YSUyQyUyMHRlJTIwcG9uZ2FzJTIwbSVDMyVBMXMlMjBhZ3Jlc2l2by4uLiUwQVNpJTIwbWV6Y2xhcyUyMGNvbiUyMCUzQ3N0cm9uZyUzRWNhbm5hYmlzJTNDJTJGc3Ryb25nJTNFJTIwcHVlZGUlMjBxdWUuLi4lMjB0ZSUyMGRlc2hpZHJhdGVzJTJDJTIwdGVuZ2FzJTIwYWx1Y2luYWNpb25lcyUyQyUyMHBpZXJkYXMlMjBlbCUyMGNvbm9jaW1pZW50by4uLiUzQyUyRnAlM0U=[\/vc_raw_html][\/vc_column][\/vc_row]<\/p>\n<!-- AddThis Advanced Settings generic via filter on the_content --><!-- AddThis Share Buttons generic via filter on the_content -->","protected":false},"excerpt":{"rendered":"<p>[vc_row][vc_column][vc_column_text] \u00bfQu\u00e9 es? Es una sustancia estimulante. Se suele encontrar como polvo cristalino blanco o bien en forma de tabletas o c\u00e1psulas. En la calle suele estar cortada, as\u00ed que se consume de todo menos anfetamina. Fases Subida: Se da una fuerte excitaci\u00f3n y euforia. Disminuye la sensaci\u00f3n de cansancio, sue\u00f1o y hambre, y aumenta [&hellip;]<!-- AddThis Advanced Settings generic via filter on get_the_excerpt --><!-- AddThis Share Buttons generic via filter on get_the_excerpt --><\/p>\n","protected":false},"author":5,"featured_media":1245,"parent":204,"menu_order":5,"comment_status":"closed","ping_status":"closed","template":"","meta":{"_mc_calendar":[],"footnotes":""},"categories":[],"tags":[],"_links":{"self":[{"href":"https:\/\/aizu.barakaldo.eus\/es\/wp-json\/wp\/v2\/pages\/669"}],"collection":[{"href":"https:\/\/aizu.barakaldo.eus\/es\/wp-json\/wp\/v2\/pages"}],"about":[{"href":"https:\/\/aizu.barakaldo.eus\/es\/wp-json\/wp\/v2\/types\/page"}],"author":[{"embeddable":true,"href":"https:\/\/aizu.barakaldo.eus\/es\/wp-json\/wp\/v2\/users\/5"}],"replies":[{"embeddable":true,"href":"https:\/\/aizu.barakaldo.eus\/es\/wp-json\/wp\/v2\/comments?post=669"}],"version-history":[{"count":11,"href":"https:\/\/aizu.barakaldo.eus\/es\/wp-json\/wp\/v2\/pages\/669\/revisions"}],"predecessor-version":[{"id":5046,"href":"https:\/\/aizu.barakaldo.eus\/es\/wp-json\/wp\/v2\/pages\/669\/revisions\/5046"}],"up":[{"embeddable":true,"href":"https:\/\/aizu.barakaldo.eus\/es\/wp-json\/wp\/v2\/pages\/204"}],"wp:featuredmedia":[{"embeddable":true,"href":"https:\/\/aizu.barakaldo.eus\/es\/wp-json\/wp\/v2\/media\/1245"}],"wp:attachment":[{"href":"https:\/\/aizu.barakaldo.eus\/es\/wp-json\/wp\/v2\/media?parent=669"}],"wp:term":[{"taxonomy":"category","embeddable":true,"href":"https:\/\/aizu.barakaldo.eus\/es\/wp-json\/wp\/v2\/categories?post=669"},{"taxonomy":"post_tag","embeddable":true,"href":"https:\/\/aizu.barakaldo.eus\/es\/wp-json\/wp\/v2\/tags?post=669"}],"curies":[{"name":"wp","href":"https:\/\/api.w.org\/{rel}","templated":true}]}}