{"id":673,"date":"2015-02-23T12:59:54","date_gmt":"2015-02-23T12:59:54","guid":{"rendered":"http:\/\/aizu.barakaldo.eus\/?page_id=673"},"modified":"2018-06-11T15:01:43","modified_gmt":"2018-06-11T13:01:43","slug":"monguis-2","status":"publish","type":"page","link":"https:\/\/aizu.barakaldo.eus\/es\/drogas\/monguis-2\/","title":{"rendered":"Monguis"},"content":{"rendered":"<p>[vc_row][vc_column][vc_column_text]<\/p>\n<p><strong>\u00bfQu\u00e9 es?<\/strong><\/p>\n<p>Una seta con propiedades alucin\u00f3genas. Es peque\u00f1a, de color amarillo o marr\u00f3n, tallo delgado y sombrero c\u00f3nico.<\/p>\n<p><strong>Efectos<\/strong><\/p>\n<p>Risas y cierta euforia en las primeras fases.<\/p>\n<p>Posteriormente un estado de calma y tranquilidad.<\/p>\n<p>El tiempo se para, los colores brillan de forma distinta, las fromas se deformas, se perciben luces o sonidos extra\u00f1os.<\/p>\n<p><strong><a href=\"http:\/\/aizu.barakaldo.eus\/wp-content\/uploads\/2015\/02\/monguis-psicodelico.jpeg\"><img loading=\"lazy\" decoding=\"async\" class=\" size-full wp-image-1402 alignleft\" src=\"http:\/\/aizu.barakaldo.eus\/wp-content\/uploads\/2015\/02\/monguis-psicodelico.jpeg\" alt=\"monguis psicodelico\" width=\"284\" height=\"177\" srcset=\"https:\/\/aizu.barakaldo.eus\/wp-content\/uploads\/2015\/02\/monguis-psicodelico.jpeg 284w, https:\/\/aizu.barakaldo.eus\/wp-content\/uploads\/2015\/02\/monguis-psicodelico-100x62.jpeg 100w, https:\/\/aizu.barakaldo.eus\/wp-content\/uploads\/2015\/02\/monguis-psicodelico-53x33.jpeg 53w\" sizes=\"(max-width: 284px) 100vw, 284px\" \/><\/a>Riesgos<\/strong><\/p>\n<p>Mal viaje: pensamientos repetitivos sobre un tema.<\/p>\n<p>Posible intoxicaci\u00f3n.<\/p>\n<p>Las alucinaciones pueden ser imposibles de detener.<\/p>\n<p>Se pierde contacto con la realidad.<\/p>\n<p>[\/vc_column_text][\/vc_column][\/vc_row][vc_row][vc_column][vc_raw_html]JTNDcCUzRSUzQ3N0cm9uZyUzRUNvbnNlam9zJTNDJTJGc3Ryb25nJTNFJTNDJTJGcCUzRSUwQSUzQ3AlM0VFcyUyMG11eSUyMGltcG9ydGFudGUlMjBpZGVudGlmaWNhcmxhcyUyQyUyMHBvZHIlQzMlQURhbiUyMHNlciUyMHZlbmVub3Nhcy4lM0MlMkZwJTNFJTBBJTNDcCUzRVJldmlzYXIlMjB2YXJpYXMlMjBndSVDMyVBRGFzJTIwZGUlMjBzZXRhcyUyMHklMjBjb21wYXJhcmxhcyUyMHB1bnRvJTIwcG9yJTIwcHVudG8uJTNDJTJGcCUzRSUwQSUzQ3AlM0UlM0NzdHJvbmclM0VObyUyMG1lemNsYXIlM0MlMkZzdHJvbmclM0UlMjBjb24lMjBvdHJhcyUyMGRyb2dhcyUyQyUyMHN1cyUyMGVmZWN0b3MlMjBzb24lMjBpbXByZWRlY2libGVzLiUzQyUyRnAlM0U=[\/vc_raw_html][\/vc_column][\/vc_row]<\/p>\n<!-- AddThis Advanced Settings generic via filter on the_content --><!-- AddThis Share Buttons generic via filter on the_content -->","protected":false},"excerpt":{"rendered":"<p>[vc_row][vc_column][vc_column_text] \u00bfQu\u00e9 es? Una seta con propiedades alucin\u00f3genas. Es peque\u00f1a, de color amarillo o marr\u00f3n, tallo delgado y sombrero c\u00f3nico. Efectos Risas y cierta euforia en las primeras fases. Posteriormente un estado de calma y tranquilidad. El tiempo se para, los colores brillan de forma distinta, las fromas se deformas, se perciben luces o sonidos [&hellip;]<!-- AddThis Advanced Settings generic via filter on get_the_excerpt --><!-- AddThis Share Buttons generic via filter on get_the_excerpt --><\/p>\n","protected":false},"author":5,"featured_media":1400,"parent":204,"menu_order":9,"comment_status":"closed","ping_status":"closed","template":"","meta":{"_mc_calendar":[],"footnotes":""},"categories":[],"tags":[],"_links":{"self":[{"href":"https:\/\/aizu.barakaldo.eus\/es\/wp-json\/wp\/v2\/pages\/673"}],"collection":[{"href":"https:\/\/aizu.barakaldo.eus\/es\/wp-json\/wp\/v2\/pages"}],"about":[{"href":"https:\/\/aizu.barakaldo.eus\/es\/wp-json\/wp\/v2\/types\/page"}],"author":[{"embeddable":true,"href":"https:\/\/aizu.barakaldo.eus\/es\/wp-json\/wp\/v2\/users\/5"}],"replies":[{"embeddable":true,"href":"https:\/\/aizu.barakaldo.eus\/es\/wp-json\/wp\/v2\/comments?post=673"}],"version-history":[{"count":15,"href":"https:\/\/aizu.barakaldo.eus\/es\/wp-json\/wp\/v2\/pages\/673\/revisions"}],"predecessor-version":[{"id":5059,"href":"https:\/\/aizu.barakaldo.eus\/es\/wp-json\/wp\/v2\/pages\/673\/revisions\/5059"}],"up":[{"embeddable":true,"href":"https:\/\/aizu.barakaldo.eus\/es\/wp-json\/wp\/v2\/pages\/204"}],"wp:featuredmedia":[{"embeddable":true,"href":"https:\/\/aizu.barakaldo.eus\/es\/wp-json\/wp\/v2\/media\/1400"}],"wp:attachment":[{"href":"https:\/\/aizu.barakaldo.eus\/es\/wp-json\/wp\/v2\/media?parent=673"}],"wp:term":[{"taxonomy":"category","embeddable":true,"href":"https:\/\/aizu.barakaldo.eus\/es\/wp-json\/wp\/v2\/categories?post=673"},{"taxonomy":"post_tag","embeddable":true,"href":"https:\/\/aizu.barakaldo.eus\/es\/wp-json\/wp\/v2\/tags?post=673"}],"curies":[{"name":"wp","href":"https:\/\/api.w.org\/{rel}","templated":true}]}}