{"id":678,"date":"2015-02-23T13:19:05","date_gmt":"2015-02-23T13:19:05","guid":{"rendered":"http:\/\/aizu.barakaldo.eus\/?page_id=678"},"modified":"2018-06-11T14:20:36","modified_gmt":"2018-06-11T12:20:36","slug":"ketamina","status":"publish","type":"page","link":"https:\/\/aizu.barakaldo.eus\/es\/drogas\/ketamina\/","title":{"rendered":"Ketamina"},"content":{"rendered":"<p>[vc_row][vc_column][vc_column_text]<\/p>\n<p><strong><a href=\"http:\/\/aizu.barakaldo.eus\/wp-content\/uploads\/2015\/02\/ketamina.jpg\"><img loading=\"lazy\" decoding=\"async\" class=\" size-medium wp-image-1377 alignleft\" src=\"http:\/\/aizu.barakaldo.eus\/wp-content\/uploads\/2015\/02\/ketamina-300x225.jpg\" alt=\"ketamina\" width=\"300\" height=\"225\" srcset=\"https:\/\/aizu.barakaldo.eus\/wp-content\/uploads\/2015\/02\/ketamina-300x225.jpg 300w, https:\/\/aizu.barakaldo.eus\/wp-content\/uploads\/2015\/02\/ketamina.jpg 1024w, https:\/\/aizu.barakaldo.eus\/wp-content\/uploads\/2015\/02\/ketamina-100x75.jpg 100w, https:\/\/aizu.barakaldo.eus\/wp-content\/uploads\/2015\/02\/ketamina-53x40.jpg 53w\" sizes=\"(max-width: 300px) 100vw, 300px\" \/><\/a><\/strong><\/p>\n<p><strong>\u00bfQu\u00e9 es?<\/strong><\/p>\n<p>Es un anest\u00e9sico que se usa en medicina y veterinaria. Puede ser l\u00edquido, polvo o en comprimidos.<\/p>\n<p style=\"text-align: left;\"><strong>Efectos<\/strong><\/p>\n<p>Produce anestesia y elimina las sensaciones de dolor.<br \/>\nTiene efectos psicod\u00e9licos muy potentes, con visi\u00f3n doble y dificultad para moverse y hablar.<\/p>\n<p>[\/vc_column_text][\/vc_column][\/vc_row][vc_row][vc_column][vc_raw_html]JTNDcCUyMHN0eWxlJTNEJTIydGV4dC1hbGlnbiUzQSUyMGxlZnQlM0IlMjIlM0UlM0NzdHJvbmclM0VSaWVzZ29zJTNDJTJGc3Ryb25nJTNFJTNDJTJGcCUzRSUwQSUzQ3VsJTNFJTBBJTNDbGklM0VFcyUyMHVuYSUyMHN1c3RhbmNpYSUyMHBlbGlncm9zYS4lM0MlMkZsaSUzRSUwQSUzQ2xpJTNFU2UlMjBwdWVkZW4lMjBkYXIlMjBtYWxvcyUyMHZpYWplcy4lM0MlMkZsaSUzRSUwQSUzQ2xpJTNFUmllc2dvJTIwZGUlMjBwYXJhZGElMjByZXNwaXJhdG9yaWElMjBhJTIwZG9zaXMlMjBhbHRhcy4lM0MlMkZsaSUzRSUwQSUzQ2xpJTNFQ3JlYSUyMGRlcGVuZGVuY2lhJTIwcHMlQzMlQURxdWljYSUyMHklMjB0b2xlcmFuY2lhLiUzQyUyRmxpJTNFJTBBJTNDJTJGdWwlM0UlMEElM0NwJTIwc3R5bGUlM0QlMjJ0ZXh0LWFsaWduJTNBJTIwbGVmdCUzQiUyMiUzRSUzQ3N0cm9uZyUzRU1lemNsYXMlM0MlMkZzdHJvbmclM0UlM0MlMkZwJTNFJTBBJTNDcCUzRUNvbiUyMCUzQ3N0cm9uZyUzRWFsY29ob2wlM0MlMkZzdHJvbmclM0UlMjBwdWVkZSUyMHF1ZS4uLiUyMFBpZXJkYXMlMjBlbCUyMGNvbm9jaW1pZW50byUyQyUyMHN1ZnJhcyUyMG5hJUMzJUJBc2VhcyUyQyUyMHYlQzMlQjNtaXRvcyUyMG8lMjBkZXNoaWRyYXRhY2klQzMlQjNuLi4uJTNDJTJGcCUzRSUwQSUzQ3AlM0VDb24lMjAlM0NzdHJvbmclM0VjYW5uYWJpcyUzQyUyRnN0cm9uZyUzRSUyMHB1ZWRlJTIwcXVlLi4uJTIwQXVtZW50ZSUyMHR1JTIwaW5jb25zY2llbmNpYSUyQyUyMHN1ZnJhcyUyMGVtYm90YW1pZW50byUyMGNvcnBvcmFsJTJDJTIwcmVjdXJyZW5jaWFzJTIwbyUyMGZsYXNoYmFja3MuLi4lM0MlMkZwJTNFJTBB[\/vc_raw_html][\/vc_column][\/vc_row]<\/p>\n<!-- AddThis Advanced Settings generic via filter on the_content --><!-- AddThis Share Buttons generic via filter on the_content -->","protected":false},"excerpt":{"rendered":"<p>[vc_row][vc_column][vc_column_text] \u00bfQu\u00e9 es? Es un anest\u00e9sico que se usa en medicina y veterinaria. Puede ser l\u00edquido, polvo o en comprimidos. Efectos Produce anestesia y elimina las sensaciones de dolor. Tiene efectos psicod\u00e9licos muy potentes, con visi\u00f3n doble y dificultad para moverse y hablar. [\/vc_column_text][\/vc_column][\/vc_row][vc_row][vc_column][vc_raw_html]JTNDcCUyMHN0eWxlJTNEJTIydGV4dC1hbGlnbiUzQSUyMGxlZnQlM0IlMjIlM0UlM0NzdHJvbmclM0VSaWVzZ29zJTNDJTJGc3Ryb25nJTNFJTNDJTJGcCUzRSUwQSUzQ3VsJTNFJTBBJTNDbGklM0VFcyUyMHVuYSUyMHN1c3RhbmNpYSUyMHBlbGlncm9zYS4lM0MlMkZsaSUzRSUwQSUzQ2xpJTNFU2UlMjBwdWVkZW4lMjBkYXIlMjBtYWxvcyUyMHZpYWplcy4lM0MlMkZsaSUzRSUwQSUzQ2xpJTNFUmllc2dvJTIwZGUlMjBwYXJhZGElMjByZXNwaXJhdG9yaWElMjBhJTIwZG9zaXMlMjBhbHRhcy4lM0MlMkZsaSUzRSUwQSUzQ2xpJTNFQ3JlYSUyMGRlcGVuZGVuY2lhJTIwcHMlQzMlQURxdWljYSUyMHklMjB0b2xlcmFuY2lhLiUzQyUyRmxpJTNFJTBBJTNDJTJGdWwlM0UlMEElM0NwJTIwc3R5bGUlM0QlMjJ0ZXh0LWFsaWduJTNBJTIwbGVmdCUzQiUyMiUzRSUzQ3N0cm9uZyUzRU1lemNsYXMlM0MlMkZzdHJvbmclM0UlM0MlMkZwJTNFJTBBJTNDcCUzRUNvbiUyMCUzQ3N0cm9uZyUzRWFsY29ob2wlM0MlMkZzdHJvbmclM0UlMjBwdWVkZSUyMHF1ZS4uLiUyMFBpZXJkYXMlMjBlbCUyMGNvbm9jaW1pZW50byUyQyUyMHN1ZnJhcyUyMG5hJUMzJUJBc2VhcyUyQyUyMHYlQzMlQjNtaXRvcyUyMG8lMjBkZXNoaWRyYXRhY2klQzMlQjNuLi4uJTNDJTJGcCUzRSUwQSUzQ3AlM0VDb24lMjAlM0NzdHJvbmclM0VjYW5uYWJpcyUzQyUyRnN0cm9uZyUzRSUyMHB1ZWRlJTIwcXVlLi4uJTIwQXVtZW50ZSUyMHR1JTIwaW5jb25zY2llbmNpYSUyQyUyMHN1ZnJhcyUyMGVtYm90YW1pZW50byUyMGNvcnBvcmFsJTJDJTIwcmVjdXJyZW5jaWFzJTIwbyUyMGZsYXNoYmFja3MuLi4lM0MlMkZwJTNFJTBB[\/vc_raw_html][\/vc_column][\/vc_row]<!-- AddThis Advanced Settings generic via filter on get_the_excerpt --><!-- AddThis Share Buttons generic via filter on get_the_excerpt --><\/p>\n","protected":false},"author":5,"featured_media":1385,"parent":204,"menu_order":7,"comment_status":"closed","ping_status":"closed","template":"","meta":{"_mc_calendar":[],"footnotes":""},"categories":[],"tags":[],"_links":{"self":[{"href":"https:\/\/aizu.barakaldo.eus\/es\/wp-json\/wp\/v2\/pages\/678"}],"collection":[{"href":"https:\/\/aizu.barakaldo.eus\/es\/wp-json\/wp\/v2\/pages"}],"about":[{"href":"https:\/\/aizu.barakaldo.eus\/es\/wp-json\/wp\/v2\/types\/page"}],"author":[{"embeddable":true,"href":"https:\/\/aizu.barakaldo.eus\/es\/wp-json\/wp\/v2\/users\/5"}],"replies":[{"embeddable":true,"href":"https:\/\/aizu.barakaldo.eus\/es\/wp-json\/wp\/v2\/comments?post=678"}],"version-history":[{"count":24,"href":"https:\/\/aizu.barakaldo.eus\/es\/wp-json\/wp\/v2\/pages\/678\/revisions"}],"predecessor-version":[{"id":5056,"href":"https:\/\/aizu.barakaldo.eus\/es\/wp-json\/wp\/v2\/pages\/678\/revisions\/5056"}],"up":[{"embeddable":true,"href":"https:\/\/aizu.barakaldo.eus\/es\/wp-json\/wp\/v2\/pages\/204"}],"wp:featuredmedia":[{"embeddable":true,"href":"https:\/\/aizu.barakaldo.eus\/es\/wp-json\/wp\/v2\/media\/1385"}],"wp:attachment":[{"href":"https:\/\/aizu.barakaldo.eus\/es\/wp-json\/wp\/v2\/media?parent=678"}],"wp:term":[{"taxonomy":"category","embeddable":true,"href":"https:\/\/aizu.barakaldo.eus\/es\/wp-json\/wp\/v2\/categories?post=678"},{"taxonomy":"post_tag","embeddable":true,"href":"https:\/\/aizu.barakaldo.eus\/es\/wp-json\/wp\/v2\/tags?post=678"}],"curies":[{"name":"wp","href":"https:\/\/api.w.org\/{rel}","templated":true}]}}