{"id":681,"date":"2015-02-23T13:44:45","date_gmt":"2015-02-23T13:44:45","guid":{"rendered":"http:\/\/aizu.barakaldo.eus\/?page_id=681"},"modified":"2015-04-23T12:22:37","modified_gmt":"2015-04-23T12:22:37","slug":"lsd","status":"publish","type":"page","link":"https:\/\/aizu.barakaldo.eus\/es\/drogas\/lsd\/","title":{"rendered":"LSD"},"content":{"rendered":"<p><a href=\"http:\/\/aizu.barakaldo.eus\/wp-content\/uploads\/2015\/02\/lsd.jpg\"><img loading=\"lazy\" decoding=\"async\" class=\" size-medium wp-image-1396 aligncenter\" src=\"http:\/\/aizu.barakaldo.eus\/wp-content\/uploads\/2015\/02\/lsd-300x221.jpg\" alt=\"lsd\" width=\"300\" height=\"221\" srcset=\"https:\/\/aizu.barakaldo.eus\/wp-content\/uploads\/2015\/02\/lsd-300x221.jpg 300w, https:\/\/aizu.barakaldo.eus\/wp-content\/uploads\/2015\/02\/lsd-100x74.jpg 100w, https:\/\/aizu.barakaldo.eus\/wp-content\/uploads\/2015\/02\/lsd-53x39.jpg 53w, https:\/\/aizu.barakaldo.eus\/wp-content\/uploads\/2015\/02\/lsd.jpg 723w\" sizes=\"(max-width: 300px) 100vw, 300px\" \/><\/a><\/p>\n<p><strong>\u00bfQu\u00e9 es?<\/strong><\/p>\n<p>Es un alucin\u00f3geno que se extrae del cornezuelo del centeno. Se puede encontrar como: cuadrados de papel con diferentes logos, micropuntos, gelatinas&#8230;<\/p>\n<p><strong>Fases<\/strong><\/p>\n<ul>\n<li>Partida<\/li>\n<\/ul>\n<p>(puede tardar hasta 1 hora)<\/p>\n<p>El consumidor se puede encontrar inquieto, euf\u00f3rico y deshinibido.<\/p>\n<ul>\n<li>Viaje<\/li>\n<\/ul>\n<p>(dura unas 5 horas)<\/p>\n<p>Se suelen dar alucinaciones, alteraciones de la distancia y del tiempo, y existe distorsi\u00f3n de las im\u00e1genes, los colores y la m\u00fasica.<\/p>\n<ul>\n<li>Vuelta<\/li>\n<\/ul>\n<p>(entre 8 y 12 horas)<\/p>\n<p>Los efectos van disminuyendo y aparece cansancio y bajo estado de \u00e1nimo.<\/p>\n<p><strong>Riesgos<\/strong><\/p>\n<p>Se puede dar un mal viaje: experiencia angustiosa (es limitado en el tiempo, aunque puede durar m\u00e1s de 24 horas), que pueden ocasionar problemas psicol\u00f3gicos duraderos.<\/p>\n<p>Un consumo intensivo o dosis demasiado altas puede ser origen de problemas psicol\u00f3gicos (depresiones, paranoaias&#8230;). Auqnue personas con predisposici\u00f3n pueden teenrlos con una sola toma.<\/p>\n<p><strong>Mezclas<\/strong><\/p>\n<p>Con alcohol&#8230; Mala combinaci\u00f3n<\/p>\n<p>Con cannabis&#8230; Se potencian los efectos del LSD<\/p>\n<!-- AddThis Advanced Settings generic via filter on the_content --><!-- AddThis Share Buttons generic via filter on the_content -->","protected":false},"excerpt":{"rendered":"<p>\u00bfQu\u00e9 es? Es un alucin\u00f3geno que se extrae del cornezuelo del centeno. Se puede encontrar como: cuadrados de papel con diferentes logos, micropuntos, gelatinas&#8230; Fases Partida (puede tardar hasta 1 hora) El consumidor se puede encontrar inquieto, euf\u00f3rico y deshinibido. Viaje (dura unas 5 horas) Se suelen dar alucinaciones, alteraciones de la distancia y del [&hellip;]<!-- AddThis Advanced Settings generic via filter on get_the_excerpt --><!-- AddThis Share Buttons generic via filter on get_the_excerpt --><\/p>\n","protected":false},"author":5,"featured_media":0,"parent":204,"menu_order":8,"comment_status":"closed","ping_status":"closed","template":"","meta":{"_mc_calendar":[],"footnotes":""},"categories":[],"tags":[],"_links":{"self":[{"href":"https:\/\/aizu.barakaldo.eus\/es\/wp-json\/wp\/v2\/pages\/681"}],"collection":[{"href":"https:\/\/aizu.barakaldo.eus\/es\/wp-json\/wp\/v2\/pages"}],"about":[{"href":"https:\/\/aizu.barakaldo.eus\/es\/wp-json\/wp\/v2\/types\/page"}],"author":[{"embeddable":true,"href":"https:\/\/aizu.barakaldo.eus\/es\/wp-json\/wp\/v2\/users\/5"}],"replies":[{"embeddable":true,"href":"https:\/\/aizu.barakaldo.eus\/es\/wp-json\/wp\/v2\/comments?post=681"}],"version-history":[{"count":6,"href":"https:\/\/aizu.barakaldo.eus\/es\/wp-json\/wp\/v2\/pages\/681\/revisions"}],"predecessor-version":[{"id":1589,"href":"https:\/\/aizu.barakaldo.eus\/es\/wp-json\/wp\/v2\/pages\/681\/revisions\/1589"}],"up":[{"embeddable":true,"href":"https:\/\/aizu.barakaldo.eus\/es\/wp-json\/wp\/v2\/pages\/204"}],"wp:attachment":[{"href":"https:\/\/aizu.barakaldo.eus\/es\/wp-json\/wp\/v2\/media?parent=681"}],"wp:term":[{"taxonomy":"category","embeddable":true,"href":"https:\/\/aizu.barakaldo.eus\/es\/wp-json\/wp\/v2\/categories?post=681"},{"taxonomy":"post_tag","embeddable":true,"href":"https:\/\/aizu.barakaldo.eus\/es\/wp-json\/wp\/v2\/tags?post=681"}],"curies":[{"name":"wp","href":"https:\/\/api.w.org\/{rel}","templated":true}]}}