{"id":686,"date":"2015-02-23T15:08:45","date_gmt":"2015-02-23T15:08:45","guid":{"rendered":"http:\/\/aizu.barakaldo.eus\/?page_id=686"},"modified":"2018-06-11T12:30:18","modified_gmt":"2018-06-11T10:30:18","slug":"extasis","status":"publish","type":"page","link":"https:\/\/aizu.barakaldo.eus\/es\/drogas\/extasis\/","title":{"rendered":"\u00c9xtasis"},"content":{"rendered":"<p><\/p>\n<p style=\"text-align: center;\"><strong>\u00bfQu\u00e9 es?<\/strong><\/p>\n<p>Es una sustancia sint\u00e9tica que tiene un efecto estimulante aunque en ocasiones tambi\u00e9n alucin\u00f3geno. Se venden en c\u00e1psulas o pastillas asociadas a un logo y su composici\u00f3n y precio var\u00eda mucho de unas a otras.<br \/>\n<strong><a href=\"http:\/\/aizu.barakaldo.eus\/wp-content\/uploads\/2018\/06\/ecstasy.jpg\"><img loading=\"lazy\" decoding=\"async\" class=\" size-medium wp-image-1365 alignright\" src=\"http:\/\/aizu.barakaldo.eus\/wp-content\/uploads\/2018\/06\/ecstasy.jpg\" alt=\"extasis lengua\" width=\"223\" height=\"300\" \/><\/a>Fases<\/strong><\/p>\n<ul>\n<li>Subida: Desaparece el cansancio y el consumidor se siente euf\u00f3rico y con ganas de bailar.<\/li>\n<li>Mantenimiento: Aumenta la euforia, la capacidad para sintonizar con los dem\u00e1s y con uno mismo.<\/li>\n<li>Bajada: Los efectos van desapareciendo y dejan paso a un cansancio f\u00edsico y mental y a un estado de \u00e1nimo bajo.<\/li>\n<\/ul>\n<p><strong>Riesgos<\/strong><br \/>\nPuedes sufrir un golpe de calor.<br \/>\nCon un consumo alto se puede dar ansiedad, confusi\u00f3n e irritabilidad y el baj\u00f3n ser\u00e1 m\u00e1s fuerte.<br \/>\nLos consumos continuados incrementan el riesgo de paranoias depresiones y ataques de p\u00e1nico.<br \/>\nPuede darse dependencia psicol\u00f3gica.<\/p>\n<p><strong>Mezclas<\/strong><\/p>\n<p>Con <strong>alcohol<\/strong>&#8230; deshidrataci\u00f3n, bajan las defensas, reducci\u00f3n del efecto placentero del MMDA&#8230;<br \/>\nCon <strong>cannabis<\/strong>&#8230; disminuci\u00f3n de los efectos del THC, influencia en las capacidades intelectuales&#8230;<\/p>\n<!-- AddThis Advanced Settings generic via filter on the_content --><!-- AddThis Share Buttons generic via filter on the_content -->","protected":false},"excerpt":{"rendered":"<p>\u00bfQu\u00e9 es? Es una sustancia sint\u00e9tica que tiene un efecto estimulante aunque en ocasiones tambi\u00e9n alucin\u00f3geno. Se venden en c\u00e1psulas o pastillas asociadas a un logo y su composici\u00f3n y precio var\u00eda mucho de unas a otras. Fases Subida: Desaparece el cansancio y el consumidor se siente euf\u00f3rico y con ganas de bailar. Mantenimiento: Aumenta [&hellip;]<!-- AddThis Advanced Settings generic via filter on get_the_excerpt --><!-- AddThis Share Buttons generic via filter on get_the_excerpt --><\/p>\n","protected":false},"author":5,"featured_media":1363,"parent":204,"menu_order":6,"comment_status":"closed","ping_status":"closed","template":"","meta":{"_mc_calendar":[],"footnotes":""},"categories":[],"tags":[],"_links":{"self":[{"href":"https:\/\/aizu.barakaldo.eus\/es\/wp-json\/wp\/v2\/pages\/686"}],"collection":[{"href":"https:\/\/aizu.barakaldo.eus\/es\/wp-json\/wp\/v2\/pages"}],"about":[{"href":"https:\/\/aizu.barakaldo.eus\/es\/wp-json\/wp\/v2\/types\/page"}],"author":[{"embeddable":true,"href":"https:\/\/aizu.barakaldo.eus\/es\/wp-json\/wp\/v2\/users\/5"}],"replies":[{"embeddable":true,"href":"https:\/\/aizu.barakaldo.eus\/es\/wp-json\/wp\/v2\/comments?post=686"}],"version-history":[{"count":15,"href":"https:\/\/aizu.barakaldo.eus\/es\/wp-json\/wp\/v2\/pages\/686\/revisions"}],"predecessor-version":[{"id":5049,"href":"https:\/\/aizu.barakaldo.eus\/es\/wp-json\/wp\/v2\/pages\/686\/revisions\/5049"}],"up":[{"embeddable":true,"href":"https:\/\/aizu.barakaldo.eus\/es\/wp-json\/wp\/v2\/pages\/204"}],"wp:featuredmedia":[{"embeddable":true,"href":"https:\/\/aizu.barakaldo.eus\/es\/wp-json\/wp\/v2\/media\/1363"}],"wp:attachment":[{"href":"https:\/\/aizu.barakaldo.eus\/es\/wp-json\/wp\/v2\/media?parent=686"}],"wp:term":[{"taxonomy":"category","embeddable":true,"href":"https:\/\/aizu.barakaldo.eus\/es\/wp-json\/wp\/v2\/categories?post=686"},{"taxonomy":"post_tag","embeddable":true,"href":"https:\/\/aizu.barakaldo.eus\/es\/wp-json\/wp\/v2\/tags?post=686"}],"curies":[{"name":"wp","href":"https:\/\/api.w.org\/{rel}","templated":true}]}}