{"id":755,"date":"2015-03-03T16:50:48","date_gmt":"2015-03-03T16:50:48","guid":{"rendered":"http:\/\/aizu.barakaldo.eus\/?page_id=755"},"modified":"2015-04-29T07:49:37","modified_gmt":"2015-04-29T07:49:37","slug":"infecciones-y-enfermedades-de-transmision-sexual","status":"publish","type":"page","link":"https:\/\/aizu.barakaldo.eus\/es\/sexo\/infecciones-y-enfermedades-de-transmision-sexual\/","title":{"rendered":"Enfermedades de transmisi\u00f3n sexual"},"content":{"rendered":"<p><strong>\u00bfQu\u00e9 son las enfermedades de transmisi\u00f3n sexual (ETS)?<\/strong><\/p>\n<p>&nbsp;<\/p>\n<ul>\n<li>Son infecciones que se transmiten durante las relaciones sexuales (relaciones vaginales, anales, contactos buco genitales y contactos \u00edntimos).<\/li>\n<\/ul>\n<ul>\n<li>Est\u00e1n causadas por bacterias, virus, hongos o par\u00e1sitos que crecen principalmente en las mucosas de los \u00f3rganos genitales.<\/li>\n<\/ul>\n<p>&nbsp;<\/p>\n<p>&nbsp;<\/p>\n<p><strong>LA MAYORIA DE LAS ETS SE PUEDE PREVENIR Y TRATAR DE FORMA SENCILLA<\/strong><\/p>\n<p>&nbsp;<\/p>\n<ul>\n<li>Algunas de ellas, si no se tratan adecuadamente, pueden tener importantes consecuencias.<\/li>\n<\/ul>\n<ul>\n<li>El preservativo es eficaz en la prevenci\u00f3n de la mayor\u00eda de las ETS, aunque en algunos casos no elimina totalmente las posibilidades de transmisi\u00f3n.<\/li>\n<\/ul>\n<ul>\n<li>El preservativo s\u00f3lo protege el \u00e1rea que cubre y en algunos casos (herpes, virus del papiloma humano, etc.) las lesiones se sit\u00faan fuera de esa zona.<\/li>\n<\/ul>\n<p>&nbsp;<\/p>\n<p>&nbsp;<\/p>\n<p><strong>\u00bfQui\u00e9n puede tener una enfermedad de transmisi\u00f3n sexual(ETS)?<\/strong><\/p>\n<p>&nbsp;<\/p>\n<p>CUALQUIER PERSONA QUE SEA <strong>SEXUALMENTE ACTIVA<\/strong> PUEDE TENERLA<\/p>\n<p>&nbsp;<\/p>\n<p>&nbsp;<\/p>\n<p><strong>\u00bfC\u00f3mo puedo saber si tengo una enfermedad de transmisi\u00f3n sexual (ETS)?<\/strong><\/p>\n<p>&nbsp;<\/p>\n<ul>\n<li>La \u00fanica forma de saber si tienes una ETS es acudir a tu m\u00e9dico y hacerte las pruebas que est\u00e1n indicadas.<\/li>\n<\/ul>\n<p>Muchas de estas infecciones no tienen s\u00edntomas aparentes.<\/p>\n<p>&nbsp;<\/p>\n<p>&nbsp;<\/p>\n<p><strong>\u00bfQu\u00e9 es la s\u00edfilis?<\/strong><\/p>\n<p>&nbsp;<\/p>\n<ul>\n<li>Es una infecci\u00f3n de transmisi\u00f3n sexual causada por una bacteria que puede provocar diversos tipos de s\u00edntomas a lo largo de mucho tiempo.<\/li>\n<\/ul>\n<ul>\n<li>Al principio aparece una \u00falcera no dolorosa en la zona de contacto (genitales, boca o ano) que, en ocasiones no es visible a simple vista.<\/li>\n<\/ul>\n<ul>\n<li>Se cura con antibi\u00f3ticos<\/li>\n<\/ul>\n<p><a href=\"http:\/\/aizu.barakaldo.eus\/wp-content\/uploads\/2015\/03\/sifilis3.jpg\"><img loading=\"lazy\" decoding=\"async\" class=\"  wp-image-756 aligncenter\" src=\"http:\/\/aizu.barakaldo.eus\/wp-content\/uploads\/2015\/03\/sifilis3.jpg\" alt=\"sifilis3\" width=\"288\" height=\"183\" srcset=\"https:\/\/aizu.barakaldo.eus\/wp-content\/uploads\/2015\/03\/sifilis3.jpg 200w, https:\/\/aizu.barakaldo.eus\/wp-content\/uploads\/2015\/03\/sifilis3-100x64.jpg 100w, https:\/\/aizu.barakaldo.eus\/wp-content\/uploads\/2015\/03\/sifilis3-53x34.jpg 53w\" sizes=\"(max-width: 288px) 100vw, 288px\" \/><\/a><\/p>\n<p>&nbsp;<\/p>\n<p>&nbsp;<\/p>\n<p><strong>\u00bfQu\u00e9 es la gonorrea?<\/strong><\/p>\n<p>&nbsp;<\/p>\n<ul>\n<li>Es una infecci\u00f3n de transmisi\u00f3n sexual causada por una bacteria.<\/li>\n<\/ul>\n<ul>\n<li>Los s\u00edntomas m\u00e1s frecuentes son: aumento del flujo vaginal, secreciones en el pene o escozor al orinar. Tambi\u00e9n puede ocurrir que no se note ning\u00fan s\u00edntoma.<\/li>\n<li>Se transmite durante las relaciones sexuales vaginales, anales y orales, por lo que puede afectar no s\u00f3lo a los genitales, sino tambi\u00e9n al recto y a la garganta.<\/li>\n<\/ul>\n<ul>\n<li>Se cura con antibi\u00f3ticos.<\/li>\n<\/ul>\n<p>&nbsp;<\/p>\n<p><a href=\"http:\/\/aizu.barakaldo.eus\/wp-content\/uploads\/2015\/03\/gonorrea.jpg\"><img loading=\"lazy\" decoding=\"async\" class=\"  wp-image-760 aligncenter\" src=\"http:\/\/aizu.barakaldo.eus\/wp-content\/uploads\/2015\/03\/gonorrea.jpg\" alt=\"gonorrea\" width=\"258\" height=\"206\" srcset=\"https:\/\/aizu.barakaldo.eus\/wp-content\/uploads\/2015\/03\/gonorrea.jpg 111w, https:\/\/aizu.barakaldo.eus\/wp-content\/uploads\/2015\/03\/gonorrea-100x80.jpg 100w, https:\/\/aizu.barakaldo.eus\/wp-content\/uploads\/2015\/03\/gonorrea-53x42.jpg 53w\" sizes=\"(max-width: 258px) 100vw, 258px\" \/><\/a><\/p>\n<p>&nbsp;<\/p>\n<p>&nbsp;<\/p>\n<p><strong>\u00bfQu\u00e9 es la clamidia?<\/strong><\/p>\n<p>&nbsp;<\/p>\n<ul>\n<li>Es una infecci\u00f3n de transmisi\u00f3n sexual causada por una bacteria.<\/li>\n<\/ul>\n<ul>\n<li>Produce s\u00edntomas similares a la gonorrea y tambi\u00e9n se transmite durante las relaciones sexuales vaginales, anales y el sexo oral.<\/li>\n<\/ul>\n<ul>\n<li>En m\u00e1s de la mitad de los casos no produce ning\u00fan s\u00edntoma.<\/li>\n<\/ul>\n<ul>\n<li>El tratamiento consiste en antibi\u00f3ticos.<\/li>\n<\/ul>\n<p>&nbsp;<\/p>\n<p><a href=\"http:\/\/aizu.barakaldo.eus\/wp-content\/uploads\/2015\/03\/clamidia.jpg\"><img loading=\"lazy\" decoding=\"async\" class=\"  wp-image-757 aligncenter\" src=\"http:\/\/aizu.barakaldo.eus\/wp-content\/uploads\/2015\/03\/clamidia.jpg\" alt=\"clamidia\" width=\"282\" height=\"184\" srcset=\"https:\/\/aizu.barakaldo.eus\/wp-content\/uploads\/2015\/03\/clamidia.jpg 118w, https:\/\/aizu.barakaldo.eus\/wp-content\/uploads\/2015\/03\/clamidia-100x65.jpg 100w, https:\/\/aizu.barakaldo.eus\/wp-content\/uploads\/2015\/03\/clamidia-53x35.jpg 53w\" sizes=\"(max-width: 282px) 100vw, 282px\" \/><\/a><\/p>\n<p>&nbsp;<\/p>\n<p>&nbsp;<\/p>\n<p><strong>\u00bfQu\u00e9 es el herpes genital?<\/strong><\/p>\n<p>&nbsp;<\/p>\n<ul>\n<li>Es un virus que se manifiesta en peque\u00f1as ampollas dolorosas y que se transmite a trav\u00e9s de relaciones sexuales vaginales, anales, sexo oral y el contacto \u00edntimo con la piel lesionada.<\/li>\n<\/ul>\n<ul>\n<li>No existe un tratamiento que cure totalmente el herpes pero se utilizan medicamentos antivirales para disminuir la intensidad de los brotes.<\/li>\n<\/ul>\n<p><a href=\"http:\/\/aizu.barakaldo.eus\/wp-content\/uploads\/2015\/03\/herpes.jpg\"><img loading=\"lazy\" decoding=\"async\" class=\"  wp-image-761 aligncenter\" src=\"http:\/\/aizu.barakaldo.eus\/wp-content\/uploads\/2015\/03\/herpes.jpg\" alt=\"herpes\" width=\"360\" height=\"167\" srcset=\"https:\/\/aizu.barakaldo.eus\/wp-content\/uploads\/2015\/03\/herpes.jpg 149w, https:\/\/aizu.barakaldo.eus\/wp-content\/uploads\/2015\/03\/herpes-100x46.jpg 100w, https:\/\/aizu.barakaldo.eus\/wp-content\/uploads\/2015\/03\/herpes-53x25.jpg 53w\" sizes=\"(max-width: 360px) 100vw, 360px\" \/><\/a><\/p>\n<p>&nbsp;<\/p>\n<p>&nbsp;<\/p>\n<p><strong>\u00bfQu\u00e9 es el virus del papiloma humano?<\/strong><\/p>\n<p>&nbsp;<\/p>\n<ul>\n<li>Es un virus que se manifiesta en verrugas en los genitales internos y\/o externos y alrededor del ano.<\/li>\n<\/ul>\n<ul>\n<li>Se transmite a trav\u00e9s de relaciones sexuales vaginales, anales, sexo oral y el contacto \u00edntimo con la piel lesionada.<\/li>\n<\/ul>\n<ul>\n<li>La mayor\u00eda de las infecciones no tiene s\u00edntomas y desaparecen por s\u00ed solas, pero en algunos pocos casos pueden llegar a producir c\u00e1ncer cervical (en el cuello del \u00fatero).<\/li>\n<\/ul>\n<ul>\n<li>En la actualidad este c\u00e1ncer se previene en la mayor\u00eda de los casos a trav\u00e9s de una vacuna que ya est\u00e1 introducida en el calendario vacunal.<\/li>\n<\/ul>\n<p>&nbsp;<\/p>\n<p><a href=\"http:\/\/aizu.barakaldo.eus\/wp-content\/uploads\/2015\/03\/papiloma.jpg\"><img loading=\"lazy\" decoding=\"async\" class=\"  wp-image-764 aligncenter\" src=\"http:\/\/aizu.barakaldo.eus\/wp-content\/uploads\/2015\/03\/papiloma.jpg\" alt=\"papiloma\" width=\"234\" height=\"155\" srcset=\"https:\/\/aizu.barakaldo.eus\/wp-content\/uploads\/2015\/03\/papiloma.jpg 130w, https:\/\/aizu.barakaldo.eus\/wp-content\/uploads\/2015\/03\/papiloma-100x66.jpg 100w, https:\/\/aizu.barakaldo.eus\/wp-content\/uploads\/2015\/03\/papiloma-53x35.jpg 53w\" sizes=\"(max-width: 234px) 100vw, 234px\" \/><\/a><\/p>\n<p>&nbsp;<\/p>\n<p>&nbsp;<\/p>\n<p>Fuente: <a href=\"http:\/\/www.uhinbare.com\/index.php\/es\/sexumuxuko-gaiakokoadernoak\">Gobierno Vasco<\/a><\/p>\n<p>&nbsp;<\/p>\n<!-- AddThis Advanced Settings generic via filter on the_content --><!-- AddThis Share Buttons generic via filter on the_content -->","protected":false},"excerpt":{"rendered":"<p>\u00bfQu\u00e9 son las enfermedades de transmisi\u00f3n sexual (ETS)? &nbsp; Son infecciones que se transmiten durante las relaciones sexuales (relaciones vaginales, anales, contactos buco genitales y contactos \u00edntimos). Est\u00e1n causadas por bacterias, virus, hongos o par\u00e1sitos que crecen principalmente en las mucosas de los \u00f3rganos genitales. &nbsp; &nbsp; LA MAYORIA DE LAS ETS SE PUEDE PREVENIR [&hellip;]<!-- AddThis Advanced Settings generic via filter on get_the_excerpt --><!-- AddThis Share Buttons generic via filter on get_the_excerpt --><\/p>\n","protected":false},"author":5,"featured_media":759,"parent":44,"menu_order":4,"comment_status":"closed","ping_status":"closed","template":"","meta":{"_mc_calendar":[],"footnotes":""},"categories":[],"tags":[],"_links":{"self":[{"href":"https:\/\/aizu.barakaldo.eus\/es\/wp-json\/wp\/v2\/pages\/755"}],"collection":[{"href":"https:\/\/aizu.barakaldo.eus\/es\/wp-json\/wp\/v2\/pages"}],"about":[{"href":"https:\/\/aizu.barakaldo.eus\/es\/wp-json\/wp\/v2\/types\/page"}],"author":[{"embeddable":true,"href":"https:\/\/aizu.barakaldo.eus\/es\/wp-json\/wp\/v2\/users\/5"}],"replies":[{"embeddable":true,"href":"https:\/\/aizu.barakaldo.eus\/es\/wp-json\/wp\/v2\/comments?post=755"}],"version-history":[{"count":11,"href":"https:\/\/aizu.barakaldo.eus\/es\/wp-json\/wp\/v2\/pages\/755\/revisions"}],"predecessor-version":[{"id":1698,"href":"https:\/\/aizu.barakaldo.eus\/es\/wp-json\/wp\/v2\/pages\/755\/revisions\/1698"}],"up":[{"embeddable":true,"href":"https:\/\/aizu.barakaldo.eus\/es\/wp-json\/wp\/v2\/pages\/44"}],"wp:featuredmedia":[{"embeddable":true,"href":"https:\/\/aizu.barakaldo.eus\/es\/wp-json\/wp\/v2\/media\/759"}],"wp:attachment":[{"href":"https:\/\/aizu.barakaldo.eus\/es\/wp-json\/wp\/v2\/media?parent=755"}],"wp:term":[{"taxonomy":"category","embeddable":true,"href":"https:\/\/aizu.barakaldo.eus\/es\/wp-json\/wp\/v2\/categories?post=755"},{"taxonomy":"post_tag","embeddable":true,"href":"https:\/\/aizu.barakaldo.eus\/es\/wp-json\/wp\/v2\/tags?post=755"}],"curies":[{"name":"wp","href":"https:\/\/api.w.org\/{rel}","templated":true}]}}