{"id":887,"date":"2015-03-17T16:38:21","date_gmt":"2015-03-17T16:38:21","guid":{"rendered":"http:\/\/aizu.barakaldo.eus\/?page_id=887"},"modified":"2018-01-03T13:17:54","modified_gmt":"2018-01-03T12:17:54","slug":"test-eres-capaz-de-detectar-la-violencia-psicologica-en-tu-relacion","status":"publish","type":"page","link":"https:\/\/aizu.barakaldo.eus\/es\/sexo\/test-eres-capaz-de-detectar-la-violencia-psicologica-en-tu-relacion\/","title":{"rendered":"Test \u00bfC\u00f3mo tratas a tu pareja?"},"content":{"rendered":"<p>A trav\u00e9s de este test te queremos ayudar a detectar los malos tratos y a ver si t\u00fa los practicas en alguna de sus formas. <\/p>\n<p>1. Coge el Boli.<br \/>\n2. Piensa si alguna vez has hecho algo as\u00ed.<br \/>\n3. Marca SI o NO.<br \/>\n4. S\u00e9 valiente y sincer@, nadie va a ver lo que respondas. Adem\u00e1s te interesa saber como eres. <\/p>\n<p>1. Cuando te pasas con el\/ella te cuesta pedir disculpas. \tSI\tNO<br \/>\n2. En la relaci\u00f3n intentas que las cosas se hagan casi siempre a tu manera. \tSI\tNO<br \/>\n3. Necesitas controlar todo lo que hace tu pareja, le llamas, le buscas, le sigues.\tSI\tNO<br \/>\n4. T\u00fa te permites cosas que en tu pareja te parecen mal y no se las toleras. Por ejemplo, ir de fiesta con tus amig@s.\tSI\tNO<br \/>\n5. No te importa nada saltarte los acuerdos que hab\u00e9is tomado entre los dos. \tSI\tNO<br \/>\n6. Te cuesta reconocer sus cualidades y valorarlas.\tSI\tNO<br \/>\n7. Crees que en una relaci\u00f3n de pareja, est\u00e1 bien que se intente controlar lo que la otra persona piensa.\tSI\tNO<br \/>\n8. No te gusta que el\/ella tenga otras opiniones distintas a las tuyas.\tSI\tNO<br \/>\n9. Te gusta decir cu\u00e1ndo y c\u00f3mo os veis, d\u00f3nde vais\u2026\tSI\tNO<br \/>\n10. Eres celos@, no te cortas y encima le echas la culpa a el\/ella. \tSI\tNO<br \/>\n11. Te pones agresiv@ y despu\u00e9s te comportas como si no hubiera pasado nada. \tSI\tNO<br \/>\n12. En la pareja intentas siempre ser t\u00fa quien lleva las riendas y para eso todo vale aunque a tu pareja le haga da\u00f1o. \tSI\tNO<br \/>\n13. Te cuesta expresar tu admiraci\u00f3n y reconocimiento hacia tu pareja. \tSI\tNO<br \/>\n14. Te cuesta reconocer que algo tienes que cambiar si la has liado.\tSI\tNO<br \/>\n15. Cuando no est\u00e1is de acuerdo, te cabreas y le acusas de llevarte la contraria. \tSI\tNO<\/p>\n<p>SUMA TODAS LAS RESPUESTAS \u201cSI\u201d<\/p>\n<p>SI TODAS LAS RESPUESTAS HAN SIDO \u201cNO\u201d, LO TIENES CLARO, LOS MALOS TRATOS NO TIENEN CABIDA EN TUS RELACIONES.<\/p>\n<li>Si tienes de 1 a 5 \u201cSI\u201d<\/li>\n<p>Es posible que no te des cuenta de que tienes algunas creencias equivocadas sobre las relaciones amorosas y hay cosas que haces mal. <\/p>\n<p><strong>TIENES QUE MEJORAR. PUEDES CONTROLAR TU AGRESIVIDAD.<\/strong><\/p>\n<p>Te puede ayudar hablarlo con tus colegas, o con alguien en quien conf\u00edes. Tambi\u00e9n te puede venir bien informarte y participar en alg\u00fan grupo.<\/p>\n<li>Si tienes de 6 a 10 \u201cSI\u201d<\/li>\n<p>No te comportas bien con tu pareja. Das rienda suelta a tu rabia y le echas la culpa a el\/ella de todos tus problemas. <\/p>\n<p><strong>ESTAS EQUIVOCAD@<\/strong> y aunque no te falten ligues, est\u00e1s muy lejos de ser una buena pareja. Te conviene comentarlo con tus amig@s, con alg\u00fan adulto, alg\u00fan herman@&#8230;<\/p>\n<li>Si tienes de 11 a 15 \u201cSI\u201d<\/li>\n<p><strong><br \/>\nTIENES UN SERIO PROBLEMA<\/strong><\/p>\n<p>Los malos tratos y t\u00fa sois colegas inseparables, <\/p>\n<p>\u00a1Busca ayuda ya!, d\u00edselo a alguien que pueda ayudarte.<br \/>\n<\/p>\n<!-- AddThis Advanced Settings generic via filter on the_content --><!-- AddThis Share Buttons generic via filter on the_content -->","protected":false},"excerpt":{"rendered":"<p>A trav\u00e9s de este test te queremos ayudar a detectar los malos tratos y a ver si t\u00fa los practicas en alguna de sus formas. 1. Coge el Boli. 2. Piensa si alguna vez has hecho algo as\u00ed. 3. Marca SI o NO. 4. S\u00e9 valiente y sincer@, nadie va a ver lo que respondas. [&hellip;]<!-- AddThis Advanced Settings generic via filter on get_the_excerpt --><!-- AddThis Share Buttons generic via filter on get_the_excerpt --><\/p>\n","protected":false},"author":5,"featured_media":2317,"parent":44,"menu_order":7,"comment_status":"closed","ping_status":"closed","template":"","meta":{"_mc_calendar":[],"footnotes":""},"categories":[],"tags":[],"_links":{"self":[{"href":"https:\/\/aizu.barakaldo.eus\/es\/wp-json\/wp\/v2\/pages\/887"}],"collection":[{"href":"https:\/\/aizu.barakaldo.eus\/es\/wp-json\/wp\/v2\/pages"}],"about":[{"href":"https:\/\/aizu.barakaldo.eus\/es\/wp-json\/wp\/v2\/types\/page"}],"author":[{"embeddable":true,"href":"https:\/\/aizu.barakaldo.eus\/es\/wp-json\/wp\/v2\/users\/5"}],"replies":[{"embeddable":true,"href":"https:\/\/aizu.barakaldo.eus\/es\/wp-json\/wp\/v2\/comments?post=887"}],"version-history":[{"count":7,"href":"https:\/\/aizu.barakaldo.eus\/es\/wp-json\/wp\/v2\/pages\/887\/revisions"}],"predecessor-version":[{"id":3901,"href":"https:\/\/aizu.barakaldo.eus\/es\/wp-json\/wp\/v2\/pages\/887\/revisions\/3901"}],"up":[{"embeddable":true,"href":"https:\/\/aizu.barakaldo.eus\/es\/wp-json\/wp\/v2\/pages\/44"}],"wp:featuredmedia":[{"embeddable":true,"href":"https:\/\/aizu.barakaldo.eus\/es\/wp-json\/wp\/v2\/media\/2317"}],"wp:attachment":[{"href":"https:\/\/aizu.barakaldo.eus\/es\/wp-json\/wp\/v2\/media?parent=887"}],"wp:term":[{"taxonomy":"category","embeddable":true,"href":"https:\/\/aizu.barakaldo.eus\/es\/wp-json\/wp\/v2\/categories?post=887"},{"taxonomy":"post_tag","embeddable":true,"href":"https:\/\/aizu.barakaldo.eus\/es\/wp-json\/wp\/v2\/tags?post=887"}],"curies":[{"name":"wp","href":"https:\/\/api.w.org\/{rel}","templated":true}]}}