{"id":888,"date":"2015-03-17T16:47:39","date_gmt":"2015-03-17T16:47:39","guid":{"rendered":"http:\/\/aizu.barakaldo.eus\/?page_id=888"},"modified":"2018-01-03T13:11:51","modified_gmt":"2018-01-03T12:11:51","slug":"la-primera-vez","status":"publish","type":"page","link":"https:\/\/aizu.barakaldo.eus\/es\/sexo\/la-primera-vez\/","title":{"rendered":"La primera vez"},"content":{"rendered":"<p><strong>\u2022 De primeras veces hay muchas\u2026<\/strong><a href=\"http:\/\/aizu.barakaldo.eus\/wp-content\/uploads\/2015\/03\/dedos-corazon.jpg\"><img loading=\"lazy\" decoding=\"async\" class=\" size-full wp-image-1038 alignright\" src=\"http:\/\/aizu.barakaldo.eus\/wp-content\/uploads\/2015\/03\/dedos-corazon.jpg\" alt=\"dedos corazon\" width=\"135\" height=\"180\" srcset=\"https:\/\/aizu.barakaldo.eus\/wp-content\/uploads\/2015\/03\/dedos-corazon.jpg 135w, https:\/\/aizu.barakaldo.eus\/wp-content\/uploads\/2015\/03\/dedos-corazon-75x100.jpg 75w, https:\/\/aizu.barakaldo.eus\/wp-content\/uploads\/2015\/03\/dedos-corazon-40x53.jpg 40w\" sizes=\"(max-width: 135px) 100vw, 135px\" \/><\/a><br \/>\n&#8211; El primer abrazo (<em>\u00a1Que escalofr\u00edo!<\/em>)<br \/>\n&#8211; La primera cita (<em>\u00a1Ay que nervios! \u00bf\u00bfY qu\u00e9 me pongo??<\/em>)<br \/>\n&#8211; El primer beso (<em>\u00bf\u00bf qu\u00e9 hago con la lengua??<\/em>)<br \/>\n&#8211; Los primeros tocamientos (<em>\u00a1Madre m\u00eda, que sofoco!<\/em>)<br \/>\n&#8211; El primer\u2026<\/p>\n<p>&nbsp;<\/p>\n<p>Sexualidad es mucho m\u00e1s que echar un polvo. Son las caricias, la intimidad, los juegos, la afectividad y sobre todo, pas\u00e1rselo bien. No tiene nada que ver con lo que pueda aparecer en una peli porno.<\/p>\n<p>Todos estos juegos, que iniciaremos cuando empezamos a salir con alguien, nos ayudar\u00e1n a conocer nuestro cuerpo, a comprender c\u00f3mo funciona, a aprender a quererlo y a querer a otra persona.<\/p>\n<p>&nbsp;<\/p>\n<p>&nbsp;<\/p>\n<p><strong>\u2022 No tener prisa\u2026<\/strong><\/p>\n<p><a href=\"http:\/\/aizu.barakaldo.eus\/wp-content\/uploads\/2015\/03\/pavo-real.jpg\"><img loading=\"lazy\" decoding=\"async\" class=\" size-full wp-image-1044 alignright\" src=\"http:\/\/aizu.barakaldo.eus\/wp-content\/uploads\/2015\/03\/pavo-real.jpg\" alt=\"pavo real\" width=\"269\" height=\"180\" srcset=\"https:\/\/aizu.barakaldo.eus\/wp-content\/uploads\/2015\/03\/pavo-real.jpg 269w, https:\/\/aizu.barakaldo.eus\/wp-content\/uploads\/2015\/03\/pavo-real-100x67.jpg 100w, https:\/\/aizu.barakaldo.eus\/wp-content\/uploads\/2015\/03\/pavo-real-53x35.jpg 53w\" sizes=\"(max-width: 269px) 100vw, 269px\" \/><\/a><br \/>\nLos besos, roces, caricias, tocamientos\u2026 forman parte del aprendizaje.<\/p>\n<p>Necesitaremos un tiempo para encontrarnos a gusto con el sexo y con nosotros mismos, sentir y hacer sentir. Adem\u00e1s, cada vez que se cambia de pareja, nos puede parecer como si tuvi\u00e9ramos que empezar de nuevo y nos pueden aparecer de nuevo miedos.<\/p>\n<p>No nos relacionamos sexualmente porque es lo que toca, sino porque nos apetece. Debemos esperar el tiempo que haga falta, tener paciencia, de manera que nos sintamos seguros y seguras de lo que hacemos, que podamos decidir libremente cuando es nuestro momento. No tenemos que tener ninguna prisa para tener la primera relaci\u00f3n sexual con penetraci\u00f3n, podemos disfrutar muuuuucho tiempo de las caricias, abrazos, besos, tocarnos con ropa o sin ella.<\/p>\n<p>&nbsp;<\/p>\n<p>&nbsp;<\/p>\n<p><strong>\u2022 Me da cosa\u2026<\/strong><br \/>\nEs normal que, adem\u00e1s de una fuerza que nos empuja, en estas primeras veces podamos sentir una sensaci\u00f3n entre la verg\u00fcenza, la incertidumbre y la incomodidad. No es que sea asco, pero nos da cosa:<br \/>\n&#8211; <strong>\u201c\u00a1\u00a1 Una vez vi una piringa, y era la cosa m\u00e1s horrible del mundo!! \u00bf Y esto se coge con la mano? \u00a1Venga ya! \u00a1Ni hablar!\u201d<\/strong><\/p>\n<p><em><br \/>\nNo pasa nada si nos da cosa tocar el sexo de nuestra pareja. Puede ser que todav\u00eda no estemos preparados\/as, que no estemos acostumbrados\/as o que no estemos con la persona adecuada.<br \/>\nTom\u00e9mosno nuestro tiempo&#8230;<\/em><\/p>\n<p>&nbsp;<\/p>\n<p>&nbsp;<\/p>\n<p>&#8211; <strong>\u201cMe gusta enrollarme con el\/ella\u2026pero lo de desnudarme..\u201d<\/strong><\/p>\n<p><em><br \/>\nEs normal tener verg\u00fcenza o inseguridad al principio ya que estamos acostumbrados a esconder nuestro cuerpo bajo la ropa, pero piensa \u00bf no te sientes a gusto en la playa en bikini o ba\u00f1ador?. Poco a poco te ir\u00e1s acostumbrando.<\/em><\/p>\n<p>&nbsp;<\/p>\n<p><em><br \/>\n&#8211; <strong>\u201c Me encantan las caricias, pero paso de ir m\u00e1s alla\u201d<\/strong><\/em><br \/>\nEst\u00e1 muy bien tener claro hasta donde quieres llegar. Si tu pareja quiere ir m\u00e1s all\u00e1 y t\u00fa no tendr\u00e1 que entenderlo y darte tiempo. Debe respetar tus decisiones.<\/p>\n<p>&nbsp;<\/p>\n<p>&nbsp;<\/p>\n<p><strong>\u2022 Es m\u00e1s sencillo de lo que parece\u2026 se trata de\u2026<\/strong><\/p>\n<p>&nbsp;<\/p>\n<p>1. Pas\u00e1rselo bien (\u00a1Los dos, claro!).<strong><a href=\"http:\/\/aizu.barakaldo.eus\/wp-content\/uploads\/2015\/03\/manos-corazon.jpg\"><img loading=\"lazy\" decoding=\"async\" class=\"  wp-image-1042 alignright\" src=\"http:\/\/aizu.barakaldo.eus\/wp-content\/uploads\/2015\/03\/manos-corazon.jpg\" alt=\"manos corazon\" width=\"194\" height=\"129\" srcset=\"https:\/\/aizu.barakaldo.eus\/wp-content\/uploads\/2015\/03\/manos-corazon.jpg 271w, https:\/\/aizu.barakaldo.eus\/wp-content\/uploads\/2015\/03\/manos-corazon-100x66.jpg 100w, https:\/\/aizu.barakaldo.eus\/wp-content\/uploads\/2015\/03\/manos-corazon-53x35.jpg 53w\" sizes=\"(max-width: 194px) 100vw, 194px\" \/><\/a><\/strong><br \/>\n2. No hacer nunca nada que no nos apetezca.<br \/>\n3. No tener prisa para ir m\u00e1s all\u00e1, se puede adelantar m\u00e1s otro d\u00eda (o noche).<br \/>\n4. Como en todos los juegos \u00a1No hacer trampas!, esto es, respetar y tratar bien a la otra persona.<br \/>\n5. Enrollarse con alguien con quien nos sintamos a gusto.<br \/>\n6. Hablar (con palabras o de otra forma) de lo que queremos y lo que no.<br \/>\n7. Ir descubriendo juntos y sin prisas, qu\u00e9 es lo que nos gusta.<br \/>\n8. No tener verg\u00fcenza a la hora de consultar dudas: con la pareja, con tu hermano mayor, con tu mejor amiga,\u2026 o ir a alg\u00fan centro donde puedas consultar temas relacionados con sexualidad.<br \/>\n9. Tener claro que, desenga\u00f1os tendremos algunos, pero que forma parte de nuestra historia. Nos ayudar\u00e1 a seguir adelante con m\u00e1s experiencia.<\/p>\n<p>&nbsp;<\/p>\n<p>Fuente: <a href=\"http:\/\/www.guiaviolenciadegenero.com\/jovenes.php\">Gu\u00eda violencia de g\u00e9nero <\/a><\/p>\n<!-- AddThis Advanced Settings generic via filter on the_content --><!-- AddThis Share Buttons generic via filter on the_content -->","protected":false},"excerpt":{"rendered":"<p>\u2022 De primeras veces hay muchas\u2026 &#8211; El primer abrazo (\u00a1Que escalofr\u00edo!) &#8211; La primera cita (\u00a1Ay que nervios! \u00bf\u00bfY qu\u00e9 me pongo??) &#8211; El primer beso (\u00bf\u00bf qu\u00e9 hago con la lengua??) &#8211; Los primeros tocamientos (\u00a1Madre m\u00eda, que sofoco!) &#8211; El primer\u2026 &nbsp; Sexualidad es mucho m\u00e1s que echar un polvo. Son las [&hellip;]<!-- AddThis Advanced Settings generic via filter on get_the_excerpt --><!-- AddThis Share Buttons generic via filter on get_the_excerpt --><\/p>\n","protected":false},"author":5,"featured_media":360,"parent":44,"menu_order":1,"comment_status":"closed","ping_status":"closed","template":"","meta":{"_mc_calendar":[],"footnotes":""},"categories":[],"tags":[],"_links":{"self":[{"href":"https:\/\/aizu.barakaldo.eus\/es\/wp-json\/wp\/v2\/pages\/888"}],"collection":[{"href":"https:\/\/aizu.barakaldo.eus\/es\/wp-json\/wp\/v2\/pages"}],"about":[{"href":"https:\/\/aizu.barakaldo.eus\/es\/wp-json\/wp\/v2\/types\/page"}],"author":[{"embeddable":true,"href":"https:\/\/aizu.barakaldo.eus\/es\/wp-json\/wp\/v2\/users\/5"}],"replies":[{"embeddable":true,"href":"https:\/\/aizu.barakaldo.eus\/es\/wp-json\/wp\/v2\/comments?post=888"}],"version-history":[{"count":12,"href":"https:\/\/aizu.barakaldo.eus\/es\/wp-json\/wp\/v2\/pages\/888\/revisions"}],"predecessor-version":[{"id":3895,"href":"https:\/\/aizu.barakaldo.eus\/es\/wp-json\/wp\/v2\/pages\/888\/revisions\/3895"}],"up":[{"embeddable":true,"href":"https:\/\/aizu.barakaldo.eus\/es\/wp-json\/wp\/v2\/pages\/44"}],"wp:featuredmedia":[{"embeddable":true,"href":"https:\/\/aizu.barakaldo.eus\/es\/wp-json\/wp\/v2\/media\/360"}],"wp:attachment":[{"href":"https:\/\/aizu.barakaldo.eus\/es\/wp-json\/wp\/v2\/media?parent=888"}],"wp:term":[{"taxonomy":"category","embeddable":true,"href":"https:\/\/aizu.barakaldo.eus\/es\/wp-json\/wp\/v2\/categories?post=888"},{"taxonomy":"post_tag","embeddable":true,"href":"https:\/\/aizu.barakaldo.eus\/es\/wp-json\/wp\/v2\/tags?post=888"}],"curies":[{"name":"wp","href":"https:\/\/api.w.org\/{rel}","templated":true}]}}