{"id":895,"date":"2015-03-17T17:19:42","date_gmt":"2015-03-17T17:19:42","guid":{"rendered":"http:\/\/aizu.barakaldo.eus\/?page_id=895"},"modified":"2018-01-03T13:13:27","modified_gmt":"2018-01-03T12:13:27","slug":"mitos-y-fantasmadas","status":"publish","type":"page","link":"https:\/\/aizu.barakaldo.eus\/es\/sexo\/mitos-y-fantasmadas\/","title":{"rendered":"Mitos y fantasmadas"},"content":{"rendered":"<p><strong><a href=\"http:\/\/aizu.barakaldo.eus\/wp-content\/uploads\/2015\/03\/fantasmada.png\"><img loading=\"lazy\" decoding=\"async\" class=\"  wp-image-1040 aligncenter\" src=\"http:\/\/aizu.barakaldo.eus\/wp-content\/uploads\/2015\/03\/fantasmada.png\" alt=\"fantasmada\" width=\"274\" height=\"215\" srcset=\"https:\/\/aizu.barakaldo.eus\/wp-content\/uploads\/2015\/03\/fantasmada.png 229w, https:\/\/aizu.barakaldo.eus\/wp-content\/uploads\/2015\/03\/fantasmada-100x79.png 100w, https:\/\/aizu.barakaldo.eus\/wp-content\/uploads\/2015\/03\/fantasmada-53x42.png 53w\" sizes=\"(max-width: 274px) 100vw, 274px\" \/><\/a><\/strong><\/p>\n<p>&nbsp;<\/p>\n<p><strong>&#8230;si la chica no llega al orgasmo no se puede quedar embarazada.<\/strong><br \/>\nNo tiene nada que ver una cosa con la otra. La probabilidad de que haya embarazo depende del momento del ciclo menstrual en el que se encuentre y si se toman o no medidas anticonceptivas.<\/p>\n<p>&nbsp;<\/p>\n<p>&nbsp;<\/p>\n<p><strong>&#8230;si la chica est\u00e1 con la regla, no hay probabilidad de embarazo.<\/strong><br \/>\nCuando la chica est\u00e1 con la regla hay muy pocas posibilidades de embarazo, pero el ciclo menstrual est\u00e1 influenciado, entre otros por factores emocionales que pueden variar el ciclo hormonal y producir una doble ovulaci\u00f3n en un mes. Siempre tenemos que hablar de mayor o menor probabilidad, pero no podemos decir que sea imposible.<\/p>\n<p>&nbsp;<\/p>\n<p>&nbsp;<\/p>\n<p><strong>&#8230;la primera vez, no te puedes quedar embarazada.<\/strong><br \/>\nLa primera vez que tienes una relaci\u00f3n con penetraci\u00f3n existe la misma probabilidad que el resto de las veces. Todo depende del ciclo menstrual en el que se encuentre la chica.<\/p>\n<p>&nbsp;<\/p>\n<p>&nbsp;<\/p>\n<p><strong>&#8230;si lo haces de pie, no hay probabilidad de embarazo.<\/strong><br \/>\nLa probabilidad de embarazo no depende de la postura. Desde el momento que hay penetraci\u00f3n, hay probabilidad de embarazo.<\/p>\n<p>&nbsp;<\/p>\n<p>&nbsp;<\/p>\n<p><strong>&#8230;la marcha atr\u00e1s es un m\u00e9todo anticonceptivo eficaz.<\/strong><br \/>\nLa marcha atr\u00e1s consiste en extraer el pene de la vagina antes de eyacular. Como m\u00e9todo anticonceptivo no es eficaz, porque el hombre antes de eyacular puede segregar algunas gotas que pueden llevar espermatozoides.<br \/>\n\u00a1ANTES DE LLOVER, CHISPEA!<\/p>\n<p>&nbsp;<\/p>\n<p><a href=\"http:\/\/aizu.barakaldo.eus\/wp-content\/uploads\/2015\/03\/pastillas-o-condon.jpg\"><img loading=\"lazy\" decoding=\"async\" class=\" size-full wp-image-1216 aligncenter\" src=\"http:\/\/aizu.barakaldo.eus\/wp-content\/uploads\/2015\/03\/pastillas-o-condon.jpg\" alt=\"pastillas o condon\" width=\"274\" height=\"184\" srcset=\"https:\/\/aizu.barakaldo.eus\/wp-content\/uploads\/2015\/03\/pastillas-o-condon.jpg 274w, https:\/\/aizu.barakaldo.eus\/wp-content\/uploads\/2015\/03\/pastillas-o-condon-100x67.jpg 100w, https:\/\/aizu.barakaldo.eus\/wp-content\/uploads\/2015\/03\/pastillas-o-condon-53x36.jpg 53w\" sizes=\"(max-width: 274px) 100vw, 274px\" \/><\/a><\/p>\n<p>&nbsp;<\/p>\n<p><strong>&#8230;los preservativos son un mal m\u00e9todo anticonceptivo porque se rompen muy frecuentemente y se pierde sensibilidad.<\/strong><br \/>\nEl preservativo utilizado correctamente es un m\u00e9todo preventivo muy eficaz, ya que son los \u00fanicos m\u00e9todos que, adem\u00e1s de prevenir un embarazo no deseado, nos pueden prevenir de enfermedades de transmisi\u00f3n sexual. La mayor\u00eda de las roturas de los preservativos es debido al uso incorrecto que hacemos de \u00e9l. Para evitar su rotura debemos asegurarnos que est\u00e1n homologados, y no caducados, y guardarlo y colocarlo correctamente.<\/p>\n<p>&nbsp;<\/p>\n<p>&nbsp;<\/p>\n<p><strong>&#8230; la p\u00edldora anticonceptiva se toma s\u00f3lo el d\u00eda que vayas a mantener una relaci\u00f3n.<\/strong> La p\u00edldora ha de tomarse todos los d\u00edas mantengas o no relaciones. Para ello es imprescindible que vayas al ginec\u00f3logo\/a.<\/p>\n<p>&nbsp;<\/p>\n<p>&nbsp;<\/p>\n<p><strong>&#8230; la p\u00edldora anticonceptiva previene de enfermedades de transmisi\u00f3n sexual<\/strong><br \/>\nLa p\u00edldora anticonceptiva es uno de los m\u00e9todos anticonceptivos m\u00e1s eficaces pero no previene de enfermedades de transmisi\u00f3n sexual. s\u00f3lo nos previene de un embarazo no deseado.<\/p>\n<p>&nbsp;<\/p>\n<p>&nbsp;<\/p>\n<p><strong>&#8230; s\u00f3lo puedes contagiarte de una enfermedad de transmisi\u00f3n sexual si mantienes muchas relaciones sexuales en poco tiempo y con personas que no conoces.<\/strong><br \/>\nCon una sola relaci\u00f3n, con una persona que est\u00e9 infectada de alguna enfermedad de transmisi\u00f3n sexual (E.T.S.) es posible el contagio. Los principales s\u00edntomas son picores en la zona genital, irritaciones,&#8230; Si te encuentras con alguno de estos s\u00edntomas acude al m\u00e9dico.<\/p>\n<p>&nbsp;<\/p>\n<p>&nbsp;<\/p>\n<p><strong>&#8230;La desaparici\u00f3n de los s\u00edntomas de una enfermedad de transmisi\u00f3n sexual implica que est\u00e1 curada.<\/strong><br \/>\nSi tienes s\u00edntomas caracter\u00edsticos de una ETS, acude al m\u00e9dico lo antes posible. Se te puede pasar en unos d\u00edas sin ir al m\u00e9dico. Pero no lo pases por alto, porque los s\u00edntomas pueden volver con efectos secundarios m\u00e1s fuertes.<br \/>\n<strong>&#8230;el sida es una enfermedad que s\u00f3lo afecta a homosexuales y drogadictos<\/strong><br \/>\nEl VIH no entiende de lo que somos, sino de lo que hacemos.<\/p>\n<p>&nbsp;<\/p>\n<p>&nbsp;<\/p>\n<p><strong>&#8230;una persona si tiene Sida se le nota<\/strong><br \/>\nUna persona seropositiva del VIH, no se le nota nada, Ya que todav\u00eda no ha empezado a desarrollar la enfermedad. A veces ni el\/ella sabe de su estado si no se ha hecho un an\u00e1lisis de sangre.<\/p>\n<p>&nbsp;<\/p>\n<p>&nbsp;<\/p>\n<p><strong>&#8230;la homosexualidad es una enfermedad<\/strong><br \/>\nEs simplemente una alternativa m\u00e1s de vivir la sexualidad. Una alternativa tan respetable como cualquier otra.<\/p>\n<p><a href=\"http:\/\/aizu.barakaldo.eus\/wp-content\/uploads\/2015\/03\/homo2.png\"><img loading=\"lazy\" decoding=\"async\" class=\"alignnone size-full wp-image-1225\" src=\"http:\/\/aizu.barakaldo.eus\/wp-content\/uploads\/2015\/03\/homo2.png\" alt=\"homo2\" width=\"100\" height=\"96\" srcset=\"https:\/\/aizu.barakaldo.eus\/wp-content\/uploads\/2015\/03\/homo2.png 100w, https:\/\/aizu.barakaldo.eus\/wp-content\/uploads\/2015\/03\/homo2-53x51.png 53w\" sizes=\"(max-width: 100px) 100vw, 100px\" \/><\/a> <a href=\"http:\/\/aizu.barakaldo.eus\/wp-content\/uploads\/2015\/03\/homo.png\"><img loading=\"lazy\" decoding=\"async\" class=\"alignnone size-medium wp-image-1226\" src=\"http:\/\/aizu.barakaldo.eus\/wp-content\/uploads\/2015\/03\/homo.png\" alt=\"homo\" width=\"100\" height=\"84\" srcset=\"https:\/\/aizu.barakaldo.eus\/wp-content\/uploads\/2015\/03\/homo.png 100w, https:\/\/aizu.barakaldo.eus\/wp-content\/uploads\/2015\/03\/homo-53x45.png 53w\" sizes=\"(max-width: 100px) 100vw, 100px\" \/><\/a><a href=\"http:\/\/aizu.barakaldo.eus\/wp-content\/uploads\/2015\/03\/homo2.png\"><img loading=\"lazy\" decoding=\"async\" class=\"alignnone size-full wp-image-1225\" src=\"http:\/\/aizu.barakaldo.eus\/wp-content\/uploads\/2015\/03\/homo2.png\" alt=\"homo2\" width=\"100\" height=\"96\" srcset=\"https:\/\/aizu.barakaldo.eus\/wp-content\/uploads\/2015\/03\/homo2.png 100w, https:\/\/aizu.barakaldo.eus\/wp-content\/uploads\/2015\/03\/homo2-53x51.png 53w\" sizes=\"(max-width: 100px) 100vw, 100px\" \/><\/a><a href=\"http:\/\/aizu.barakaldo.eus\/wp-content\/uploads\/2015\/03\/homo.png\"><img loading=\"lazy\" decoding=\"async\" class=\"alignnone size-medium wp-image-1226\" src=\"http:\/\/aizu.barakaldo.eus\/wp-content\/uploads\/2015\/03\/homo.png\" alt=\"homo\" width=\"100\" height=\"84\" srcset=\"https:\/\/aizu.barakaldo.eus\/wp-content\/uploads\/2015\/03\/homo.png 100w, https:\/\/aizu.barakaldo.eus\/wp-content\/uploads\/2015\/03\/homo-53x45.png 53w\" sizes=\"(max-width: 100px) 100vw, 100px\" \/><\/a><a href=\"http:\/\/aizu.barakaldo.eus\/wp-content\/uploads\/2015\/03\/homo2.png\"><img loading=\"lazy\" decoding=\"async\" class=\"alignnone size-full wp-image-1225\" src=\"http:\/\/aizu.barakaldo.eus\/wp-content\/uploads\/2015\/03\/homo2.png\" alt=\"homo2\" width=\"100\" height=\"96\" srcset=\"https:\/\/aizu.barakaldo.eus\/wp-content\/uploads\/2015\/03\/homo2.png 100w, https:\/\/aizu.barakaldo.eus\/wp-content\/uploads\/2015\/03\/homo2-53x51.png 53w\" sizes=\"(max-width: 100px) 100vw, 100px\" \/><\/a><\/p>\n<p>&nbsp;<\/p>\n<p>Fuente: <a href=\"http:\/\/www.guiaviolenciadegenero.com\/jovenes.php\">Gu\u00eda violencia de g\u00e9nero <\/a><\/p>\n<!-- AddThis Advanced Settings generic via filter on the_content --><!-- AddThis Share Buttons generic via filter on the_content -->","protected":false},"excerpt":{"rendered":"<p>&nbsp; &#8230;si la chica no llega al orgasmo no se puede quedar embarazada. No tiene nada que ver una cosa con la otra. La probabilidad de que haya embarazo depende del momento del ciclo menstrual en el que se encuentre y si se toman o no medidas anticonceptivas. &nbsp; &nbsp; &#8230;si la chica est\u00e1 con [&hellip;]<!-- AddThis Advanced Settings generic via filter on get_the_excerpt --><!-- AddThis Share Buttons generic via filter on get_the_excerpt --><\/p>\n","protected":false},"author":5,"featured_media":1225,"parent":44,"menu_order":2,"comment_status":"closed","ping_status":"closed","template":"","meta":{"_mc_calendar":[],"footnotes":""},"categories":[],"tags":[],"_links":{"self":[{"href":"https:\/\/aizu.barakaldo.eus\/es\/wp-json\/wp\/v2\/pages\/895"}],"collection":[{"href":"https:\/\/aizu.barakaldo.eus\/es\/wp-json\/wp\/v2\/pages"}],"about":[{"href":"https:\/\/aizu.barakaldo.eus\/es\/wp-json\/wp\/v2\/types\/page"}],"author":[{"embeddable":true,"href":"https:\/\/aizu.barakaldo.eus\/es\/wp-json\/wp\/v2\/users\/5"}],"replies":[{"embeddable":true,"href":"https:\/\/aizu.barakaldo.eus\/es\/wp-json\/wp\/v2\/comments?post=895"}],"version-history":[{"count":10,"href":"https:\/\/aizu.barakaldo.eus\/es\/wp-json\/wp\/v2\/pages\/895\/revisions"}],"predecessor-version":[{"id":3897,"href":"https:\/\/aizu.barakaldo.eus\/es\/wp-json\/wp\/v2\/pages\/895\/revisions\/3897"}],"up":[{"embeddable":true,"href":"https:\/\/aizu.barakaldo.eus\/es\/wp-json\/wp\/v2\/pages\/44"}],"wp:featuredmedia":[{"embeddable":true,"href":"https:\/\/aizu.barakaldo.eus\/es\/wp-json\/wp\/v2\/media\/1225"}],"wp:attachment":[{"href":"https:\/\/aizu.barakaldo.eus\/es\/wp-json\/wp\/v2\/media?parent=895"}],"wp:term":[{"taxonomy":"category","embeddable":true,"href":"https:\/\/aizu.barakaldo.eus\/es\/wp-json\/wp\/v2\/categories?post=895"},{"taxonomy":"post_tag","embeddable":true,"href":"https:\/\/aizu.barakaldo.eus\/es\/wp-json\/wp\/v2\/tags?post=895"}],"curies":[{"name":"wp","href":"https:\/\/api.w.org\/{rel}","templated":true}]}}