{"id":954,"date":"2015-03-24T16:30:22","date_gmt":"2015-03-24T16:30:22","guid":{"rendered":"http:\/\/aizu.barakaldo.eus\/?page_id=954"},"modified":"2018-01-03T13:20:43","modified_gmt":"2018-01-03T12:20:43","slug":"los-anuncios-de-la-tele","status":"publish","type":"page","link":"https:\/\/aizu.barakaldo.eus\/es\/mm-marcas-y-modas\/los-anuncios-de-la-tele\/","title":{"rendered":"Los anuncios de la tele&#8230;"},"content":{"rendered":"<p>En casi todos los anuncios aparece\u00a0 UNA Y OTRA VEZ LA IMAGEN DEL CHICO O DE LA CHICA PERFECTA (nos dicen que cuerpo est\u00e1 bien y cu\u00e1l no). Incluso para anunciar un coche o un desodorante ponen a una t\u00eda delgada y guapa.<\/p>\n<p>&nbsp;<\/p>\n<p><a href=\"http:\/\/aizu.barakaldo.eus\/wp-content\/uploads\/2015\/03\/julia-robers.jpg\"><img loading=\"lazy\" decoding=\"async\" class=\" size-medium wp-image-996 alignnone\" src=\"http:\/\/aizu.barakaldo.eus\/wp-content\/uploads\/2015\/03\/julia-robers-300x195.jpg\" alt=\"julia robers\" width=\"300\" height=\"195\" srcset=\"https:\/\/aizu.barakaldo.eus\/wp-content\/uploads\/2015\/03\/julia-robers-300x195.jpg 300w, https:\/\/aizu.barakaldo.eus\/wp-content\/uploads\/2015\/03\/julia-robers-100x65.jpg 100w, https:\/\/aizu.barakaldo.eus\/wp-content\/uploads\/2015\/03\/julia-robers-53x34.jpg 53w, https:\/\/aizu.barakaldo.eus\/wp-content\/uploads\/2015\/03\/julia-robers.jpg 550w\" sizes=\"(max-width: 300px) 100vw, 300px\" \/><\/a><a href=\"http:\/\/aizu.barakaldo.eus\/wp-content\/uploads\/2015\/03\/paco-rabanne.jpeg\"><img loading=\"lazy\" decoding=\"async\" class=\" size-medium wp-image-1000 alignright\" src=\"http:\/\/aizu.barakaldo.eus\/wp-content\/uploads\/2015\/03\/paco-rabanne-211x300.jpeg\" alt=\"paco rabanne\" width=\"211\" height=\"300\" srcset=\"https:\/\/aizu.barakaldo.eus\/wp-content\/uploads\/2015\/03\/paco-rabanne-211x300.jpeg 211w, https:\/\/aizu.barakaldo.eus\/wp-content\/uploads\/2015\/03\/paco-rabanne-721x1024.jpeg 721w, https:\/\/aizu.barakaldo.eus\/wp-content\/uploads\/2015\/03\/paco-rabanne-70x100.jpeg 70w, https:\/\/aizu.barakaldo.eus\/wp-content\/uploads\/2015\/03\/paco-rabanne-37x53.jpeg 37w, https:\/\/aizu.barakaldo.eus\/wp-content\/uploads\/2015\/03\/paco-rabanne.jpeg 775w\" sizes=\"(max-width: 211px) 100vw, 211px\" \/><\/a><\/p>\n<p>&nbsp;<\/p>\n<p>Ante esto nos podemos decir:\u201d Me acepto y me gusto as\u00ed como soy\u201d, pero LA TELA NOS DICE: \u00a1 No, no, t\u00fa TIENES QUE TENER EL CUERPO QUE YO TE DIGA\u201d\u2026entonces nosotros preguntamos: \u201c\u00bfAh s\u00ed? \u00bfC\u00f3mo?\u201d y ella nos contesta mostr\u00e1ndonos a trav\u00e9s de anuncios y programas la forma m\u00e1s r\u00e1pida para perder peso, la comida milagrosa, el bistur\u00ed\u2026<\/p>\n<p>&nbsp;<\/p>\n<p><a href=\"http:\/\/aizu.barakaldo.eus\/wp-content\/uploads\/2015\/03\/dietas_milagro_img2.jpg\"><img loading=\"lazy\" decoding=\"async\" class=\" size-medium wp-image-1002 aligncenter\" src=\"http:\/\/aizu.barakaldo.eus\/wp-content\/uploads\/2015\/03\/dietas_milagro_img2-300x119.jpg\" alt=\"dietas_milagro_img2\" width=\"300\" height=\"119\" srcset=\"https:\/\/aizu.barakaldo.eus\/wp-content\/uploads\/2015\/03\/dietas_milagro_img2-300x119.jpg 300w, https:\/\/aizu.barakaldo.eus\/wp-content\/uploads\/2015\/03\/dietas_milagro_img2-100x40.jpg 100w, https:\/\/aizu.barakaldo.eus\/wp-content\/uploads\/2015\/03\/dietas_milagro_img2-53x21.jpg 53w, https:\/\/aizu.barakaldo.eus\/wp-content\/uploads\/2015\/03\/dietas_milagro_img2.jpg 680w\" sizes=\"(max-width: 300px) 100vw, 300px\" \/><\/a><\/p>\n<p>&nbsp;<\/p>\n<p>Conclusi\u00f3n\u2026 aunque en la mayor\u00eda de las ocasiones nos gustamos y queremos a nosotros mismos, SI NO PARAN DE DECIRNOS una y otra vez COMO DEBEMOS SER NOS RESULTA COMPLICADO SENTIRNOS BIEN CON NOSOTROS MISMOS.<\/p>\n<p>\u00bfCu\u00e1ntas personas de las que salen por la tele ves paseando por la calle? LOS ANUNCIOS SON DECORADOS, NO LA REALIDAD.<\/p>\n<p>\u00a1NO TE CREAS TODO LO QUE VES! NO DEJES QUE LA TELE TE DIGA COMO DEBES SER&#8230;<\/p>\n<p>&nbsp;<\/p>\n<p><a href=\"http:\/\/aizu.barakaldo.eus\/wp-content\/uploads\/2015\/03\/photoshop-retoque.jpg\"><img loading=\"lazy\" decoding=\"async\" class=\" size-medium wp-image-1001 aligncenter\" src=\"http:\/\/aizu.barakaldo.eus\/wp-content\/uploads\/2015\/03\/photoshop-retoque-300x159.jpg\" alt=\"photoshop retoque\" width=\"300\" height=\"159\" srcset=\"https:\/\/aizu.barakaldo.eus\/wp-content\/uploads\/2015\/03\/photoshop-retoque-300x159.jpg 300w, https:\/\/aizu.barakaldo.eus\/wp-content\/uploads\/2015\/03\/photoshop-retoque-100x53.jpg 100w, https:\/\/aizu.barakaldo.eus\/wp-content\/uploads\/2015\/03\/photoshop-retoque-53x28.jpg 53w, https:\/\/aizu.barakaldo.eus\/wp-content\/uploads\/2015\/03\/photoshop-retoque.jpg 660w\" sizes=\"(max-width: 300px) 100vw, 300px\" \/><\/a><\/p>\n<!-- AddThis Advanced Settings generic via filter on the_content --><!-- AddThis Share Buttons generic via filter on the_content -->","protected":false},"excerpt":{"rendered":"<p>En casi todos los anuncios aparece\u00a0 UNA Y OTRA VEZ LA IMAGEN DEL CHICO O DE LA CHICA PERFECTA (nos dicen que cuerpo est\u00e1 bien y cu\u00e1l no). Incluso para anunciar un coche o un desodorante ponen a una t\u00eda delgada y guapa. &nbsp; &nbsp; Ante esto nos podemos decir:\u201d Me acepto y me gusto [&hellip;]<!-- AddThis Advanced Settings generic via filter on get_the_excerpt --><!-- AddThis Share Buttons generic via filter on get_the_excerpt --><\/p>\n","protected":false},"author":5,"featured_media":1001,"parent":436,"menu_order":2,"comment_status":"closed","ping_status":"closed","template":"","meta":{"_mc_calendar":[],"footnotes":""},"categories":[],"tags":[],"_links":{"self":[{"href":"https:\/\/aizu.barakaldo.eus\/es\/wp-json\/wp\/v2\/pages\/954"}],"collection":[{"href":"https:\/\/aizu.barakaldo.eus\/es\/wp-json\/wp\/v2\/pages"}],"about":[{"href":"https:\/\/aizu.barakaldo.eus\/es\/wp-json\/wp\/v2\/types\/page"}],"author":[{"embeddable":true,"href":"https:\/\/aizu.barakaldo.eus\/es\/wp-json\/wp\/v2\/users\/5"}],"replies":[{"embeddable":true,"href":"https:\/\/aizu.barakaldo.eus\/es\/wp-json\/wp\/v2\/comments?post=954"}],"version-history":[{"count":14,"href":"https:\/\/aizu.barakaldo.eus\/es\/wp-json\/wp\/v2\/pages\/954\/revisions"}],"predecessor-version":[{"id":3906,"href":"https:\/\/aizu.barakaldo.eus\/es\/wp-json\/wp\/v2\/pages\/954\/revisions\/3906"}],"up":[{"embeddable":true,"href":"https:\/\/aizu.barakaldo.eus\/es\/wp-json\/wp\/v2\/pages\/436"}],"wp:featuredmedia":[{"embeddable":true,"href":"https:\/\/aizu.barakaldo.eus\/es\/wp-json\/wp\/v2\/media\/1001"}],"wp:attachment":[{"href":"https:\/\/aizu.barakaldo.eus\/es\/wp-json\/wp\/v2\/media?parent=954"}],"wp:term":[{"taxonomy":"category","embeddable":true,"href":"https:\/\/aizu.barakaldo.eus\/es\/wp-json\/wp\/v2\/categories?post=954"},{"taxonomy":"post_tag","embeddable":true,"href":"https:\/\/aizu.barakaldo.eus\/es\/wp-json\/wp\/v2\/tags?post=954"}],"curies":[{"name":"wp","href":"https:\/\/api.w.org\/{rel}","templated":true}]}}