{"id":963,"date":"2015-03-24T16:43:10","date_gmt":"2015-03-24T16:43:10","guid":{"rendered":"http:\/\/aizu.barakaldo.eus\/?page_id=963"},"modified":"2018-01-03T13:22:07","modified_gmt":"2018-01-03T12:22:07","slug":"cuando-salimos-de-marcha","status":"publish","type":"page","link":"https:\/\/aizu.barakaldo.eus\/es\/mm-marcas-y-modas\/cuando-salimos-de-marcha\/","title":{"rendered":"Cuando salimos de marcha&#8230;"},"content":{"rendered":"<p><a href=\"http:\/\/aizu.barakaldo.eus\/wp-content\/uploads\/2015\/03\/bailar-en-la-discoteca-fiesta_21-25919054.jpg\"><img loading=\"lazy\" decoding=\"async\" class=\" size-medium wp-image-1085 alignleft\" src=\"http:\/\/aizu.barakaldo.eus\/wp-content\/uploads\/2015\/03\/bailar-en-la-discoteca-fiesta_21-25919054-300x225.jpg\" alt=\"bailar-en-la-discoteca-fiesta_21-25919054\" width=\"300\" height=\"225\" srcset=\"https:\/\/aizu.barakaldo.eus\/wp-content\/uploads\/2015\/03\/bailar-en-la-discoteca-fiesta_21-25919054-300x225.jpg 300w, https:\/\/aizu.barakaldo.eus\/wp-content\/uploads\/2015\/03\/bailar-en-la-discoteca-fiesta_21-25919054-100x75.jpg 100w, https:\/\/aizu.barakaldo.eus\/wp-content\/uploads\/2015\/03\/bailar-en-la-discoteca-fiesta_21-25919054-53x40.jpg 53w, https:\/\/aizu.barakaldo.eus\/wp-content\/uploads\/2015\/03\/bailar-en-la-discoteca-fiesta_21-25919054.jpg 626w\" sizes=\"(max-width: 300px) 100vw, 300px\" \/><\/a><\/p>\n<p>&nbsp;<\/p>\n<p>Cuando vamos a discotecas, nos ponen en el podio a gogos. Todos guap\u00edsimos y guap\u00edsimas, delgadas y musculosos\u2026Ah\u00ed est\u00e1n para que los miremos\u2026como si tuvi\u00e9ramos que compararnos continuamente con esos cuerpazos\u2026<\/p>\n<p>&nbsp;<\/p>\n<p>En estos locales, s\u00f3lo podemos mirar y bailar\u2026casi no podemos hablar con esa m\u00fasica tan alta que nos ponen\u2026el sentido del humor, la inteligencia u otras habilidades no podemos valorarlas en estos lugares.<\/p>\n<p>&nbsp;<\/p>\n<p>A nuestra media naranja dif\u00edcilmente la encontraremos en una discoteca\u2026ser\u00e1 m\u00e1s f\u00e1cil encontrar relaciones de una tarde o noche.<\/p>\n<p>&nbsp;<\/p>\n<p>Quiz\u00e1 incluso nos sintamos mal en un sitio en el que lo que m\u00e1s importa es la est\u00e9tica y lucirnos\u2026puede que no nos guste eso de lucirnos o nos molesta que nos hagan un escaneo con la mirada.<\/p>\n<!-- AddThis Advanced Settings generic via filter on the_content --><!-- AddThis Share Buttons generic via filter on the_content -->","protected":false},"excerpt":{"rendered":"<p>&nbsp; Cuando vamos a discotecas, nos ponen en el podio a gogos. Todos guap\u00edsimos y guap\u00edsimas, delgadas y musculosos\u2026Ah\u00ed est\u00e1n para que los miremos\u2026como si tuvi\u00e9ramos que compararnos continuamente con esos cuerpazos\u2026 &nbsp; En estos locales, s\u00f3lo podemos mirar y bailar\u2026casi no podemos hablar con esa m\u00fasica tan alta que nos ponen\u2026el sentido del humor, [&hellip;]<!-- AddThis Advanced Settings generic via filter on get_the_excerpt --><!-- AddThis Share Buttons generic via filter on get_the_excerpt --><\/p>\n","protected":false},"author":5,"featured_media":1085,"parent":436,"menu_order":4,"comment_status":"closed","ping_status":"closed","template":"","meta":{"_mc_calendar":[],"footnotes":""},"categories":[],"tags":[],"_links":{"self":[{"href":"https:\/\/aizu.barakaldo.eus\/es\/wp-json\/wp\/v2\/pages\/963"}],"collection":[{"href":"https:\/\/aizu.barakaldo.eus\/es\/wp-json\/wp\/v2\/pages"}],"about":[{"href":"https:\/\/aizu.barakaldo.eus\/es\/wp-json\/wp\/v2\/types\/page"}],"author":[{"embeddable":true,"href":"https:\/\/aizu.barakaldo.eus\/es\/wp-json\/wp\/v2\/users\/5"}],"replies":[{"embeddable":true,"href":"https:\/\/aizu.barakaldo.eus\/es\/wp-json\/wp\/v2\/comments?post=963"}],"version-history":[{"count":11,"href":"https:\/\/aizu.barakaldo.eus\/es\/wp-json\/wp\/v2\/pages\/963\/revisions"}],"predecessor-version":[{"id":3908,"href":"https:\/\/aizu.barakaldo.eus\/es\/wp-json\/wp\/v2\/pages\/963\/revisions\/3908"}],"up":[{"embeddable":true,"href":"https:\/\/aizu.barakaldo.eus\/es\/wp-json\/wp\/v2\/pages\/436"}],"wp:featuredmedia":[{"embeddable":true,"href":"https:\/\/aizu.barakaldo.eus\/es\/wp-json\/wp\/v2\/media\/1085"}],"wp:attachment":[{"href":"https:\/\/aizu.barakaldo.eus\/es\/wp-json\/wp\/v2\/media?parent=963"}],"wp:term":[{"taxonomy":"category","embeddable":true,"href":"https:\/\/aizu.barakaldo.eus\/es\/wp-json\/wp\/v2\/categories?post=963"},{"taxonomy":"post_tag","embeddable":true,"href":"https:\/\/aizu.barakaldo.eus\/es\/wp-json\/wp\/v2\/tags?post=963"}],"curies":[{"name":"wp","href":"https:\/\/api.w.org\/{rel}","templated":true}]}}