{"id":1285,"date":"2015-03-31T10:35:32","date_gmt":"2015-03-31T10:35:32","guid":{"rendered":"http:\/\/aizu.barakaldo.eus\/?page_id=1285"},"modified":"2015-05-20T22:48:24","modified_gmt":"2015-05-20T22:48:24","slug":"los-conoces-todos","status":"publish","type":"page","link":"https:\/\/aizu.barakaldo.eus\/eu\/los-conoces-todos\/","title":{"rendered":"Antisorgailu galeria"},"content":{"rendered":"<p><\/p>\n<div data-carousel-extra='{\"blog_id\":1,\"permalink\":\"https:\\\/\\\/aizu.barakaldo.eus\\\/eu\\\/los-conoces-todos\\\/\"}' class=\"tiled-gallery type-rectangular\" data-original-width=\"1032\"><div class=\"gallery-row\" style=\"width: 1027px; height: 557px;\"><div class=\"gallery-group images-1\" style=\"width: 685px; height: 561px;\"><div class=\"tiled-gallery-item tiled-gallery-item-large\"><a href=\"https:\/\/aizu.barakaldo.eus\/eu\/metodos-anticonceptivos-general\/\"><img loading=\"lazy\" decoding=\"async\" data-attachment-id=\"1271\" data-orig-file=\"https:\/\/aizu.barakaldo.eus\/wp-content\/uploads\/2015\/03\/metodos-anticonceptivos-general.jpg\" data-orig-size=\"1377,1127\" data-comments-opened=\"1\" data-image-meta=\"{&quot;aperture&quot;:&quot;0&quot;,&quot;credit&quot;:&quot;&quot;,&quot;camera&quot;:&quot;&quot;,&quot;caption&quot;:&quot;&quot;,&quot;created_timestamp&quot;:&quot;0&quot;,&quot;copyright&quot;:&quot;&quot;,&quot;focal_length&quot;:&quot;0&quot;,&quot;iso&quot;:&quot;0&quot;,&quot;shutter_speed&quot;:&quot;0&quot;,&quot;title&quot;:&quot;&quot;,&quot;orientation&quot;:&quot;1&quot;}\" data-image-title=\"Los conoces todos?\" data-image-description=\"\" data-medium-file=\"https:\/\/aizu.barakaldo.eus\/wp-content\/uploads\/2015\/03\/metodos-anticonceptivos-general-300x246.jpg\" data-large-file=\"https:\/\/aizu.barakaldo.eus\/wp-content\/uploads\/2015\/03\/metodos-anticonceptivos-general-1024x838.jpg\" src=\"https:\/\/aizu.barakaldo.eus\/wp-content\/uploads\/2015\/03\/metodos-anticonceptivos-general-681x557.jpg\" width=\"681\" height=\"557\" align=\"left\" title=\"Los conoces todos?\" \/><\/a><div class=\"tiled-gallery-caption\">Denak ezagutzen dituzu?\/Los conoces todos?<\/div><\/div><\/div><div class=\"gallery-group images-2\" style=\"width: 342px; height: 561px;\"><div class=\"tiled-gallery-item tiled-gallery-item-large\"><a href=\"https:\/\/aizu.barakaldo.eus\/eu\/preservativo-2\/\"><img loading=\"lazy\" decoding=\"async\" data-attachment-id=\"1274\" data-orig-file=\"https:\/\/aizu.barakaldo.eus\/wp-content\/uploads\/2015\/03\/preservativo.jpg\" data-orig-size=\"1377,1127\" data-comments-opened=\"1\" data-image-meta=\"{&quot;aperture&quot;:&quot;0&quot;,&quot;credit&quot;:&quot;&quot;,&quot;camera&quot;:&quot;&quot;,&quot;caption&quot;:&quot;&quot;,&quot;created_timestamp&quot;:&quot;0&quot;,&quot;copyright&quot;:&quot;&quot;,&quot;focal_length&quot;:&quot;0&quot;,&quot;iso&quot;:&quot;0&quot;,&quot;shutter_speed&quot;:&quot;0&quot;,&quot;title&quot;:&quot;&quot;,&quot;orientation&quot;:&quot;1&quot;}\" data-image-title=\"Preservativo\" data-image-description=\"\" data-medium-file=\"https:\/\/aizu.barakaldo.eus\/wp-content\/uploads\/2015\/03\/preservativo-300x246.jpg\" data-large-file=\"https:\/\/aizu.barakaldo.eus\/wp-content\/uploads\/2015\/03\/preservativo-1024x838.jpg\" src=\"https:\/\/aizu.barakaldo.eus\/wp-content\/uploads\/2015\/03\/preservativo-338x277.jpg\" width=\"338\" height=\"277\" align=\"left\" title=\"Preservativo\" \/><\/a><div class=\"tiled-gallery-caption\">Gizonezkoen preserbatiboa\/Preservativo masculino<\/div><\/div><div class=\"tiled-gallery-item tiled-gallery-item-large\"><a href=\"https:\/\/aizu.barakaldo.eus\/eu\/preservativo-f\/\"><img loading=\"lazy\" decoding=\"async\" data-attachment-id=\"1346\" data-orig-file=\"https:\/\/aizu.barakaldo.eus\/wp-content\/uploads\/2015\/04\/preservativo-f.jpg\" data-orig-size=\"1377,1127\" data-comments-opened=\"1\" data-image-meta=\"{&quot;aperture&quot;:&quot;0&quot;,&quot;credit&quot;:&quot;&quot;,&quot;camera&quot;:&quot;&quot;,&quot;caption&quot;:&quot;&quot;,&quot;created_timestamp&quot;:&quot;0&quot;,&quot;copyright&quot;:&quot;&quot;,&quot;focal_length&quot;:&quot;0&quot;,&quot;iso&quot;:&quot;0&quot;,&quot;shutter_speed&quot;:&quot;0&quot;,&quot;title&quot;:&quot;&quot;,&quot;orientation&quot;:&quot;1&quot;}\" data-image-title=\"Preservativo femenino\" data-image-description=\"\" data-medium-file=\"https:\/\/aizu.barakaldo.eus\/wp-content\/uploads\/2015\/04\/preservativo-f-300x246.jpg\" data-large-file=\"https:\/\/aizu.barakaldo.eus\/wp-content\/uploads\/2015\/04\/preservativo-f-1024x838.jpg\" src=\"https:\/\/aizu.barakaldo.eus\/wp-content\/uploads\/2015\/04\/preservativo-f-338x276.jpg\" width=\"338\" height=\"276\" align=\"left\" title=\"Preservativo femenino\" \/><\/a><div class=\"tiled-gallery-caption\">Emakumezkoen preserbatiboa\/Preservativo femenino<\/div><\/div><\/div><\/div><div class=\"gallery-row\" style=\"width: 1027px; height: 277px;\"><div class=\"gallery-group images-1\" style=\"width: 343px; height: 281px;\"><div class=\"tiled-gallery-item tiled-gallery-item-large\"><a href=\"https:\/\/aizu.barakaldo.eus\/eu\/aro\/\"><img loading=\"lazy\" decoding=\"async\" data-attachment-id=\"1268\" data-orig-file=\"https:\/\/aizu.barakaldo.eus\/wp-content\/uploads\/2015\/03\/aro.jpg\" data-orig-size=\"1375,1125\" data-comments-opened=\"1\" data-image-meta=\"{&quot;aperture&quot;:&quot;0&quot;,&quot;credit&quot;:&quot;&quot;,&quot;camera&quot;:&quot;&quot;,&quot;caption&quot;:&quot;&quot;,&quot;created_timestamp&quot;:&quot;0&quot;,&quot;copyright&quot;:&quot;&quot;,&quot;focal_length&quot;:&quot;0&quot;,&quot;iso&quot;:&quot;0&quot;,&quot;shutter_speed&quot;:&quot;0&quot;,&quot;title&quot;:&quot;&quot;,&quot;orientation&quot;:&quot;1&quot;}\" data-image-title=\"Anillo vaginal\" data-image-description=\"\" data-medium-file=\"https:\/\/aizu.barakaldo.eus\/wp-content\/uploads\/2015\/03\/aro-300x245.jpg\" data-large-file=\"https:\/\/aizu.barakaldo.eus\/wp-content\/uploads\/2015\/03\/aro-1024x838.jpg\" src=\"https:\/\/aizu.barakaldo.eus\/wp-content\/uploads\/2015\/03\/aro-339x277.jpg\" width=\"339\" height=\"277\" align=\"left\" title=\"Anillo vaginal\" \/><\/a><div class=\"tiled-gallery-caption\">Baginako eraztuna\/Anillo vaginal<\/div><\/div><\/div><div class=\"gallery-group images-1\" style=\"width: 342px; height: 281px;\"><div class=\"tiled-gallery-item tiled-gallery-item-large\"><a href=\"https:\/\/aizu.barakaldo.eus\/eu\/pildora-2\/\"><img loading=\"lazy\" decoding=\"async\" data-attachment-id=\"1283\" data-orig-file=\"https:\/\/aizu.barakaldo.eus\/wp-content\/uploads\/2015\/03\/p\u00edldora.jpg\" data-orig-size=\"1377,1127\" data-comments-opened=\"1\" data-image-meta=\"{&quot;aperture&quot;:&quot;0&quot;,&quot;credit&quot;:&quot;&quot;,&quot;camera&quot;:&quot;&quot;,&quot;caption&quot;:&quot;&quot;,&quot;created_timestamp&quot;:&quot;0&quot;,&quot;copyright&quot;:&quot;&quot;,&quot;focal_length&quot;:&quot;0&quot;,&quot;iso&quot;:&quot;0&quot;,&quot;shutter_speed&quot;:&quot;0&quot;,&quot;title&quot;:&quot;&quot;,&quot;orientation&quot;:&quot;1&quot;}\" data-image-title=\"P\u00edldora\" data-image-description=\"\" data-medium-file=\"https:\/\/aizu.barakaldo.eus\/wp-content\/uploads\/2015\/03\/p\u00edldora-300x246.jpg\" data-large-file=\"https:\/\/aizu.barakaldo.eus\/wp-content\/uploads\/2015\/03\/p\u00edldora-1024x838.jpg\" src=\"https:\/\/aizu.barakaldo.eus\/wp-content\/uploads\/2015\/03\/\" width=\"338\" height=\"277\" align=\"left\" title=\"P\u00edldora\" \/><\/a><div class=\"tiled-gallery-caption\">Pilula antisorgailua\/Pildora<\/div><\/div><\/div><div class=\"gallery-group images-1\" style=\"width: 342px; height: 281px;\"><div class=\"tiled-gallery-item tiled-gallery-item-large\"><a href=\"https:\/\/aizu.barakaldo.eus\/eu\/parches\/\"><img loading=\"lazy\" decoding=\"async\" data-attachment-id=\"1272\" data-orig-file=\"https:\/\/aizu.barakaldo.eus\/wp-content\/uploads\/2015\/03\/parches.jpg\" data-orig-size=\"1377,1127\" data-comments-opened=\"1\" data-image-meta=\"{&quot;aperture&quot;:&quot;0&quot;,&quot;credit&quot;:&quot;&quot;,&quot;camera&quot;:&quot;&quot;,&quot;caption&quot;:&quot;&quot;,&quot;created_timestamp&quot;:&quot;0&quot;,&quot;copyright&quot;:&quot;&quot;,&quot;focal_length&quot;:&quot;0&quot;,&quot;iso&quot;:&quot;0&quot;,&quot;shutter_speed&quot;:&quot;0&quot;,&quot;title&quot;:&quot;&quot;,&quot;orientation&quot;:&quot;1&quot;}\" data-image-title=\"Parches\" data-image-description=\"\" data-medium-file=\"https:\/\/aizu.barakaldo.eus\/wp-content\/uploads\/2015\/03\/parches-300x246.jpg\" data-large-file=\"https:\/\/aizu.barakaldo.eus\/wp-content\/uploads\/2015\/03\/parches-1024x838.jpg\" src=\"https:\/\/aizu.barakaldo.eus\/wp-content\/uploads\/2015\/03\/parches-338x277.jpg\" width=\"338\" height=\"277\" align=\"left\" title=\"Parches\" \/><\/a><div class=\"tiled-gallery-caption\">Partxe antisorgailua\/Parche<\/div><\/div><\/div><\/div><div class=\"gallery-row\" style=\"width: 1027px; height: 557px;\"><div class=\"gallery-group images-2\" style=\"width: 342px; height: 561px;\"><div class=\"tiled-gallery-item tiled-gallery-item-large\"><a href=\"https:\/\/aizu.barakaldo.eus\/eu\/los-conoces-todos\/diafragma-2\/\"><img loading=\"lazy\" decoding=\"async\" data-attachment-id=\"1384\" data-orig-file=\"https:\/\/aizu.barakaldo.eus\/wp-content\/uploads\/2015\/03\/diafragma.jpg\" data-orig-size=\"1376,1125\" data-comments-opened=\"1\" data-image-meta=\"{&quot;aperture&quot;:&quot;0&quot;,&quot;credit&quot;:&quot;&quot;,&quot;camera&quot;:&quot;&quot;,&quot;caption&quot;:&quot;&quot;,&quot;created_timestamp&quot;:&quot;0&quot;,&quot;copyright&quot;:&quot;&quot;,&quot;focal_length&quot;:&quot;0&quot;,&quot;iso&quot;:&quot;0&quot;,&quot;shutter_speed&quot;:&quot;0&quot;,&quot;title&quot;:&quot;&quot;,&quot;orientation&quot;:&quot;1&quot;}\" data-image-title=\"Diafragma\" data-image-description=\"\" data-medium-file=\"https:\/\/aizu.barakaldo.eus\/wp-content\/uploads\/2015\/03\/diafragma-300x245.jpg\" data-large-file=\"https:\/\/aizu.barakaldo.eus\/wp-content\/uploads\/2015\/03\/diafragma-1024x837.jpg\" src=\"https:\/\/aizu.barakaldo.eus\/wp-content\/uploads\/2015\/03\/diafragma-338x276.jpg\" width=\"338\" height=\"276\" align=\"left\" title=\"Diafragma\" \/><\/a><div class=\"tiled-gallery-caption\">Diafragma\/Diafragma<\/div><\/div><div class=\"tiled-gallery-item tiled-gallery-item-large\"><a href=\"https:\/\/aizu.barakaldo.eus\/eu\/diu-3\/\"><img loading=\"lazy\" decoding=\"async\" data-attachment-id=\"1269\" data-orig-file=\"https:\/\/aizu.barakaldo.eus\/wp-content\/uploads\/2015\/03\/diu.jpg\" data-orig-size=\"1377,1127\" data-comments-opened=\"1\" data-image-meta=\"{&quot;aperture&quot;:&quot;0&quot;,&quot;credit&quot;:&quot;&quot;,&quot;camera&quot;:&quot;&quot;,&quot;caption&quot;:&quot;&quot;,&quot;created_timestamp&quot;:&quot;0&quot;,&quot;copyright&quot;:&quot;&quot;,&quot;focal_length&quot;:&quot;0&quot;,&quot;iso&quot;:&quot;0&quot;,&quot;shutter_speed&quot;:&quot;0&quot;,&quot;title&quot;:&quot;&quot;,&quot;orientation&quot;:&quot;1&quot;}\" data-image-title=\"Diu\" data-image-description=\"\" data-medium-file=\"https:\/\/aizu.barakaldo.eus\/wp-content\/uploads\/2015\/03\/diu-300x246.jpg\" data-large-file=\"https:\/\/aizu.barakaldo.eus\/wp-content\/uploads\/2015\/03\/diu-1024x838.jpg\" src=\"https:\/\/aizu.barakaldo.eus\/wp-content\/uploads\/2015\/03\/diu-338x277.jpg\" width=\"338\" height=\"277\" align=\"left\" title=\"Diu\" \/><\/a><div class=\"tiled-gallery-caption\">DIUa\/DIU<\/div><\/div><\/div><div class=\"gallery-group images-1\" style=\"width: 685px; height: 561px;\"><div class=\"tiled-gallery-item tiled-gallery-item-large\"><a href=\"https:\/\/aizu.barakaldo.eus\/eu\/pildoradiadespues\/\"><img loading=\"lazy\" decoding=\"async\" data-attachment-id=\"1273\" data-orig-file=\"https:\/\/aizu.barakaldo.eus\/wp-content\/uploads\/2015\/03\/pildoradiadespues.jpg\" data-orig-size=\"1377,1127\" data-comments-opened=\"1\" data-image-meta=\"{&quot;aperture&quot;:&quot;0&quot;,&quot;credit&quot;:&quot;&quot;,&quot;camera&quot;:&quot;&quot;,&quot;caption&quot;:&quot;&quot;,&quot;created_timestamp&quot;:&quot;0&quot;,&quot;copyright&quot;:&quot;&quot;,&quot;focal_length&quot;:&quot;0&quot;,&quot;iso&quot;:&quot;0&quot;,&quot;shutter_speed&quot;:&quot;0&quot;,&quot;title&quot;:&quot;&quot;,&quot;orientation&quot;:&quot;1&quot;}\" data-image-title=\"P\u00edldora del d\u00eda despu\u00e9s\" data-image-description=\"\" data-medium-file=\"https:\/\/aizu.barakaldo.eus\/wp-content\/uploads\/2015\/03\/pildoradiadespues-300x246.jpg\" data-large-file=\"https:\/\/aizu.barakaldo.eus\/wp-content\/uploads\/2015\/03\/pildoradiadespues-1024x838.jpg\" src=\"https:\/\/aizu.barakaldo.eus\/wp-content\/uploads\/2015\/03\/pildoradiadespues-681x557.jpg\" width=\"681\" height=\"557\" align=\"left\" title=\"P\u00edldora del d\u00eda despu\u00e9s\" \/><\/a><div class=\"tiled-gallery-caption\">Hurrengo eguneko pilula\/P\u00edldora del d\u00eda despu\u00e9s<\/div><\/div><\/div><\/div><\/div>\n<p><\/p>\n<!-- AddThis Advanced Settings generic via filter on the_content --><!-- AddThis Share Buttons generic via filter on the_content -->","protected":false},"excerpt":{"rendered":"<p><!-- AddThis Advanced Settings generic via filter on get_the_excerpt --><!-- AddThis Share Buttons generic via filter on get_the_excerpt --><\/p>\n","protected":false},"author":5,"featured_media":1271,"parent":0,"menu_order":0,"comment_status":"closed","ping_status":"closed","template":"","meta":{"_mc_calendar":[],"footnotes":""},"categories":[5],"tags":[],"_links":{"self":[{"href":"https:\/\/aizu.barakaldo.eus\/eu\/wp-json\/wp\/v2\/pages\/1285"}],"collection":[{"href":"https:\/\/aizu.barakaldo.eus\/eu\/wp-json\/wp\/v2\/pages"}],"about":[{"href":"https:\/\/aizu.barakaldo.eus\/eu\/wp-json\/wp\/v2\/types\/page"}],"author":[{"embeddable":true,"href":"https:\/\/aizu.barakaldo.eus\/eu\/wp-json\/wp\/v2\/users\/5"}],"replies":[{"embeddable":true,"href":"https:\/\/aizu.barakaldo.eus\/eu\/wp-json\/wp\/v2\/comments?post=1285"}],"version-history":[{"count":10,"href":"https:\/\/aizu.barakaldo.eus\/eu\/wp-json\/wp\/v2\/pages\/1285\/revisions"}],"predecessor-version":[{"id":1859,"href":"https:\/\/aizu.barakaldo.eus\/eu\/wp-json\/wp\/v2\/pages\/1285\/revisions\/1859"}],"wp:featuredmedia":[{"embeddable":true,"href":"https:\/\/aizu.barakaldo.eus\/eu\/wp-json\/wp\/v2\/media\/1271"}],"wp:attachment":[{"href":"https:\/\/aizu.barakaldo.eus\/eu\/wp-json\/wp\/v2\/media?parent=1285"}],"wp:term":[{"taxonomy":"category","embeddable":true,"href":"https:\/\/aizu.barakaldo.eus\/eu\/wp-json\/wp\/v2\/categories?post=1285"},{"taxonomy":"post_tag","embeddable":true,"href":"https:\/\/aizu.barakaldo.eus\/eu\/wp-json\/wp\/v2\/tags?post=1285"}],"curies":[{"name":"wp","href":"https:\/\/api.w.org\/{rel}","templated":true}]}}