{"id":223,"date":"2015-01-29T21:42:08","date_gmt":"2015-01-29T21:42:08","guid":{"rendered":"http:\/\/aizu.barakaldo.eus\/?page_id=223"},"modified":"2018-03-02T13:38:47","modified_gmt":"2018-03-02T12:38:47","slug":"preguntanos","status":"publish","type":"page","link":"https:\/\/aizu.barakaldo.eus\/eu\/preguntanos\/","title":{"rendered":"Nire kezkak&#8230;"},"content":{"rendered":"<p><br \/>\n&nbsp;<\/p>\n<p>Zelako mobida!!! Egia izango ote da? Nire lagunak esaten badit, egia izango da, ezta?<\/p>\n<p>Eta nori galdetuko diot? Bua&#8230; nire gurasoengana heltzen bada!!&#8230;<\/p>\n<p>HAU BURU-BEROTZEA!!!<\/p>\n<p>Uneren batean horrelako egoeraren bat izan baduzu, hemen duzu zure &#8220;kezkak&#8221; planteatzeko, baita zalantzak datozkizunean, nori galdetu ez badakizu, argitzeko aukera ere ematen dizun gunea. GOGORATZEN DIZUGU ATAL HONETAN IDATZITAKOA <strong>MODU PUBLIKOAN<\/strong> GERATUKO DELA, HAU DA, <strong>DANOK IKUSTEKO <\/strong>MODUAN. Zure kezkak modu <strong>PRIBATUAN<\/strong> elkarbanatu nahi izanez gero, beheko parteko eskumaldean laranjaz agertzen den  <strong>&#8220;Galderarik&#8221;<\/strong> atalean sakatu. <\/p>\n<p>Gure aldetik, planteatzen duzun guztiari erantzuten saiatuko gara, benetako informazioa izan dezazun eta ez jendeak esaten duena&#8230;<\/p>\n<p>Hala ere, kontuan izan <a href=\"http:\/\/aizu.barakaldo.eus\/donde-estamos\/?lang=eu\">gure lokalera ere etor zaitezkeela<\/a> gurekin zuzenean hitz egin, eta zure zalantzak planteatu nahi badizkiguzu.<\/p>\n<p>Gaztela-Mantxa kalea, 1 (Barakaldo)<\/p>\n<p>Telefonoa: 94-4377775<\/p>\n<div id=\"askme\">\n        <form id=\"newask\" name=\"newask\" method=\"post\" action=\"\">\n\n            <label for=\"question\" id=\"questionLabel\">Idatzi zure galdera<\/label><br \/>\n            <input type=\"text\" id=\"question\" value=\"\" tabindex=\"1\" size=\"20\" name=\"question\" \/>\n\n            \n            <div class=\"centrar\"><input type=\"submit\" value=Galdetu tabindex=\"6\" id=\"submit\" name=\"submit\" \/><\/div>\n\n            <input type=\"hidden\" name=\"post_type\" id=\"post_type\" value=\"askme\" \/>\n            <input type=\"hidden\" name=\"action\" value=\"post\" \/>\n            <input type=\"hidden\" id=\"_wpnonce\" name=\"_wpnonce\" value=\"7edf8df4a3\" \/><input type=\"hidden\" name=\"_wp_http_referer\" value=\"\/eu\/wp-json\/wp\/v2\/pages\/223\" \/>                    <\/form>\n\n    \n            <div class=\"entry\">\n                <div class=\"question_icon\">\n                                <\/div>              \n                <div class=\"question\">\n                    <h4>Sou un joven de 17 a\u00f1os que hoy me a parado la polic\u00eda 6 me a registrado y me an encontrado con 10 gs y tambi\u00e9n piensan que vendo o algo porque al chico que Le Compre me lo vendi\u00f3 as\u00ed y piensan que vendo pero es para consumo propio y no se que hacer<\/h4>\n                    \n                <\/div>\n\n                <div class=\"answer\">\n                    <div class=\"at-above-post-homepage addthis_tool\" data-url=\"https:\/\/aizu.barakaldo.eus\/eu\/askme\/sou-un-joven-de-17-anos-que-hoy-me-a-parado-la-policia-6-me-a-registrado-y-me-an-encontrado-con-10-gs-y-tambien-piensan-que-vendo-o-algo-porque-al-chico-que-le-compre-me-lo-vendio-asi-y-piensan-que-ve\/\"><\/div><!-- AddThis Advanced Settings above via filter on the_content --><!-- AddThis Advanced Settings below via filter on the_content --><!-- AddThis Advanced Settings generic via filter on the_content --><!-- AddThis Share Buttons above via filter on the_content --><!-- AddThis Share Buttons below via filter on the_content --><div class=\"at-below-post-homepage addthis_tool\" data-url=\"https:\/\/aizu.barakaldo.eus\/eu\/askme\/sou-un-joven-de-17-anos-que-hoy-me-a-parado-la-policia-6-me-a-registrado-y-me-an-encontrado-con-10-gs-y-tambien-piensan-que-vendo-o-algo-porque-al-chico-que-le-compre-me-lo-vendio-asi-y-piensan-que-ve\/\"><\/div><!-- AddThis Share Buttons generic via filter on the_content --><\/p>\n                <\/div>\n            <\/div>\n\n<!-- si meto la pata el contenido va ac\u00e1 -->\n\n          <div class=\"clear\"><\/div>\n\n        \n            <div class=\"entry\">\n                <div class=\"question_icon\">\n                                        <img decoding=\"async\" width=\"25px\" src=\"https:\/\/aizu.barakaldo.eus\/wp-content\/uploads\/2015\/04\/DROGAS-RETOCADA.jpg\"\/>\n                                        <\/div>              \n                <div class=\"question\">\n                    <h4>Soy una joven de barakaldo que lleva consumiendo cannabis aproximadamente un a\u00f1o, la verdad es que creo que tengo un serio problema con esta sustancia ya que he tenido que dejarlo de golpe y esto me esta causando mucho estr\u00e9s. Hay noches en las que sue\u00f1o con ello lo que hace que me despierte con sudores y muy agobiada, mucha gente de confianza me han dicho que tengo que hablar con algun especialista pero me da mucha verg\u00fcenza porque aun que lo este pasando mal me da miedo lo que puedan pensar de mi.<\/h4>\n                    \n                <\/div>\n\n                <div class=\"answer\">\n                    <div class=\"at-above-post-homepage addthis_tool\" data-url=\"https:\/\/aizu.barakaldo.eus\/eu\/askme\/soy-una-joven-de-barakaldo-que-lleva-consumiendo-cannabis-aproximadamente-un-ano-la-verdad-es-que-creo-que-tengo-un-serio-problema-con-esta-sustancia-ya-que-he-tenido-que-dejarlo-de-golpe-y-esto-me-e\/\"><\/div><p class=\"qtranxs-available-languages-message qtranxs-available-languages-message-eu\">Sentitzen dugu, baina sarrera hau <a href=\"https:\/\/aizu.barakaldo.eus\/es\/wp-json\/wp\/v2\/pages\/223\" class=\"qtranxs-available-language-link qtranxs-available-language-link-es\" title=\"Espa\u00f1ol\">Espa\u00f1ol<\/a> bakarrik dago.<\/p>\n<!-- AddThis Advanced Settings above via filter on the_content --><!-- AddThis Advanced Settings below via filter on the_content --><!-- AddThis Advanced Settings generic via filter on the_content --><!-- AddThis Share Buttons above via filter on the_content --><!-- AddThis Share Buttons below via filter on the_content --><div class=\"at-below-post-homepage addthis_tool\" data-url=\"https:\/\/aizu.barakaldo.eus\/eu\/askme\/soy-una-joven-de-barakaldo-que-lleva-consumiendo-cannabis-aproximadamente-un-ano-la-verdad-es-que-creo-que-tengo-un-serio-problema-con-esta-sustancia-ya-que-he-tenido-que-dejarlo-de-golpe-y-esto-me-e\/\"><\/div><!-- AddThis Share Buttons generic via filter on the_content --><\/p>\n                <\/div>\n            <\/div>\n\n<!-- si meto la pata el contenido va ac\u00e1 -->\n\n          <div class=\"clear\"><\/div>\n\n        \n            <div class=\"entry\">\n                <div class=\"question_icon\">\n                                        <img decoding=\"async\" width=\"25px\" src=\"https:\/\/aizu.barakaldo.eus\/wp-content\/uploads\/2015\/04\/DROGAS-RETOCADA.jpg\"\/>\n                                        <\/div>              \n                <div class=\"question\">\n                    <h4>Muy buenas. Soy un joven de Barakaldo que ayer mismo me quitaron 6 puntos del carnet junto con una multa de 1000E. (500 pronto pago). Por un control de drogas que me realizo la guardia civil. Me gustar\u00eda saber de que manera puedo pagar esa multa mas o menos c\u00f3modamente o a plazos. ya que ahora mismo estoy en paro. Tengo 21 a\u00f1os. No se si me podr\u00eda pasar por el local para dar alg\u00fan detalle mas. Gracias de todas formas.<\/h4>\n                    \n                <\/div>\n\n                <div class=\"answer\">\n                    <div class=\"at-above-post-homepage addthis_tool\" data-url=\"https:\/\/aizu.barakaldo.eus\/eu\/askme\/muy-buenas-soy-un-joven-de-barakaldo-que-ayer-mismo-me-quitaron-6-puntos-del-carnet-junto-con-una-multa-de-1000e-500-pronto-pago-por-un-control-de-drogas-que-me-realizo-la-guardia-civil-me-gusta\/\"><\/div><p class=\"qtranxs-available-languages-message qtranxs-available-languages-message-eu\">Sentitzen dugu, baina sarrera hau <a href=\"https:\/\/aizu.barakaldo.eus\/es\/wp-json\/wp\/v2\/pages\/223\" class=\"qtranxs-available-language-link qtranxs-available-language-link-es\" title=\"Espa\u00f1ol\">Espa\u00f1ol<\/a> bakarrik dago.<\/p>\n<!-- AddThis Advanced Settings above via filter on the_content --><!-- AddThis Advanced Settings below via filter on the_content --><!-- AddThis Advanced Settings generic via filter on the_content --><!-- AddThis Share Buttons above via filter on the_content --><!-- AddThis Share Buttons below via filter on the_content --><div class=\"at-below-post-homepage addthis_tool\" data-url=\"https:\/\/aizu.barakaldo.eus\/eu\/askme\/muy-buenas-soy-un-joven-de-barakaldo-que-ayer-mismo-me-quitaron-6-puntos-del-carnet-junto-con-una-multa-de-1000e-500-pronto-pago-por-un-control-de-drogas-que-me-realizo-la-guardia-civil-me-gusta\/\"><\/div><!-- AddThis Share Buttons generic via filter on the_content --><\/p>\n                <\/div>\n            <\/div>\n\n<!-- si meto la pata el contenido va ac\u00e1 -->\n\n          <div class=\"clear\"><\/div>\n\n        \n            <div class=\"entry\">\n                <div class=\"question_icon\">\n                                        <img decoding=\"async\" width=\"25px\" src=\"https:\/\/aizu.barakaldo.eus\/wp-content\/uploads\/2015\/04\/interrogaci\u251c\u2502n-roja-de-to.jpg\"\/>\n                                        <\/div>              \n                <div class=\"question\">\n                    <h4>\u00bfcu\u00e1l es vuestro horario de atenci\u00f3n?<\/h4>\n                    \n                <\/div>\n\n                <div class=\"answer\">\n                    <div class=\"at-above-post-homepage addthis_tool\" data-url=\"https:\/\/aizu.barakaldo.eus\/eu\/askme\/cual-es-vuestro-horario-de-atencion\/\"><\/div><p class=\"qtranxs-available-languages-message qtranxs-available-languages-message-eu\">Sentitzen dugu, baina sarrera hau <a href=\"https:\/\/aizu.barakaldo.eus\/es\/wp-json\/wp\/v2\/pages\/223\" class=\"qtranxs-available-language-link qtranxs-available-language-link-es\" title=\"Espa\u00f1ol\">Espa\u00f1ol<\/a> bakarrik dago.<\/p>\n<!-- AddThis Advanced Settings above via filter on the_content --><!-- AddThis Advanced Settings below via filter on the_content --><!-- AddThis Advanced Settings generic via filter on the_content --><!-- AddThis Share Buttons above via filter on the_content --><!-- AddThis Share Buttons below via filter on the_content --><div class=\"at-below-post-homepage addthis_tool\" data-url=\"https:\/\/aizu.barakaldo.eus\/eu\/askme\/cual-es-vuestro-horario-de-atencion\/\"><\/div><!-- AddThis Share Buttons generic via filter on the_content --><\/p>\n                <\/div>\n            <\/div>\n\n<!-- si meto la pata el contenido va ac\u00e1 -->\n\n          <div class=\"clear\"><\/div>\n\n        \n            <div class=\"entry\">\n                <div class=\"question_icon\">\n                                        <img decoding=\"async\" width=\"25px\" src=\"https:\/\/aizu.barakaldo.eus\/wp-content\/uploads\/2015\/04\/interrogaci\u251c\u2502n-roja-de-to.jpg\"\/>\n                                        <\/div>              \n                <div class=\"question\">\n                    <h4>GOGORATZEN DIZUGU ATAL HONETAN IDATZITAKOA MODU PUBLIKOAN GERATUKO DELA, HAU DA, DANOK IKUSTEKO MODUAN. Zure kezkak modu PRIBATUAN elkarbanatu nahi izanez gero, etorri gure lokalera (Etxatxu kalea, 10-Errontegiko frontoiaren ondoan), deitu 944789272-ra edo idatzi aizubarakaldo@gmail.com helbidera<\/h4>\n                    \n                <\/div>\n\n                <div class=\"answer\">\n                    <div class=\"at-above-post-homepage addthis_tool\" data-url=\"https:\/\/aizu.barakaldo.eus\/eu\/askme\/recordatorio\/\"><\/div><!-- AddThis Advanced Settings above via filter on the_content --><!-- AddThis Advanced Settings below via filter on the_content --><!-- AddThis Advanced Settings generic via filter on the_content --><!-- AddThis Share Buttons above via filter on the_content --><!-- AddThis Share Buttons below via filter on the_content --><div class=\"at-below-post-homepage addthis_tool\" data-url=\"https:\/\/aizu.barakaldo.eus\/eu\/askme\/recordatorio\/\"><\/div><!-- AddThis Share Buttons generic via filter on the_content --><\/p>\n                <\/div>\n            <\/div>\n\n<!-- si meto la pata el contenido va ac\u00e1 -->\n\n          <div class=\"clear\"><\/div>\n\n                                                        <div class=\"askme_pagination\"><span>3tik 1a <\/span>\n                                                    <span class=\"current\">1<\/span>\n                                            <a href=\"https:\/\/aizu.barakaldo.eus\/eu\/wp-json\/wp\/v2\/pages\/223\/page\/2\/\" class=\"inactive\">2<\/a>\n                                            <a href=\"https:\/\/aizu.barakaldo.eus\/eu\/wp-json\/wp\/v2\/pages\/223\/page\/3\/\" class=\"inactive\">3<\/a>\n                                    <a href=\"https:\/\/aizu.barakaldo.eus\/eu\/wp-json\/wp\/v2\/pages\/223\/page\/2\/\">&rsaquo;<\/a>\n                    <\/div>\n            <\/div> <!-- Ende Askme Div -->\n    <\/p>","protected":false},"excerpt":{"rendered":"<p>&nbsp; Zelako mobida!!! Egia izango ote da? Nire lagunak esaten badit, egia izango da, ezta? Eta nori galdetuko diot? Bua&#8230; nire gurasoengana heltzen bada!!&#8230; HAU BURU-BEROTZEA!!! Uneren batean horrelako egoeraren bat izan baduzu, hemen duzu zure &#8220;kezkak&#8221; planteatzeko, baita zalantzak datozkizunean, nori galdetu ez badakizu, argitzeko aukera ere ematen dizun gunea. GOGORATZEN DIZUGU ATAL HONETAN [&hellip;]<!-- AddThis Advanced Settings generic via filter on get_the_excerpt --><!-- AddThis Share Buttons generic via filter on get_the_excerpt --><\/p>\n","protected":false},"author":5,"featured_media":4611,"parent":0,"menu_order":2,"comment_status":"closed","ping_status":"closed","template":"","meta":{"_mc_calendar":[],"footnotes":""},"categories":[],"tags":[],"_links":{"self":[{"href":"https:\/\/aizu.barakaldo.eus\/eu\/wp-json\/wp\/v2\/pages\/223"}],"collection":[{"href":"https:\/\/aizu.barakaldo.eus\/eu\/wp-json\/wp\/v2\/pages"}],"about":[{"href":"https:\/\/aizu.barakaldo.eus\/eu\/wp-json\/wp\/v2\/types\/page"}],"author":[{"embeddable":true,"href":"https:\/\/aizu.barakaldo.eus\/eu\/wp-json\/wp\/v2\/users\/5"}],"replies":[{"embeddable":true,"href":"https:\/\/aizu.barakaldo.eus\/eu\/wp-json\/wp\/v2\/comments?post=223"}],"version-history":[{"count":27,"href":"https:\/\/aizu.barakaldo.eus\/eu\/wp-json\/wp\/v2\/pages\/223\/revisions"}],"predecessor-version":[{"id":4502,"href":"https:\/\/aizu.barakaldo.eus\/eu\/wp-json\/wp\/v2\/pages\/223\/revisions\/4502"}],"wp:featuredmedia":[{"embeddable":true,"href":"https:\/\/aizu.barakaldo.eus\/eu\/wp-json\/wp\/v2\/media\/4611"}],"wp:attachment":[{"href":"https:\/\/aizu.barakaldo.eus\/eu\/wp-json\/wp\/v2\/media?parent=223"}],"wp:term":[{"taxonomy":"category","embeddable":true,"href":"https:\/\/aizu.barakaldo.eus\/eu\/wp-json\/wp\/v2\/categories?post=223"},{"taxonomy":"post_tag","embeddable":true,"href":"https:\/\/aizu.barakaldo.eus\/eu\/wp-json\/wp\/v2\/tags?post=223"}],"curies":[{"name":"wp","href":"https:\/\/api.w.org\/{rel}","templated":true}]}}