{"id":772,"date":"2015-03-03T17:05:54","date_gmt":"2015-03-03T17:05:54","guid":{"rendered":"http:\/\/aizu.barakaldo.eus\/?page_id=772"},"modified":"2015-04-30T11:24:13","modified_gmt":"2015-04-30T11:24:13","slug":"juegos-de-azar","status":"publish","type":"page","link":"https:\/\/aizu.barakaldo.eus\/eu\/adicciones-sin-sustancias\/juegos-de-azar\/","title":{"rendered":"Ausazko jokoak"},"content":{"rendered":"<p><\/p>\n<p>Jokoarekin entretenitu eta dibertitu egiten gara, harremanak egiten ikasten dugu, gure sormena garatzen dugu eta sentitzen duguna azaltzen ikasten dugu. Zenbaitetan, jokoak emozio gehiago izan dezan, hainbat elementu sartzen ditugu; esate baterako, <strong>apustua<\/strong>, <strong>patua<\/strong> eta <strong>arriskua<\/strong>. Halako joko-motak ausazko joko izendatzen dira.<\/p>\n<p>&nbsp;<\/p>\n<p>&nbsp;<\/p>\n<p><a href=\"http:\/\/aizu.barakaldo.eus\/wp-content\/uploads\/2015\/03\/perros-poker.jpg\"><img loading=\"lazy\" decoding=\"async\" class=\"  wp-image-1303 aligncenter\" src=\"http:\/\/aizu.barakaldo.eus\/wp-content\/uploads\/2015\/03\/perros-poker.jpg\" alt=\"perros poker\" width=\"371\" height=\"278\" srcset=\"https:\/\/aizu.barakaldo.eus\/wp-content\/uploads\/2015\/03\/perros-poker.jpg 259w, https:\/\/aizu.barakaldo.eus\/wp-content\/uploads\/2015\/03\/perros-poker-100x75.jpg 100w, https:\/\/aizu.barakaldo.eus\/wp-content\/uploads\/2015\/03\/perros-poker-53x40.jpg 53w\" sizes=\"(max-width: 371px) 100vw, 371px\" \/><\/a><\/p>\n<p>&nbsp;<\/p>\n<p><ins datetime=\"2015-03-31T14:28:36+00:00\"><strong>AUSAZKO JOKOAK ETA GAZTEAK<\/strong><\/ins><\/p>\n<p>Gaur egun oso zabala da jokorako eskaintza. Gustu guztietarako jokoak daude. Makina txanponjaleak, kirol-apustuak, loteriak, kasinoak eta pokerra dira gazteei erakargarrien zaizkien jokoak.<\/p>\n<p>&nbsp;<\/p>\n<p>Honatx jokoarekiko erakargarritasun hori izateko zenbait arrazoi:<\/p>\n<p>&#8211; <strong>Dirua errez irabaztea<\/strong><a href=\"http:\/\/aizu.barakaldo.eus\/wp-content\/uploads\/2015\/03\/billetes.jpg\"><img loading=\"lazy\" decoding=\"async\" class=\"  wp-image-1306 alignright\" src=\"http:\/\/aizu.barakaldo.eus\/wp-content\/uploads\/2015\/03\/billetes.jpg\" alt=\"billetes\" width=\"287\" height=\"205\" srcset=\"https:\/\/aizu.barakaldo.eus\/wp-content\/uploads\/2015\/03\/billetes.jpg 266w, https:\/\/aizu.barakaldo.eus\/wp-content\/uploads\/2015\/03\/billetes-100x71.jpg 100w, https:\/\/aizu.barakaldo.eus\/wp-content\/uploads\/2015\/03\/billetes-53x38.jpg 53w\" sizes=\"(max-width: 287px) 100vw, 287px\" \/><\/a><\/p>\n<p>&#8211; <strong>Helduago sentitzea<\/strong>. Ausazko jokoak helduei zuzendutako jokoak dira. Legeak ez du baimentzen adinez txikikoak halako jokoetan ibil daitezen.<\/p>\n<p>&#8211; <strong>Jakin-mina<\/strong>. Orokorki, interesa eta jakin-mina izaten dugu ezezaguna zaigunaren aurrean.<\/p>\n<p>&#8211; <strong>Emozio berriak<\/strong> izateko eta ezohiko zerbait egiteko asmoa. Zenbait mutikori ez zaie erakargarri suertatzen alkoholaren edo bestelako substantzien kontsumoa. Horregatik, drogaren munduarekin zerikusirik ez duten bestelako gauza batzuk probatu nahi dituzte.<\/p>\n<p><a href=\"http:\/\/aizu.barakaldo.eus\/wp-content\/uploads\/2015\/03\/consumismo.png\"><img loading=\"lazy\" decoding=\"async\" class=\"  wp-image-1310 alignleft\" src=\"http:\/\/aizu.barakaldo.eus\/wp-content\/uploads\/2015\/03\/consumismo.png\" alt=\"consumismo\" width=\"196\" height=\"147\" srcset=\"https:\/\/aizu.barakaldo.eus\/wp-content\/uploads\/2015\/03\/consumismo.png 259w, https:\/\/aizu.barakaldo.eus\/wp-content\/uploads\/2015\/03\/consumismo-100x75.png 100w, https:\/\/aizu.barakaldo.eus\/wp-content\/uploads\/2015\/03\/consumismo-53x40.png 53w\" sizes=\"(max-width: 196px) 100vw, 196px\" \/><\/a><\/p>\n<p>&nbsp;<\/p>\n<p>&nbsp;<\/p>\n<p>&#8211; <strong>Kontsumismoa<\/strong>&#8230; publizitateak bultzatzen gaitu gustatzen zaigun guztian dirua xahutzeko: jokoa, arropa, musika, irteerak\u2026<\/p>\n<p>&nbsp;<\/p>\n<p>&nbsp;<\/p>\n<p><ins datetime=\"2015-03-31T14:28:36+00:00\"><strong>JOKOAREKIKO PENTSAMENDUAK&#8230;.<a href=\"http:\/\/aizu.barakaldo.eus\/wp-content\/uploads\/2015\/03\/dados-saltando.jpg\"><img loading=\"lazy\" decoding=\"async\" class=\" size-full wp-image-1025 alignright\" src=\"http:\/\/aizu.barakaldo.eus\/wp-content\/uploads\/2015\/03\/dados-saltando.jpg\" alt=\"dados saltando\" width=\"288\" height=\"180\" srcset=\"https:\/\/aizu.barakaldo.eus\/wp-content\/uploads\/2015\/03\/dados-saltando.jpg 288w, https:\/\/aizu.barakaldo.eus\/wp-content\/uploads\/2015\/03\/dados-saltando-100x63.jpg 100w, https:\/\/aizu.barakaldo.eus\/wp-content\/uploads\/2015\/03\/dados-saltando-53x33.jpg 53w\" sizes=\"(max-width: 288px) 100vw, 288px\" \/><\/a><\/strong><\/ins><\/p>\n<p><em>\u201cJokoaren emozioak liluratu egiten nau\u201d<\/em><\/p>\n<p><em> \u201cBadakit sari handi batek nire arazo guztiak konponduko lituzkeela\u201d<\/em><\/p>\n<p><em> \u201cIrabazten dudanean garrantzitsua sentitzen naiz. Atsegin dut nire familia<\/em><\/p>\n<p><em> eta lagunak gonbidatzea\u201d<\/em><\/p>\n<p><em> \u201cSistema segurua dut. Denborarekin badakit berriz irabaziko dudala\u201d<\/em><\/p>\n<p><em> \u201cNire arazoak eta samina une batez ahazten laguntzen dit\u201d<\/em><\/p>\n<p><em> \u201cBizitza honetan niretzat egiten ditudan gauzetako bat da. Jokatzen dudanean,<\/em><\/p>\n<p><em> nirea da kontrola\u201d<\/em><\/p>\n<p><em> \u201cNire lagun guztiek jokatzen dute ausazko jokoetan\u201d<\/em><\/p>\n<p>&nbsp;<\/p>\n<p><strong>KONTUZ PENTSAMENDU HORIEKIN!! KONTURATU GABE JOKOAREN MENDERA ERORI AHAL ZARA&#8230;<\/strong><\/p>\n<p>&nbsp;<\/p>\n<p>Iturria: <a href=\"http:\/\/www.onlinezurekin.org\">Asociaci\u00f3n alavesa de jugadores en rehabilitaci\u00f3n <\/a><\/p>\n<p>&nbsp;<\/p>\n<p><strong><u>KONTUZ!!! ADI EGON <\/u><\/strong><\/p>\n<p><a href=\"http:\/\/aizu.barakaldo.eus\/wp-content\/uploads\/2015\/03\/aviso.jpg\"><img loading=\"lazy\" decoding=\"async\" class=\"  wp-image-1313 alignleft\" src=\"http:\/\/aizu.barakaldo.eus\/wp-content\/uploads\/2015\/03\/aviso.jpg\" alt=\"aviso\" width=\"183\" height=\"183\" srcset=\"https:\/\/aizu.barakaldo.eus\/wp-content\/uploads\/2015\/03\/aviso.jpg 120w, https:\/\/aizu.barakaldo.eus\/wp-content\/uploads\/2015\/03\/aviso-100x100.jpg 100w, https:\/\/aizu.barakaldo.eus\/wp-content\/uploads\/2015\/03\/aviso-53x53.jpg 53w\" sizes=\"(max-width: 183px) 100vw, 183px\" \/><\/a><\/p>\n<p>&#8211; Azkenaldian diru asko xahutzen ari zara online bidezko apustuetan, bai eta pokerrean ere.<br \/>\n&#8211; Gurasoei, amamari edo neba-arrebei dirua hartzen diezu ezkutuan.<br \/>\n&#8211; Gezurra esan behar duzu ez esateko apustuak egiten eta pokerrean jokatzen orduak ematen dituzula gauerdira arte.<br \/>\n&#8211; Zure betiko lagunekiko harremana hoztu egin da eta gustuko izan dituzun jarduera batzuk albo batera utzi dituzu (futbola, dantza, antzerkia&#8230;).<br \/>\n&#8211; Antsietate eta urduritasun sintomak dituzu, umore aldaketa, ez duzu ondo lo egiten&#8230;<br \/>\n&#8211; Familiarekiko harremana ez da lehengoa&#8230;<\/p>\n<p>&nbsp;<\/p>\n<p><strong>&#8230; horrek jokoarekin arazoak izaten hasita zaudela adieraz dezake.<\/strong><\/p>\n<p><strong>Kontaiozu konfiantzazko norbaiti edo eskatu laguntza!<\/strong><\/p>\n<p>&nbsp;<\/p>\n<p>Iturria: Gu\u00eda de buenas pr\u00e1cticas del uso de las Tecnolog\u00edas de la Informaci\u00f3n y del juego online.<\/p>\n<p>&nbsp;<\/p>\n<p>&nbsp;<\/p>\n<p><strong><u>JOKOAN JARDUNGO BADUZU&#8230;<\/u><\/strong><\/p>\n<p>&nbsp;<\/p>\n<ol>\n<li>Gogora ezazu jokoan modu arduratsuan eta ondo pasatzen diharduen jendea egon arren, jokatzeko modua <strong>kontrolatu ezin duena ere badagoela.<\/strong> Horrela <strong>jokatzen dutenak arriskuan daude<\/strong> edo jokoarekiko mendekotasunean eror daitezke.<\/li>\n<li>Jokoan jardungo baduzu, <strong>ondo pasatzeko izan dadila<\/strong>. Ez jokatu irabazteko xedez, inoiz ere ezin baitituzu ziurtatu amestutako emaitzak.<\/li>\n<li>Zure <strong>arazoak<\/strong> konpontzeko jokatzen baduzu, beharbada tartetxo batez ahaztuko dituzu, baina hor jarraituko dute.<\/li>\n<li>Jokoan hasi aurretik, erabaki <strong>zenbat denbora<\/strong> emango duzun, bai eta <strong>zenbat diru<\/strong> inbertituko duzun ere. Jokoa ez dadila beste jarduera garrantzitsu batzuk egiteko oztopo izan. Ez ezazu beste gauza batzuetarako behar duzun dirua gastatu!!!<\/li>\n<li>Jokoa ez dadila<strong> zure erantzukizunak<\/strong> betetzeko oztopo izan.<\/li>\n<li><strong>Galdetu zeure buruari<\/strong> zenbat jokatzen ari zaren eta tartekatu jokoa eta ondo sentiarazten zaituzten beste jarduera batzuk. Ondo pasatzeko modu asko daude.<\/li>\n<\/ol>\n<p>&nbsp;<\/p>\n<p><strong>ZEUK MENDERATU JOKOA!<\/strong> <strong>EZ UTZI JOKOAK MENDERA ZAITZAN!\u00a0\u00a0 <\/strong><\/p>\n<p>&nbsp;<\/p>\n<p>Iturria: Adaptaci\u00f3n del Dec\u00e1logo del Juego Responsable elaborado por la Mesa del Juego Responsable.<\/p>\n<p>&nbsp;<\/p>\n<p><\/p>\n<!-- AddThis Advanced Settings generic via filter on the_content --><!-- AddThis Share Buttons generic via filter on the_content -->","protected":false},"excerpt":{"rendered":"<p>Jokoarekin entretenitu eta dibertitu egiten gara, harremanak egiten ikasten dugu, gure sormena garatzen dugu eta sentitzen duguna azaltzen ikasten dugu. Zenbaitetan, jokoak emozio gehiago izan dezan, hainbat elementu sartzen ditugu; esate baterako, apustua, patua eta arriskua. Halako joko-motak ausazko joko izendatzen dira. &nbsp; &nbsp; &nbsp; AUSAZKO JOKOAK ETA GAZTEAK Gaur egun oso zabala da jokorako [&hellip;]<!-- AddThis Advanced Settings generic via filter on get_the_excerpt --><!-- AddThis Share Buttons generic via filter on get_the_excerpt --><\/p>\n","protected":false},"author":5,"featured_media":773,"parent":46,"menu_order":1,"comment_status":"closed","ping_status":"closed","template":"","meta":{"_mc_calendar":[],"footnotes":""},"categories":[],"tags":[],"_links":{"self":[{"href":"https:\/\/aizu.barakaldo.eus\/eu\/wp-json\/wp\/v2\/pages\/772"}],"collection":[{"href":"https:\/\/aizu.barakaldo.eus\/eu\/wp-json\/wp\/v2\/pages"}],"about":[{"href":"https:\/\/aizu.barakaldo.eus\/eu\/wp-json\/wp\/v2\/types\/page"}],"author":[{"embeddable":true,"href":"https:\/\/aizu.barakaldo.eus\/eu\/wp-json\/wp\/v2\/users\/5"}],"replies":[{"embeddable":true,"href":"https:\/\/aizu.barakaldo.eus\/eu\/wp-json\/wp\/v2\/comments?post=772"}],"version-history":[{"count":25,"href":"https:\/\/aizu.barakaldo.eus\/eu\/wp-json\/wp\/v2\/pages\/772\/revisions"}],"predecessor-version":[{"id":1722,"href":"https:\/\/aizu.barakaldo.eus\/eu\/wp-json\/wp\/v2\/pages\/772\/revisions\/1722"}],"up":[{"embeddable":true,"href":"https:\/\/aizu.barakaldo.eus\/eu\/wp-json\/wp\/v2\/pages\/46"}],"wp:featuredmedia":[{"embeddable":true,"href":"https:\/\/aizu.barakaldo.eus\/eu\/wp-json\/wp\/v2\/media\/773"}],"wp:attachment":[{"href":"https:\/\/aizu.barakaldo.eus\/eu\/wp-json\/wp\/v2\/media?parent=772"}],"wp:term":[{"taxonomy":"category","embeddable":true,"href":"https:\/\/aizu.barakaldo.eus\/eu\/wp-json\/wp\/v2\/categories?post=772"},{"taxonomy":"post_tag","embeddable":true,"href":"https:\/\/aizu.barakaldo.eus\/eu\/wp-json\/wp\/v2\/tags?post=772"}],"curies":[{"name":"wp","href":"https:\/\/api.w.org\/{rel}","templated":true}]}}